{"id":1751,"date":"2025-11-12T06:53:06","date_gmt":"2025-11-12T06:53:06","guid":{"rendered":"https:\/\/gangstasino.org\/app\/"},"modified":"2025-11-12T09:22:50","modified_gmt":"2025-11-12T09:22:50","slug":"app","status":"publish","type":"page","link":"https:\/\/gangstasino.org\/de\/app\/","title":{"rendered":"App"},"content":{"rendered":"<h1>Gangstasino-App f\u00fcr iOS, Android und PC<\/h1>\n<p>Mit der Gangstasino App k\u00f6nnen Sie Ihr gesamtes Spielerlebnis auf Ihr Mobilger\u00e4t \u00fcbertragen. Die App bietet dieselben Funktionen wie die Browser-Version. Wir haben die Benutzeroberfl\u00e4che der App f\u00fcr alle Ger\u00e4te anpassungsf\u00e4hig gestaltet. Wenn Sie von \u00fcberall aus schnellen Zugriff auf das Gangstasino Casino haben m\u00f6chten, sollten Sie die App installieren.<\/p>\n<p><div class=\"banner-wrap\" aria-label=\"Banner\"><img src=\"https:\/\/gangstasino.org\/wp-content\/uploads\/2025\/11\/Gangstasino-Banner-Desktop.webp\" class=\"w-100 d-none d-lg-block img-pc main-banner-img\" alt=\"Gangstasino bonus desktop\" fetchpriority=\"high\" decoding=\"async\"><img src=\"https:\/\/gangstasino.org\/wp-content\/uploads\/2025\/11\/Gangstasino-bonus-mobile.webp\" class=\"w-100 d-none d-md-block d-lg-none main-banner-img\" alt=\"Gangstasino bonus mobile\" fetchpriority=\"high\" decoding=\"async\"><img src=\"https:\/\/gangstasino.org\/wp-content\/uploads\/2025\/11\/Gangstasino-bonus-mobile.webp\" class=\"w-100 d-md-none\" alt=\"Gangstasino bonus mobile\" fetchpriority=\"high\" decoding=\"async\"><div class=\"banner-description\">\n<div class=\"banner-title\">Willkommensboni<\/div>\n<p class=\"banner-header-title\">\u20ac1500<\/p>\n<div class=\"banner-header-AdditionalText\">+ 250 Freispiele<\/div>\n<button data-item=\"homepage_banner_link\" class=\"goto m-button m-gradient-border m-button--primary m-button--large banner-button btn-orange\">\n            <div class=\"m-button-content\">\n                <span>Jetzt anmelden<\/span>\n                <span><\/span>\n            <\/div>\n        <\/button>\n<\/div>\n<div class=\"WelcomePack\">\n<p><img loading=\"lazy\" decoding=\"async\" class=\"alignnone size-full wp-image-1620\" src=\"https:\/\/gangstasino.org\/wp-content\/uploads\/2025\/11\/welcome-crown.svg\" alt=\"crown\" width=\"25\" height=\"26\" \/><\/p>\n<div class=\"WelcomePack-Info\">W\u00f6chentlicher Cashback bis zu 25 %<\/div>\n<p><img loading=\"lazy\" decoding=\"async\" class=\"alignnone size-full wp-image-1620\" src=\"https:\/\/gangstasino.org\/wp-content\/uploads\/2025\/11\/welcome-crown.svg\" alt=\"crown\" width=\"25\" height=\"26\" \/><\/p>\n<\/div>\n<\/div><div class=\"scrollable-content-wrap my-5\"><div class=\"scrollable-content-inner\"><h2>Gangstasino-App f\u00fcr Android<\/h2>\n<p>Das vollst\u00e4ndige mobile Casino-Erlebnis ist in der Gangstasino-App f\u00fcr Android verf\u00fcgbar. F\u00fcr unsere App m\u00fcssen Sie nicht in den Play Store gehen. Wir unterst\u00fctzen eine progressive Web-App (PWA), die direkt in Ihrem Browser heruntergeladen werden kann. Um den sofortigen Zugriff auf alle Spiele auf unserer Plattform zu gew\u00e4hrleisten, haben unsere Entwickler diese Art von Download erstellt. Die Android-Version bietet alle Casino-Funktionen, Kontoeinstellungen, Live-Chat-Support und die vollst\u00e4ndige Spielesammlung.<\/p>\n<h3>Laden Sie die PWA-Datei herunter<\/h3>\n<p>Die Installation unserer PWA ist ganz einfach: Sie ist direkt in Ihrem Browser auf der Gangstasino-Website verf\u00fcgbar. Sie m\u00fcssen die Gangstasino-APK nicht installieren. Befolgen Sie diese einfachen Anweisungen:<\/p>\n<ol>\n<li>Navigieren Sie zum unteren Ende der Gangsta Sino-Homepage.<\/li>\n<li>W\u00e4hlen Sie die Schaltfl\u00e4che \u201eCasino-App\u201d.<\/li>\n<li>Es erscheint ein Pop-up-Fenster; klicken Sie auf \u201eInstallieren\u201d, um fortzufahren.<\/li>\n<\/ol>\n<p><img loading=\"lazy\" decoding=\"async\" src=\"https:\/\/gangstasino.org\/wp-content\/uploads\/2025\/11\/Ganstasino-App-Android.webp\" alt=\"Ganstasino App Android\" width=\"1248\" height=\"536\" \/><\/p>\n<\/div><\/div><div style=\"clear: both\"><\/div><div class=\"d-flex justify-content-center\"><button data-item=\"decouvrez_link\" data-group=\"website_links\" class=\"goto fw-bold rounded-pill btn btn-orange\" aria-label=\"Gangstasino herunterladen\" >Gangstasino herunterladen<\/button><\/div><div class=\"scrollable-content-wrap my-5\"><div class=\"scrollable-content-inner\"><h2>Mobile Anwendung f\u00fcr iOS<\/h2>\n<p>Die Gangstasino-App ist f\u00fcr iPhone und iPad optimiert. Die App kann auf jedem iOS-basierten Ger\u00e4t verwendet werden. Alle im Browser verf\u00fcgbaren Casino-Funktionen stehen Ihnen auch in der speziellen App zur Verf\u00fcgung. Es ist kein App Store erforderlich; die App kann direkt im Browser heruntergeladen werden.<\/p>\n<h3>Einrichten der iOS-App<\/h3>\n<p>So installieren Sie die App f\u00fcr iOS:<\/p>\n<ol>\n<li>\u00d6ffnen Sie die Gangstasino-Website in Safari.<\/li>\n<li>Tippen Sie auf die Schaltfl\u00e4che \u201eTeilen\u201d (Quadrat mit einem Pfeil nach oben).<\/li>\n<li>W\u00e4hlen Sie im Men\u00fc \u201eZum Startbildschirm hinzuf\u00fcgen\u201d.<\/li>\n<li>Best\u00e4tigen Sie mit \u201eHinzuf\u00fcgen\u201c.<\/li>\n<\/ol>\n<p>Auf dem Startbildschirm wird eine Verkn\u00fcpfung angezeigt, \u00fcber die Sie schnell auf das Casino zugreifen k\u00f6nnen. In der App k\u00f6nnen Sie Ein- und Auszahlungen vornehmen, Konten verwalten, Boni nutzen, unseren Kundendienst kontaktieren und Turnierranglisten einsehen.<\/p>\n<p><img loading=\"lazy\" decoding=\"async\" src=\"https:\/\/gangstasino.org\/wp-content\/uploads\/2025\/11\/Ganstasino-App-iOS.webp\" alt=\"Ganstasino App iOS\" width=\"1248\" height=\"536\" \/><\/p>\n<\/div><\/div><div style=\"clear: both\"><\/div><div class=\"d-flex justify-content-center\"><button data-item=\"decouvrez_link\" data-group=\"website_links\" class=\"goto fw-bold rounded-pill btn btn-orange\" aria-label=\"Laden Sie die Gangstasino-App herunter\" >Laden Sie die Gangstasino-App herunter<\/button><\/div><div class=\"scrollable-content-wrap my-5\"><div class=\"scrollable-content-inner\"><h2>Spielen Sie Gangsta Sino auf Mac oder Windows<\/h2>\n<p>Die Gangstasino Casino-Desktop-Anwendung bietet Spielern Zugriff auf die gesamte Sammlung der im Browser verf\u00fcgbaren Spiele. Hier k\u00f6nnen Sie beispielsweise Online-Slots, Tischspiele und Spiele mit Live-Dealern schnell und einfach von Ihrem Computer aus spielen. Um Gangstasino Casino-Spiele zu spielen, \u00f6ffnen Sie einfach einen beliebigen Browser, geben Sie Gangstasino in die Suchleiste ein und gehen Sie zu unserer offiziellen Website.<\/p>\n<p>Sie k\u00f6nnen auch eine Verkn\u00fcpfung auf Ihrem Desktop erstellen, \u00fcber die Sie das Casino schnell von Ihrem Startbildschirm aus \u00f6ffnen k\u00f6nnen. Diese Verkn\u00fcpfung ist ein eigenst\u00e4ndiges Programm, mit dem Sie jedoch schnell auf alle Funktionen des Casinos zugreifen k\u00f6nnen, z. B. die Verwaltung Ihres Kontos, das Einl\u00f6sen von Boni und das Abrufen von Hilfe. Die Desktop-Version bietet die gleiche hochwertige Grafik und den gleichen Funktionsumfang wie die Mobil- und Browser-Versionen.<\/p>\n<p><img loading=\"lazy\" decoding=\"async\" src=\"https:\/\/gangstasino.org\/wp-content\/uploads\/2025\/11\/Ganstasino-App-Windows.webp\" alt=\"Ganstasino App Windows\" width=\"1248\" height=\"536\" \/><\/p>\n<\/div><\/div><div style=\"clear: both\"><\/div><div class=\"d-flex justify-content-center\"><button data-item=\"decouvrez_link\" data-group=\"website_links\" class=\"goto fw-bold rounded-pill btn btn-orange\" aria-label=\"Gangstasino herunterladen\" >Gangstasino herunterladen<\/button><\/div><div class=\"scrollable-content-wrap my-5\"><div class=\"scrollable-content-inner\"><h2>Vorteile und Funktionen der Gangstasino-App<\/h2>\n<p>Die Gangstasino-App verf\u00fcgt \u00fcber eine benutzerfreundliche mobile Oberfl\u00e4che und hochwertige Grafiken. Sie bietet die gleiche Funktionalit\u00e4t wie die Desktop-Version, ist jedoch dank ihrer f\u00fcr Mobilger\u00e4te optimierten Oberfl\u00e4che noch flexibler. Benutzer k\u00f6nnen Online-Slots und Live-Dealer-Spiele spielen und Werbeaktionen verwalten.<\/p>\n<table>\n<tbody>\n<tr>\n<td>Funktion<\/td>\n<td>Gangstasino-App<\/td>\n<td>Gangstasino Desktop<\/td>\n<\/tr>\n<tr>\n<td>Zug\u00e4nglichkeit<\/td>\n<td>Funktioniert direkt \u00fcber den Browser (PWA), keine Downloads erforderlich<\/td>\n<td>Zugriff \u00fcber Browser oder Desktop-Verkn\u00fcpfung<\/td>\n<\/tr>\n<tr>\n<td>Benutzeroberfl\u00e4che<\/td>\n<td>Anpassungsf\u00e4hig und touchfreundlich f\u00fcr alle Bildschirme<\/td>\n<td>Gr\u00f6\u00dferes Layout, ideal f\u00fcr Widescreen-Gaming<\/td>\n<\/tr>\n<tr>\n<td>Leistung<\/td>\n<td>Optimiert f\u00fcr Geschwindigkeit und Stabilit\u00e4t in Mobilfunknetzen<\/td>\n<td>Stabile Leistung bei Kabel- und WLAN-Verbindungen<\/td>\n<\/tr>\n<tr>\n<td>Spielbibliothek<\/td>\n<td>Voller Zugriff auf alle Spielautomaten, Tische und Live-Casinospiele<\/td>\n<td>Kompletter Spielekatalog, einschlie\u00dflich HD-Grafiken<\/td>\n<\/tr>\n<tr>\n<td>Zahlungen<\/td>\n<td>Unterst\u00fctzt alle Ein- und Auszahlungsmethoden<\/td>\n<td>Unterst\u00fctzt alle Zahlungsmethoden<\/td>\n<\/tr>\n<tr>\n<td>Komfort<\/td>\n<td>Sofortiges Spielen \u00fcberall und jederzeit<\/td>\n<td>Komfortabel f\u00fcr lange Spielsitzungen zu Hause<\/td>\n<\/tr>\n<tr>\n<td>Benachrichtigungen<\/td>\n<td>In-App-Benachrichtigungen zu Boni und Turnieren<\/td>\n<td>Benachrichtigungen nur per E-Mail oder Browser<\/td>\n<\/tr>\n<\/tbody>\n<\/table>\n<p>Wie die PC-Version ist auch die Gangstasino-App durch Datenverschl\u00fcsselung sicher gesch\u00fctzt. Wir legen Wert auf eine sichere Umgebung und implementieren daher Sicherheitsverfahren wie einen obligatorischen Verifizierungsprozess.<\/p>\n<h2>FAQ<\/h2>\n<h3>Ist die Gangsta Sino App sowohl f\u00fcr iOS als auch f\u00fcr Android verf\u00fcgbar?<\/h3>\n<p>Ja, die Gangstasino-App ist f\u00fcr iOS, Android und PC verf\u00fcgbar. Unsere Spieler k\u00f6nnen die App direkt \u00fcber ihren Browser installieren, ohne den App Store oder Play Store aufrufen zu m\u00fcssen. Die App bietet Ihnen sofortigen Zugriff auf alle Casino-Funktionen.<\/p>\n<h3>Muss ich die Anwendung manuell aktualisieren?<\/h3>\n<p>Es sind keine manuellen Updates erforderlich. Die Gangstasino-App ist eine Webplattform, die bei jedem Start automatisch auf die neueste Version aktualisiert wird. Mit der aktualisierten Version der App haben Sie Zugriff auf die neuesten Spiele, Funktionen und Sicherheitsupdates, ohne etwas neu installieren oder manuell herunterladen zu m\u00fcssen.<\/p>\n<h3>Ist die gesamte Spielbibliothek auf Mobilger\u00e4ten verf\u00fcgbar?<\/h3>\n<p>Ja. Die gesamte Gangstasino-Spielbibliothek, einschlie\u00dflich Slots, Tischspielen und Live-Dealer-Spielen, ist auf Ihrem Mobilger\u00e4t verf\u00fcgbar. Die mobile Benutzeroberfl\u00e4che ist vollst\u00e4ndig f\u00fcr die Bildschirme von Mobilger\u00e4ten optimiert. Die Spieloptimierung f\u00fcr Ger\u00e4te unterst\u00fctzt hochwertiges Gameplay und hochwertige Grafiken. Die App bietet sofortigen Zugriff auf alle Casino-Inhalte.<\/p>\n<h3>Bietet die App die gleiche Sicherheit wie die Desktop-Website?<\/h3>\n<p>Selbstverst\u00e4ndlich. Die Gangstasino-App verwendet dieselbe SSL-Verschl\u00fcsselung und dieselben fortschrittlichen Sicherheitsprotokolle wie die Desktop-Version der Website. Spielerdaten, Transaktionen und pers\u00f6nliche Daten sind vollst\u00e4ndig gesch\u00fctzt. Unser Casino bietet eine sichere Spielumgebung auf allen Ger\u00e4ten.<\/p>\n<\/div><\/div><\/p>\n","protected":false},"excerpt":{"rendered":"<p>Gangstasino-App f\u00fcr iOS, Android und PC Mit der Gangstasino App k\u00f6nnen Sie Ihr gesamtes Spielerlebnis auf Ihr Mobilger\u00e4t \u00fcbertragen. Die App bietet dieselben Funktionen wie die Browser-Version. Wir haben die Benutzeroberfl\u00e4che der App f\u00fcr alle Ger\u00e4te anpassungsf\u00e4hig gestaltet. Wenn Sie von \u00fcberall aus schnellen Zugriff auf das Gangstasino Casino haben m\u00f6chten, sollten Sie die App [&hellip;]<\/p>\n","protected":false},"author":1,"featured_media":0,"parent":0,"menu_order":0,"comment_status":"closed","ping_status":"closed","template":"template-builder.php","meta":{"_acf_changed":false,"inline_featured_image":false,"footnotes":""},"class_list":["post-1751","page","type-page","status-publish","hentry"],"acf":[],"yoast_head":"<!-- This site is optimized with the Yoast SEO plugin v27.3 - https:\/\/yoast.com\/product\/yoast-seo-wordpress\/ -->\n<title>Gangstasino Mobile Casino | App f\u00fcr Android &amp; iOS<\/title>\n<meta name=\"description\" content=\"Holen Sie sich die Gangsta Sino App zum sofortigen Spielen auf jedem Mobilger\u00e4t | Greifen Sie mit voller Sicherheit und 24\/7-Support auf alle Spiele zu | Jetzt herunterladen und \u00fcberall spielen!\" \/>\n<meta name=\"robots\" content=\"index, follow, max-snippet:-1, max-image-preview:large, max-video-preview:-1\" \/>\n<link rel=\"canonical\" href=\"https:\/\/gangstasino.org\/de\/app\/\" \/>\n<meta property=\"og:locale\" content=\"de_DE\" \/>\n<meta property=\"og:type\" content=\"article\" \/>\n<meta property=\"og:title\" content=\"Gangstasino Mobile Casino | App f\u00fcr Android &amp; iOS\" \/>\n<meta property=\"og:description\" content=\"Holen Sie sich die Gangsta Sino App zum sofortigen Spielen auf jedem Mobilger\u00e4t | Greifen Sie mit voller Sicherheit und 24\/7-Support auf alle Spiele zu | Jetzt herunterladen und \u00fcberall spielen!\" \/>\n<meta property=\"og:url\" content=\"https:\/\/gangstasino.org\/de\/app\/\" \/>\n<meta property=\"og:site_name\" content=\"Gangstasino\" \/>\n<meta property=\"article:modified_time\" content=\"2025-11-12T09:22:50+00:00\" \/>\n<meta name=\"twitter:card\" content=\"summary_large_image\" \/>\n<meta name=\"twitter:label1\" content=\"Gesch\u00e4tzte Lesezeit\" \/>\n\t<meta name=\"twitter:data1\" content=\"1\u00a0Minute\" \/>\n<script type=\"application\/ld+json\" class=\"yoast-schema-graph\">{\"@context\":\"https:\\\/\\\/schema.org\",\"@graph\":[{\"@type\":\"WebPage\",\"@id\":\"https:\\\/\\\/gangstasino.org\\\/de\\\/app\\\/\",\"url\":\"https:\\\/\\\/gangstasino.org\\\/de\\\/app\\\/\",\"name\":\"Gangstasino Mobile Casino | App f\u00fcr Android & iOS\",\"isPartOf\":{\"@id\":\"https:\\\/\\\/gangstasino.org\\\/de\\\/#website\"},\"datePublished\":\"2025-11-12T06:53:06+00:00\",\"dateModified\":\"2025-11-12T09:22:50+00:00\",\"description\":\"Holen Sie sich die Gangsta Sino App zum sofortigen Spielen auf jedem Mobilger\u00e4t | Greifen Sie mit voller Sicherheit und 24\\\/7-Support auf alle Spiele zu | Jetzt herunterladen und \u00fcberall spielen!\",\"breadcrumb\":{\"@id\":\"https:\\\/\\\/gangstasino.org\\\/de\\\/app\\\/#breadcrumb\"},\"inLanguage\":\"de\",\"potentialAction\":[{\"@type\":\"ReadAction\",\"target\":[\"https:\\\/\\\/gangstasino.org\\\/de\\\/app\\\/\"]}]},{\"@type\":\"BreadcrumbList\",\"@id\":\"https:\\\/\\\/gangstasino.org\\\/de\\\/app\\\/#breadcrumb\",\"itemListElement\":[{\"@type\":\"ListItem\",\"position\":1,\"name\":\"Gangstasino\",\"item\":\"https:\\\/\\\/gangstasino.org\\\/de\\\/\"},{\"@type\":\"ListItem\",\"position\":2,\"name\":\"App\"}]},{\"@type\":\"WebSite\",\"@id\":\"https:\\\/\\\/gangstasino.org\\\/de\\\/#website\",\"url\":\"https:\\\/\\\/gangstasino.org\\\/de\\\/\",\"name\":\"Gangstasino\",\"description\":\"\",\"publisher\":{\"@id\":\"https:\\\/\\\/gangstasino.org\\\/de\\\/#organization\"},\"potentialAction\":[{\"@type\":\"SearchAction\",\"target\":{\"@type\":\"EntryPoint\",\"urlTemplate\":\"https:\\\/\\\/gangstasino.org\\\/de\\\/?s={search_term_string}\"},\"query-input\":{\"@type\":\"PropertyValueSpecification\",\"valueRequired\":true,\"valueName\":\"search_term_string\"}}],\"inLanguage\":\"de\"},{\"@type\":\"Organization\",\"@id\":\"https:\\\/\\\/gangstasino.org\\\/de\\\/#organization\",\"name\":\"Gangstasino\",\"url\":\"https:\\\/\\\/gangstasino.org\\\/de\\\/\",\"logo\":{\"@type\":\"ImageObject\",\"inLanguage\":\"de\",\"@id\":\"https:\\\/\\\/gangstasino.org\\\/de\\\/#\\\/schema\\\/logo\\\/image\\\/\",\"url\":\"https:\\\/\\\/gangstasino.org\\\/wp-content\\\/uploads\\\/2025\\\/08\\\/80u1FaquEZeR6OUTeJCc.png\",\"contentUrl\":\"https:\\\/\\\/gangstasino.org\\\/wp-content\\\/uploads\\\/2025\\\/08\\\/80u1FaquEZeR6OUTeJCc.png\",\"width\":152,\"height\":35,\"caption\":\"Gangstasino\"},\"image\":{\"@id\":\"https:\\\/\\\/gangstasino.org\\\/de\\\/#\\\/schema\\\/logo\\\/image\\\/\"}}]}<\/script>\n<!-- \/ Yoast SEO plugin. -->","yoast_head_json":{"title":"Gangstasino Mobile Casino | App f\u00fcr Android & iOS","description":"Holen Sie sich die Gangsta Sino App zum sofortigen Spielen auf jedem Mobilger\u00e4t | Greifen Sie mit voller Sicherheit und 24\/7-Support auf alle Spiele zu | Jetzt herunterladen und \u00fcberall spielen!","robots":{"index":"index","follow":"follow","max-snippet":"max-snippet:-1","max-image-preview":"max-image-preview:large","max-video-preview":"max-video-preview:-1"},"canonical":"https:\/\/gangstasino.org\/de\/app\/","og_locale":"de_DE","og_type":"article","og_title":"Gangstasino Mobile Casino | App f\u00fcr Android & iOS","og_description":"Holen Sie sich die Gangsta Sino App zum sofortigen Spielen auf jedem Mobilger\u00e4t | Greifen Sie mit voller Sicherheit und 24\/7-Support auf alle Spiele zu | Jetzt herunterladen und \u00fcberall spielen!","og_url":"https:\/\/gangstasino.org\/de\/app\/","og_site_name":"Gangstasino","article_modified_time":"2025-11-12T09:22:50+00:00","twitter_card":"summary_large_image","twitter_misc":{"Gesch\u00e4tzte Lesezeit":"1\u00a0Minute"},"schema":{"@context":"https:\/\/schema.org","@graph":[{"@type":"WebPage","@id":"https:\/\/gangstasino.org\/de\/app\/","url":"https:\/\/gangstasino.org\/de\/app\/","name":"Gangstasino Mobile Casino | App f\u00fcr Android & iOS","isPartOf":{"@id":"https:\/\/gangstasino.org\/de\/#website"},"datePublished":"2025-11-12T06:53:06+00:00","dateModified":"2025-11-12T09:22:50+00:00","description":"Holen Sie sich die Gangsta Sino App zum sofortigen Spielen auf jedem Mobilger\u00e4t | Greifen Sie mit voller Sicherheit und 24\/7-Support auf alle Spiele zu | Jetzt herunterladen und \u00fcberall spielen!","breadcrumb":{"@id":"https:\/\/gangstasino.org\/de\/app\/#breadcrumb"},"inLanguage":"de","potentialAction":[{"@type":"ReadAction","target":["https:\/\/gangstasino.org\/de\/app\/"]}]},{"@type":"BreadcrumbList","@id":"https:\/\/gangstasino.org\/de\/app\/#breadcrumb","itemListElement":[{"@type":"ListItem","position":1,"name":"Gangstasino","item":"https:\/\/gangstasino.org\/de\/"},{"@type":"ListItem","position":2,"name":"App"}]},{"@type":"WebSite","@id":"https:\/\/gangstasino.org\/de\/#website","url":"https:\/\/gangstasino.org\/de\/","name":"Gangstasino","description":"","publisher":{"@id":"https:\/\/gangstasino.org\/de\/#organization"},"potentialAction":[{"@type":"SearchAction","target":{"@type":"EntryPoint","urlTemplate":"https:\/\/gangstasino.org\/de\/?s={search_term_string}"},"query-input":{"@type":"PropertyValueSpecification","valueRequired":true,"valueName":"search_term_string"}}],"inLanguage":"de"},{"@type":"Organization","@id":"https:\/\/gangstasino.org\/de\/#organization","name":"Gangstasino","url":"https:\/\/gangstasino.org\/de\/","logo":{"@type":"ImageObject","inLanguage":"de","@id":"https:\/\/gangstasino.org\/de\/#\/schema\/logo\/image\/","url":"https:\/\/gangstasino.org\/wp-content\/uploads\/2025\/08\/80u1FaquEZeR6OUTeJCc.png","contentUrl":"https:\/\/gangstasino.org\/wp-content\/uploads\/2025\/08\/80u1FaquEZeR6OUTeJCc.png","width":152,"height":35,"caption":"Gangstasino"},"image":{"@id":"https:\/\/gangstasino.org\/de\/#\/schema\/logo\/image\/"}}]}},"_links":{"self":[{"href":"https:\/\/gangstasino.org\/de\/wp-json\/wp\/v2\/pages\/1751","targetHints":{"allow":["GET"]}}],"collection":[{"href":"https:\/\/gangstasino.org\/de\/wp-json\/wp\/v2\/pages"}],"about":[{"href":"https:\/\/gangstasino.org\/de\/wp-json\/wp\/v2\/types\/page"}],"author":[{"embeddable":true,"href":"https:\/\/gangstasino.org\/de\/wp-json\/wp\/v2\/users\/1"}],"replies":[{"embeddable":true,"href":"https:\/\/gangstasino.org\/de\/wp-json\/wp\/v2\/comments?post=1751"}],"version-history":[{"count":3,"href":"https:\/\/gangstasino.org\/de\/wp-json\/wp\/v2\/pages\/1751\/revisions"}],"predecessor-version":[{"id":2034,"href":"https:\/\/gangstasino.org\/de\/wp-json\/wp\/v2\/pages\/1751\/revisions\/2034"}],"wp:attachment":[{"href":"https:\/\/gangstasino.org\/de\/wp-json\/wp\/v2\/media?parent=1751"}],"curies":[{"name":"wp","href":"https:\/\/api.w.org\/{rel}","templated":true}]}}