{"id":1793,"date":"2025-11-12T07:03:23","date_gmt":"2025-11-12T07:03:23","guid":{"rendered":"https:\/\/gangstasino.org\/login-and-registration\/"},"modified":"2025-11-12T09:05:06","modified_gmt":"2025-11-12T09:05:06","slug":"anmeldung-und-registrierung","status":"publish","type":"page","link":"https:\/\/gangstasino.org\/de\/anmeldung-und-registrierung\/","title":{"rendered":"Anmeldung und Registrierung"},"content":{"rendered":"<h1>Gangstasino-Anmeldung und Kontoerstellung<\/h1>\n<p>Bevor Sie die Funktionen unseres Casinos nutzen k\u00f6nnen, m\u00fcssen alle Benutzer ein Konto erstellen. Um Ihnen zu helfen, alles \u00fcber diesen Vorgang zu erfahren, haben wir f\u00fcr Sie die Registerkarte Gangstasino Login erstellt. Nur registrierte Benutzer k\u00f6nnen auf ihre Profile zugreifen, Einzahlungen vornehmen und mit dem Spielen beginnen. Neue Spieler, die sich noch nicht registriert haben, k\u00f6nnen in wenigen einfachen Schritten ein Konto erstellen.<\/p>\n<p><div class=\"banner-wrap\" aria-label=\"Banner\"><img src=\"https:\/\/gangstasino.org\/wp-content\/uploads\/2025\/11\/Gangstasino-Banner-Desktop.webp\" class=\"w-100 d-none d-lg-block img-pc main-banner-img\" alt=\"Gangstasino bonus desktop\" fetchpriority=\"high\" decoding=\"async\"><img src=\"https:\/\/gangstasino.org\/wp-content\/uploads\/2025\/11\/Gangstasino-bonus-mobile.webp\" class=\"w-100 d-none d-md-block d-lg-none main-banner-img\" alt=\"Gangstasino bonus mobile\" fetchpriority=\"high\" decoding=\"async\"><img src=\"https:\/\/gangstasino.org\/wp-content\/uploads\/2025\/11\/Gangstasino-bonus-mobile.webp\" class=\"w-100 d-md-none\" alt=\"Gangstasino bonus mobile\" fetchpriority=\"high\" decoding=\"async\"><div class=\"banner-description\">\n<div class=\"banner-title\">Willkommensboni<\/div>\n<p class=\"banner-header-title\">\u20ac1500<\/p>\n<div class=\"banner-header-AdditionalText\">+ 250 Freispiele<\/div>\n<button data-item=\"homepage_banner_link\" class=\"goto m-button m-gradient-border m-button--primary m-button--large banner-button btn-orange\">\n            <div class=\"m-button-content\">\n                <span>Jetzt anmelden<\/span>\n                <span><\/span>\n            <\/div>\n        <\/button>\n<\/div>\n<div class=\"WelcomePack\">\n<p><img loading=\"lazy\" decoding=\"async\" class=\"alignnone size-full wp-image-1620\" src=\"https:\/\/gangstasino.org\/wp-content\/uploads\/2025\/11\/welcome-crown.svg\" alt=\"crown\" width=\"25\" height=\"26\" \/><\/p>\n<div class=\"WelcomePack-Info\">W\u00f6chentlicher Cashback bis zu 25 %<\/div>\n<p><img loading=\"lazy\" decoding=\"async\" class=\"alignnone size-full wp-image-1620\" src=\"https:\/\/gangstasino.org\/wp-content\/uploads\/2025\/11\/welcome-crown.svg\" alt=\"crown\" width=\"25\" height=\"26\" \/><\/p>\n<\/div>\n<\/div><div class=\"scrollable-content-wrap my-5 \"><div class=\"scrollable-content-inner\"><h2>Werden Sie Teil von Gangstasino<\/h2>\n<p>Nach der Registrierung eines Kontos erhalten Sie vollen Zugriff auf die Spielbibliothek von Gangstasino. Sie haben Zugriff auf alle Slots, Tischspiele, Kartenspiele, Live-Dealer-Spiele, Sofortspiele und Crash-Spiele. Nur registrierte Benutzer k\u00f6nnen an Turnieren teilnehmen, Boni erhalten und Ein- und Auszahlungen verwalten. Registrierten Benutzern stehen auch Tools f\u00fcr verantwortungsbewusstes Spielen zur Verf\u00fcgung. Alle Casino-Funktionen stehen registrierten Benutzern von jedem Ger\u00e4t aus zur Verf\u00fcgung.<\/p>\n<table>\n<tbody>\n<tr>\n<td>Vorteil<\/td>\n<td>Details<\/td>\n<\/tr>\n<tr>\n<td>Voller Zugriff auf Spiele<\/td>\n<td>Registrierte Benutzer k\u00f6nnen alle Slots, Tischspiele, Live-Dealer-Spiele, Sofortspiele und Crash-Spiele spielen.<\/td>\n<\/tr>\n<tr>\n<td>Teilnahme an Werbeaktionen<\/td>\n<td>Nur registrierte Spieler k\u00f6nnen Boni beanspruchen, an Turnieren teilnehmen und auf VIP-Pr\u00e4mien zugreifen.<\/td>\n<\/tr>\n<tr>\n<td>Kontoverwaltung<\/td>\n<td>Benutzer k\u00f6nnen Einzahlungen, Auszahlungen, aktive Boni und Promo-Codes direkt \u00fcber ihr Konto verwalten.<\/td>\n<\/tr>\n<tr>\n<td>Tools f\u00fcr verantwortungsbewusstes Spielen<\/td>\n<td>Greifen Sie auf Sitzungstimer, Selbstausschlussoptionen und andere Einstellungen f\u00fcr verantwortungsbewusstes Spielen zu.<\/td>\n<\/tr>\n<tr>\n<td>VIP-Funktionen<\/td>\n<td>Verwalten Sie Ihre VIP-Mitgliedschaft und sichern Sie sich exklusive Vorteile f\u00fcr High Roller.<\/td>\n<\/tr>\n<tr>\n<td>Sichere Verifizierung<\/td>\n<td>Die KYC-Verifizierung gew\u00e4hrleistet Auszahlungen ohne Verz\u00f6gerungen. Sie garantiert Ihre Sicherheit.<\/td>\n<\/tr>\n<tr>\n<td>Mehrsprachiger Support<\/td>\n<td>Kontaktieren Sie unser mehrsprachiges Support-Team jederzeit per Live-Chat oder E-Mail.<\/td>\n<\/tr>\n<\/tbody>\n<\/table>\n<h3>So richten Sie Ihr Konto ein<\/h3>\n<ol>\n<li>Tippen Sie auf die Schaltfl\u00e4che \u201eAnmelden\u201c in der oberen rechten Ecke der Hauptseite.<\/li>\n<li>Geben Sie Ihre pers\u00f6nlichen Daten ein, wie z. B. Ihre E-Mail-Adresse und ein sicheres Passwort. Wenn Sie einen Promo-Code haben, geben Sie ihn an dieser Stelle ein.<\/li>\n<li>Bitte kreuzen Sie das K\u00e4stchen an, dass Sie \u00fcber 18 Jahre alt sind. Akzeptieren Sie die Datenschutzerkl\u00e4rung und die Allgemeinen Gesch\u00e4ftsbedingungen.<\/li>\n<li>Tippen Sie auf \u201eAnmelden\u201c, um Ihre Registrierung abzuschlie\u00dfen.<\/li>\n<li>Folgen Sie dem Link in der E-Mail, um Ihr Konto zu best\u00e4tigen.<\/li>\n<\/ol>\n<p>Ihr Konto ist nun verifiziert und aktiv. Sie k\u00f6nnen alle Spiele in unserem Casino spielen, Wetten platzieren, Boni erhalten, an Turnieren teilnehmen und vieles mehr.<\/p>\n<h2>Verifizierungsverfahren f\u00fcr Gangsta Sino-Spieler<\/h2>\n<p>Bei Gangsta Sino durchlaufen alle Benutzer einen Verifizierungsprozess, um die Sicherheit des Kontos und faires Spiel zu gew\u00e4hrleisten. Spieler m\u00fcssen offizielle Dokumente wie Reisepass, Personalausweis, F\u00fchrerschein oder eine aktuelle Stromrechnung hochladen. Unser Team \u00fcberpr\u00fcft Ihre Dokumente innerhalb von 48 Stunden. Nach Abschluss des Verifizierungsprozesses wird Ihr Konto vollst\u00e4ndig validiert. Sobald der Verifizierungsprozess abgeschlossen ist, ist Ihr Konto vollst\u00e4ndig verifiziert. Sie k\u00f6nnen erst nach der Verifizierung Geld abheben. So funktioniert unsere Know-Your-Customer-Richtlinie (KYC). Sie dient dem Schutz der Nutzer vor Betrug. Eine Schritt-f\u00fcr-Schritt-Anleitung zum Einreichen von Dokumenten und zur Einhaltung der KYC-Standards finden Sie unten auf unserer Seite.<\/p>\n<h2>Verwalten Sie Ihr Konto<\/h2>\n<p>Um den Anmeldevorgang bei Gangstasino zu starten, klicken Sie auf die Schaltfl\u00e4che \u201eAnmelden\u201c in der oberen rechten Ecke der Website. Geben Sie Ihre registrierte E-Mail-Adresse und Ihr Passwort ein, um sich anzumelden. Wenn Sie angemeldet sind, k\u00f6nnen Sie alle Spiele spielen und alle Ihre Profileinstellungen \u00e4ndern, wie z. B. Einzahlungen, Auszahlungen, aktive Boni, Werbeaktionen und Kontoeinstellungen.<\/p>\n<p>\u00dcber das Konto-Kontrollfeld k\u00f6nnen Sie auch Ihre VIP-Mitgliedschaft verwalten, an Turnieren teilnehmen und Einstellungen f\u00fcr verantwortungsbewusstes Spielen wie Sitzungszeitgeber oder Selbstausschluss \u00e4ndern. Benutzer haben au\u00dferdem Zugriff auf den Bereich \u201eSpielverlauf\u201c, um ihre Aktivit\u00e4ten zu verfolgen. Wir bieten allen Benutzern mehrsprachigen Support. Sie k\u00f6nnen unser Support-Team per Live-Chat oder E-Mail kontaktieren. Wenn Sie Probleme bei der Anmeldung haben, hilft Ihnen unser Support-Team gerne weiter.<\/p>\n<h3>Anweisungen zum Zur\u00fccksetzen des Gangstasino-Passworts<\/h3>\n<p>Machen Sie sich keine Sorgen, wenn Sie Ihr Passwort vergessen haben. Die Wiederherstellung Ihres Passworts ist ganz einfach. Was Sie tun m\u00fcssen, wenn Sie Ihr Passwort vergessen haben:<\/p>\n<ol>\n<li>Klicken Sie oben rechts auf der Hauptseite auf \u201eAnmelden\u201d.<\/li>\n<li>Sie sehen die Schaltfl\u00e4che \u201ePasswort vergessen?\u201c; klicken Sie darauf.<\/li>\n<li>Geben Sie die E-Mail-Adresse ein, mit der Sie sich bei Gangstasino registriert haben.<\/li>\n<li>Sie erhalten eine E-Mail mit einem Link zum Zur\u00fccksetzen Ihres Passworts.<\/li>\n<li>Legen Sie ein neues Passwort fest und best\u00e4tigen Sie es.<\/li>\n<\/ol>\n<p>Ihr Konto wird wiederhergestellt. Sollten Sie bei diesem Schritt Probleme haben, k\u00f6nnen Sie sich per E-Mail oder Live-Chat auf der Website an unseren Kundendienst wenden.<\/p>\n<h2>FAQ<\/h2>\n<h3>Was soll ich tun, wenn ich mein Passwort vergessen habe?<\/h3>\n<p>Wenn Sie Ihr Passwort vergessen haben, klicken Sie auf der Gangstasino-Homepage auf \u201eAnmelden\u201d und dann auf \u201ePasswort vergessen?\u201d. Geben Sie Ihre E-Mail-Adresse ein und folgen Sie dem Link in der E-Mail. Jetzt k\u00f6nnen Sie ein neues Passwort erstellen. Ihr Konto wird wiederhergestellt und Sie k\u00f6nnen sich erneut anmelden.<\/p>\n<h3>Welche Informationen muss ich angeben, um ein Konto zu registrieren?<\/h3>\n<p>Um ein Gangstasino-Konto zu registrieren, geben Sie bitte Ihren vollst\u00e4ndigen Namen, eine g\u00fcltige E-Mail-Adresse und ein Passwort an. Sie m\u00fcssen best\u00e4tigen, dass Sie \u00fcber 18 Jahre alt sind und unsere Nutzungsbedingungen akzeptieren.<\/p>\n<h3>Warum habe ich Probleme beim Einloggen in mein Konto?<\/h3>\n<p>Probleme bei der Anmeldung bei Gangstasino k\u00f6nnen auftreten, wenn Ihre Anmeldedaten falsch eingegeben wurden oder Ihr Konto nicht verifiziert wurde. Vergewissern Sie sich, dass Ihre E-Mail-Adresse und Ihr Passwort korrekt sind. Ist dies der Fall, setzen Sie Ihr Passwort zur\u00fcck und \u00fcberpr\u00fcfen Sie Ihre E-Mails auf Aktivierungs- oder Sicherheitsbest\u00e4tigungsnachrichten von Gangsta Sino.<\/p>\n<\/div><\/div><\/p>\n","protected":false},"excerpt":{"rendered":"<p>Gangstasino-Anmeldung und Kontoerstellung Bevor Sie die Funktionen unseres Casinos nutzen k\u00f6nnen, m\u00fcssen alle Benutzer ein Konto erstellen. Um Ihnen zu helfen, alles \u00fcber diesen Vorgang zu erfahren, haben wir f\u00fcr Sie die Registerkarte Gangstasino Login erstellt. Nur registrierte Benutzer k\u00f6nnen auf ihre Profile zugreifen, Einzahlungen vornehmen und mit dem Spielen beginnen. Neue Spieler, die sich [&hellip;]<\/p>\n","protected":false},"author":1,"featured_media":0,"parent":0,"menu_order":0,"comment_status":"closed","ping_status":"closed","template":"template-builder.php","meta":{"_acf_changed":false,"inline_featured_image":false,"footnotes":""},"class_list":["post-1793","page","type-page","status-publish","hentry"],"acf":[],"yoast_head":"<!-- This site is optimized with the Yoast SEO plugin v27.3 - https:\/\/yoast.com\/product\/yoast-seo-wordpress\/ -->\n<title>Gangstasino Login | Registrierung &amp; Kontoverwaltung<\/title>\n<meta name=\"description\" content=\"Nutzen Sie Ihr Gangsta Sino Login, um sicher auf Ihr Konto zuzugreifen, Einzahlungen zu verwalten und Ihren Spielverlauf einzusehen. Neue Benutzer k\u00f6nnen sich im Handumdrehen registrieren. Melden Sie sich jetzt an oder registrieren Sie sich!\" \/>\n<meta name=\"robots\" content=\"index, follow, max-snippet:-1, max-image-preview:large, max-video-preview:-1\" \/>\n<link rel=\"canonical\" href=\"https:\/\/gangstasino.org\/de\/anmeldung-und-registrierung\/\" \/>\n<meta property=\"og:locale\" content=\"de_DE\" \/>\n<meta property=\"og:type\" content=\"article\" \/>\n<meta property=\"og:title\" content=\"Gangstasino Login | Registrierung &amp; Kontoverwaltung\" \/>\n<meta property=\"og:description\" content=\"Nutzen Sie Ihr Gangsta Sino Login, um sicher auf Ihr Konto zuzugreifen, Einzahlungen zu verwalten und Ihren Spielverlauf einzusehen. Neue Benutzer k\u00f6nnen sich im Handumdrehen registrieren. Melden Sie sich jetzt an oder registrieren Sie sich!\" \/>\n<meta property=\"og:url\" content=\"https:\/\/gangstasino.org\/de\/anmeldung-und-registrierung\/\" \/>\n<meta property=\"og:site_name\" content=\"Gangstasino\" \/>\n<meta property=\"article:modified_time\" content=\"2025-11-12T09:05:06+00:00\" \/>\n<meta name=\"twitter:card\" content=\"summary_large_image\" \/>\n<meta name=\"twitter:label1\" content=\"Gesch\u00e4tzte Lesezeit\" \/>\n\t<meta name=\"twitter:data1\" content=\"1\u00a0Minute\" \/>\n<script type=\"application\/ld+json\" class=\"yoast-schema-graph\">{\"@context\":\"https:\\\/\\\/schema.org\",\"@graph\":[{\"@type\":\"WebPage\",\"@id\":\"https:\\\/\\\/gangstasino.org\\\/de\\\/anmeldung-und-registrierung\\\/\",\"url\":\"https:\\\/\\\/gangstasino.org\\\/de\\\/anmeldung-und-registrierung\\\/\",\"name\":\"Gangstasino Login | Registrierung & Kontoverwaltung\",\"isPartOf\":{\"@id\":\"https:\\\/\\\/gangstasino.org\\\/de\\\/#website\"},\"datePublished\":\"2025-11-12T07:03:23+00:00\",\"dateModified\":\"2025-11-12T09:05:06+00:00\",\"description\":\"Nutzen Sie Ihr Gangsta Sino Login, um sicher auf Ihr Konto zuzugreifen, Einzahlungen zu verwalten und Ihren Spielverlauf einzusehen. Neue Benutzer k\u00f6nnen sich im Handumdrehen registrieren. Melden Sie sich jetzt an oder registrieren Sie sich!\",\"breadcrumb\":{\"@id\":\"https:\\\/\\\/gangstasino.org\\\/de\\\/anmeldung-und-registrierung\\\/#breadcrumb\"},\"inLanguage\":\"de\",\"potentialAction\":[{\"@type\":\"ReadAction\",\"target\":[\"https:\\\/\\\/gangstasino.org\\\/de\\\/anmeldung-und-registrierung\\\/\"]}]},{\"@type\":\"BreadcrumbList\",\"@id\":\"https:\\\/\\\/gangstasino.org\\\/de\\\/anmeldung-und-registrierung\\\/#breadcrumb\",\"itemListElement\":[{\"@type\":\"ListItem\",\"position\":1,\"name\":\"Gangstasino\",\"item\":\"https:\\\/\\\/gangstasino.org\\\/de\\\/\"},{\"@type\":\"ListItem\",\"position\":2,\"name\":\"Anmeldung und Registrierung\"}]},{\"@type\":\"WebSite\",\"@id\":\"https:\\\/\\\/gangstasino.org\\\/de\\\/#website\",\"url\":\"https:\\\/\\\/gangstasino.org\\\/de\\\/\",\"name\":\"Gangstasino\",\"description\":\"\",\"publisher\":{\"@id\":\"https:\\\/\\\/gangstasino.org\\\/de\\\/#organization\"},\"potentialAction\":[{\"@type\":\"SearchAction\",\"target\":{\"@type\":\"EntryPoint\",\"urlTemplate\":\"https:\\\/\\\/gangstasino.org\\\/de\\\/?s={search_term_string}\"},\"query-input\":{\"@type\":\"PropertyValueSpecification\",\"valueRequired\":true,\"valueName\":\"search_term_string\"}}],\"inLanguage\":\"de\"},{\"@type\":\"Organization\",\"@id\":\"https:\\\/\\\/gangstasino.org\\\/de\\\/#organization\",\"name\":\"Gangstasino\",\"url\":\"https:\\\/\\\/gangstasino.org\\\/de\\\/\",\"logo\":{\"@type\":\"ImageObject\",\"inLanguage\":\"de\",\"@id\":\"https:\\\/\\\/gangstasino.org\\\/de\\\/#\\\/schema\\\/logo\\\/image\\\/\",\"url\":\"https:\\\/\\\/gangstasino.org\\\/wp-content\\\/uploads\\\/2025\\\/08\\\/80u1FaquEZeR6OUTeJCc.png\",\"contentUrl\":\"https:\\\/\\\/gangstasino.org\\\/wp-content\\\/uploads\\\/2025\\\/08\\\/80u1FaquEZeR6OUTeJCc.png\",\"width\":152,\"height\":35,\"caption\":\"Gangstasino\"},\"image\":{\"@id\":\"https:\\\/\\\/gangstasino.org\\\/de\\\/#\\\/schema\\\/logo\\\/image\\\/\"}}]}<\/script>\n<!-- \/ Yoast SEO plugin. -->","yoast_head_json":{"title":"Gangstasino Login | Registrierung & Kontoverwaltung","description":"Nutzen Sie Ihr Gangsta Sino Login, um sicher auf Ihr Konto zuzugreifen, Einzahlungen zu verwalten und Ihren Spielverlauf einzusehen. Neue Benutzer k\u00f6nnen sich im Handumdrehen registrieren. Melden Sie sich jetzt an oder registrieren Sie sich!","robots":{"index":"index","follow":"follow","max-snippet":"max-snippet:-1","max-image-preview":"max-image-preview:large","max-video-preview":"max-video-preview:-1"},"canonical":"https:\/\/gangstasino.org\/de\/anmeldung-und-registrierung\/","og_locale":"de_DE","og_type":"article","og_title":"Gangstasino Login | Registrierung & Kontoverwaltung","og_description":"Nutzen Sie Ihr Gangsta Sino Login, um sicher auf Ihr Konto zuzugreifen, Einzahlungen zu verwalten und Ihren Spielverlauf einzusehen. Neue Benutzer k\u00f6nnen sich im Handumdrehen registrieren. Melden Sie sich jetzt an oder registrieren Sie sich!","og_url":"https:\/\/gangstasino.org\/de\/anmeldung-und-registrierung\/","og_site_name":"Gangstasino","article_modified_time":"2025-11-12T09:05:06+00:00","twitter_card":"summary_large_image","twitter_misc":{"Gesch\u00e4tzte Lesezeit":"1\u00a0Minute"},"schema":{"@context":"https:\/\/schema.org","@graph":[{"@type":"WebPage","@id":"https:\/\/gangstasino.org\/de\/anmeldung-und-registrierung\/","url":"https:\/\/gangstasino.org\/de\/anmeldung-und-registrierung\/","name":"Gangstasino Login | Registrierung & Kontoverwaltung","isPartOf":{"@id":"https:\/\/gangstasino.org\/de\/#website"},"datePublished":"2025-11-12T07:03:23+00:00","dateModified":"2025-11-12T09:05:06+00:00","description":"Nutzen Sie Ihr Gangsta Sino Login, um sicher auf Ihr Konto zuzugreifen, Einzahlungen zu verwalten und Ihren Spielverlauf einzusehen. Neue Benutzer k\u00f6nnen sich im Handumdrehen registrieren. Melden Sie sich jetzt an oder registrieren Sie sich!","breadcrumb":{"@id":"https:\/\/gangstasino.org\/de\/anmeldung-und-registrierung\/#breadcrumb"},"inLanguage":"de","potentialAction":[{"@type":"ReadAction","target":["https:\/\/gangstasino.org\/de\/anmeldung-und-registrierung\/"]}]},{"@type":"BreadcrumbList","@id":"https:\/\/gangstasino.org\/de\/anmeldung-und-registrierung\/#breadcrumb","itemListElement":[{"@type":"ListItem","position":1,"name":"Gangstasino","item":"https:\/\/gangstasino.org\/de\/"},{"@type":"ListItem","position":2,"name":"Anmeldung und Registrierung"}]},{"@type":"WebSite","@id":"https:\/\/gangstasino.org\/de\/#website","url":"https:\/\/gangstasino.org\/de\/","name":"Gangstasino","description":"","publisher":{"@id":"https:\/\/gangstasino.org\/de\/#organization"},"potentialAction":[{"@type":"SearchAction","target":{"@type":"EntryPoint","urlTemplate":"https:\/\/gangstasino.org\/de\/?s={search_term_string}"},"query-input":{"@type":"PropertyValueSpecification","valueRequired":true,"valueName":"search_term_string"}}],"inLanguage":"de"},{"@type":"Organization","@id":"https:\/\/gangstasino.org\/de\/#organization","name":"Gangstasino","url":"https:\/\/gangstasino.org\/de\/","logo":{"@type":"ImageObject","inLanguage":"de","@id":"https:\/\/gangstasino.org\/de\/#\/schema\/logo\/image\/","url":"https:\/\/gangstasino.org\/wp-content\/uploads\/2025\/08\/80u1FaquEZeR6OUTeJCc.png","contentUrl":"https:\/\/gangstasino.org\/wp-content\/uploads\/2025\/08\/80u1FaquEZeR6OUTeJCc.png","width":152,"height":35,"caption":"Gangstasino"},"image":{"@id":"https:\/\/gangstasino.org\/de\/#\/schema\/logo\/image\/"}}]}},"_links":{"self":[{"href":"https:\/\/gangstasino.org\/de\/wp-json\/wp\/v2\/pages\/1793","targetHints":{"allow":["GET"]}}],"collection":[{"href":"https:\/\/gangstasino.org\/de\/wp-json\/wp\/v2\/pages"}],"about":[{"href":"https:\/\/gangstasino.org\/de\/wp-json\/wp\/v2\/types\/page"}],"author":[{"embeddable":true,"href":"https:\/\/gangstasino.org\/de\/wp-json\/wp\/v2\/users\/1"}],"replies":[{"embeddable":true,"href":"https:\/\/gangstasino.org\/de\/wp-json\/wp\/v2\/comments?post=1793"}],"version-history":[{"count":2,"href":"https:\/\/gangstasino.org\/de\/wp-json\/wp\/v2\/pages\/1793\/revisions"}],"predecessor-version":[{"id":1967,"href":"https:\/\/gangstasino.org\/de\/wp-json\/wp\/v2\/pages\/1793\/revisions\/1967"}],"wp:attachment":[{"href":"https:\/\/gangstasino.org\/de\/wp-json\/wp\/v2\/media?parent=1793"}],"curies":[{"name":"wp","href":"https:\/\/api.w.org\/{rel}","templated":true}]}}