{"id":1758,"date":"2025-11-12T06:53:06","date_gmt":"2025-11-12T06:53:06","guid":{"rendered":"https:\/\/gangstasino.org\/app\/"},"modified":"2025-11-12T11:59:45","modified_gmt":"2025-11-12T11:59:45","slug":"aplicacion","status":"publish","type":"page","link":"https:\/\/gangstasino.org\/es\/aplicacion\/","title":{"rendered":"Aplicaci\u00f3n"},"content":{"rendered":"<h1>Aplicaci\u00f3n Gangstasino para iOS, Android y PC<\/h1>\n<p>Con la Gangstasino app, puedes transferir toda tu experiencia de juego a tu dispositivo m\u00f3vil. La aplicaci\u00f3n ofrece las mismas funciones que la versi\u00f3n para navegador. Hemos adaptado la interfaz de la aplicaci\u00f3n a cualquier dispositivo. Si quieres acceder r\u00e1pidamente a Gangstasino Casino est\u00e9s donde est\u00e9s, tienes que instalar la aplicaci\u00f3n.<\/p>\n<p><div class=\"banner-wrap\" aria-label=\"Banner\"><img src=\"https:\/\/gangstasino.org\/wp-content\/uploads\/2025\/11\/Gangstasino-Banner-Desktop.webp\" class=\"w-100 d-none d-lg-block img-pc main-banner-img\" alt=\"Gangstasino bonus desktop\" fetchpriority=\"high\" decoding=\"async\"><img src=\"https:\/\/gangstasino.org\/wp-content\/uploads\/2025\/11\/Gangstasino-bonus-mobile.webp\" class=\"w-100 d-none d-md-block d-lg-none main-banner-img\" alt=\"Gangstasino bonus mobile\" fetchpriority=\"high\" decoding=\"async\"><img src=\"https:\/\/gangstasino.org\/wp-content\/uploads\/2025\/11\/Gangstasino-bonus-mobile.webp\" class=\"w-100 d-md-none\" alt=\"Gangstasino bonus mobile\" fetchpriority=\"high\" decoding=\"async\"><div class=\"banner-description\">\n<div class=\"banner-title\">Bonos de bienvenida<\/div>\n<p class=\"banner-header-title\">\u20ac1500<\/p>\n<div class=\"banner-header-AdditionalText\">+ 250 giros gratis<\/div>\n<p>&nbsp;<\/p>\n<div class=\"m-button-content\"><button data-item=\"homepage_banner_link\" class=\"goto m-button m-gradient-border m-button--primary m-button--large banner-button btn-orange\">\n            <div class=\"m-button-content\">\n                <span>Reg\u00edstrate gratis ahora<\/span>\n                <span><\/span>\n            <\/div>\n        <\/button><\/div>\n<p>&nbsp;<\/p>\n<\/div>\n<div class=\"WelcomePack\">\n<p><img loading=\"lazy\" decoding=\"async\" class=\"alignnone size-full wp-image-1623\" src=\"https:\/\/gangstasino.org\/wp-content\/uploads\/2025\/11\/welcome-crown.svg\" alt=\"crown\" width=\"25\" height=\"26\" \/><\/p>\n<div class=\"WelcomePack-Info\">\n<p>Cashback semanal de hasta el 25%<\/p>\n<\/div>\n<p><img loading=\"lazy\" decoding=\"async\" class=\"alignnone size-full wp-image-1623\" src=\"https:\/\/gangstasino.org\/wp-content\/uploads\/2025\/11\/welcome-crown.svg\" alt=\"crown\" width=\"25\" height=\"26\" \/><\/p>\n<\/div>\n<\/div><div class=\"scrollable-content-wrap my-5\"><div class=\"scrollable-content-inner\"><h2>Aplicaci\u00f3n Gangstasino para Android<\/h2>\n<p>La experiencia completa del casino m\u00f3vil est\u00e1 disponible en la aplicaci\u00f3n Gangstasino para Android. Nuestra aplicaci\u00f3n no requiere que vayas a la Play Store. Admitimos una aplicaci\u00f3n web progresiva (PWA) que se puede descargar directamente en tu navegador. Para mantener el acceso instant\u00e1neo a todos los juegos de nuestra plataforma, nuestros desarrolladores han creado este tipo de descarga. La versi\u00f3n para Android ofrece todas las funciones del casino, la configuraci\u00f3n de la cuenta, el chat de soporte en vivo y la colecci\u00f3n completa de juegos.<\/p>\n<h3>Descargar el archivo PWA<\/h3>\n<p>Instalar nuestra PWA es f\u00e1cil; est\u00e1 disponible directamente en tu navegador en el sitio web de Gangstasino. Y no necesitas instalar el APK de Gangstasino. Sigue estas sencillas instrucciones:<\/p>\n<ol>\n<li>Navega hasta la parte inferior de la p\u00e1gina de inicio de Gangsta Sino.<\/li>\n<li>Selecciona el bot\u00f3n \u00abAplicaci\u00f3n del casino\u00bb.<\/li>\n<li>Aparecer\u00e1 una ventana emergente; haz clic en \u00abInstalar\u00bb para continuar.<\/li>\n<\/ol>\n<p><img loading=\"lazy\" decoding=\"async\" src=\"https:\/\/gangstasino.org\/wp-content\/uploads\/2025\/11\/Ganstasino-App-Android.webp\" alt=\"Ganstasino App Android\" width=\"1248\" height=\"536\" \/><\/p>\n<\/div><\/div><div style=\"clear: both\"><\/div><div class=\"d-flex justify-content-center\"><button data-item=\"decouvrez_link\" data-group=\"website_links\" class=\"goto fw-bold rounded-pill btn btn-orange\" aria-label=\"Descargar Gangstasino\" >Descargar Gangstasino<\/button><\/div><div class=\"scrollable-content-wrap my-5\"><div class=\"scrollable-content-inner\"><h2>Aplicaci\u00f3n m\u00f3vil para iOS<\/h2>\n<p>La aplicaci\u00f3n Gangstasino est\u00e1 optimizada para iPhone y iPad. Cualquier dispositivo basado en iOS puede utilizar la aplicaci\u00f3n. Todas las funciones del casino disponibles en el navegador estar\u00e1n disponibles para ti en la aplicaci\u00f3n especial. No se requiere App Store; la aplicaci\u00f3n se puede descargar directamente en el navegador.<\/p>\n<h3>Configurar la aplicaci\u00f3n para iOS<\/h3>\n<p>Para instalar la aplicaci\u00f3n para iOS:<\/p>\n<ol>\n<li>Abre el sitio web de Gangstasino en Safari.<\/li>\n<li>Pulsa el bot\u00f3n \u00abCompartir\u00bb (cuadrado con una flecha hacia arriba).<\/li>\n<li>Seleccione \u00abA\u00f1adir a la pantalla de inicio\u00bb en el men\u00fa.<\/li>\n<li>Confirma haciendo clic en \u00abA\u00f1adir\u00bb.<\/li>\n<\/ol>\n<p>Aparecer\u00e1 un acceso directo en la pantalla de inicio que te permitir\u00e1 acceder r\u00e1pidamente al casino. En la aplicaci\u00f3n, puedes depositar y retirar fondos, gestionar cuentas, utilizar bonificaciones, ponerte en contacto con nuestro equipo de asistencia y ver las clasificaciones de los torneos.<\/p>\n<p><img loading=\"lazy\" decoding=\"async\" src=\"https:\/\/gangstasino.org\/wp-content\/uploads\/2025\/11\/Ganstasino-App-iOS.webp\" alt=\"Ganstasino App iOS\" width=\"1248\" height=\"536\" \/><\/p>\n<\/div><\/div><div style=\"clear: both\"><\/div><div class=\"d-flex justify-content-center\"><button data-item=\"decouvrez_link\" data-group=\"website_links\" class=\"goto fw-bold rounded-pill btn btn-orange\" aria-label=\"Descarga la aplicaci\u00f3n Gangstasino\" >Descarga la aplicaci\u00f3n Gangstasino<\/button><\/div><div class=\"scrollable-content-wrap my-5\"><div class=\"scrollable-content-inner\"><h2>Juega a Gangsta Sino en Mac o Windows<\/h2>\n<p>La aplicaci\u00f3n de escritorio de Gangstasino Casino proporciona a los jugadores acceso a la colecci\u00f3n completa de juegos disponibles en el navegador. Por ejemplo, aqu\u00ed puedes jugar a tragamonedas en l\u00ednea, juegos de mesa y juegos con crupieres en vivo de forma r\u00e1pida y sencilla desde tu ordenador. Para jugar a los juegos de Gangstasino Casino, solo tienes que abrir cualquier navegador, escribir Gangstasino en la barra de b\u00fasqueda y acceder a nuestra p\u00e1gina web oficial.<\/p>\n<p>Tambi\u00e9n puede crear un acceso directo en su escritorio que le permita abrir r\u00e1pidamente el casino desde su pantalla de inicio. Este acceso directo es un programa independiente, pero le permite acceder r\u00e1pidamente a todas las funciones del casino, como gestionar su cuenta, obtener bonificaciones y recibir ayuda. La edici\u00f3n de escritorio tiene la misma calidad visual y funcionalidad completa que las versiones para m\u00f3viles y navegadores.<\/p>\n<p><img loading=\"lazy\" decoding=\"async\" src=\"https:\/\/gangstasino.org\/wp-content\/uploads\/2025\/11\/Ganstasino-App-Windows.webp\" alt=\"Ganstasino App Windows\" width=\"1248\" height=\"536\" \/><\/p>\n<\/div><\/div><div style=\"clear: both\"><\/div><div class=\"d-flex justify-content-center\"><button data-item=\"decouvrez_link\" data-group=\"website_links\" class=\"goto fw-bold rounded-pill btn btn-orange\" aria-label=\"Descargar Gangstasino\" >Descargar Gangstasino<\/button><\/div><div class=\"scrollable-content-wrap my-5\"><div class=\"scrollable-content-inner\"><h2>Ventajas y caracter\u00edsticas de la aplicaci\u00f3n Gangstasino<\/h2>\n<p>La aplicaci\u00f3n Gangstasino cuenta con una interfaz m\u00f3vil f\u00e1cil de usar y gr\u00e1ficos de alta calidad. Reproduce la funcionalidad de la versi\u00f3n de escritorio, pero ofrece una flexibilidad adicional gracias a su interfaz optimizada para m\u00f3viles. Los usuarios pueden jugar a tragamonedas en l\u00ednea, juegos con crupier en vivo y gestionar promociones.<\/p>\n<table>\n<tbody>\n<tr>\n<td>Caracter\u00edstica<\/td>\n<td>Aplicaci\u00f3n Gangstasino<\/td>\n<td>Gangstasino para ordenador<\/td>\n<\/tr>\n<tr>\n<td>Accesibilidad<\/td>\n<td>Funciona directamente a trav\u00e9s del navegador (PWA), sin necesidad de descargas<\/td>\n<td>Se accede a trav\u00e9s del navegador o del acceso directo del escritorio<\/td>\n<\/tr>\n<tr>\n<td>Interfaz<\/td>\n<td>Adaptable y t\u00e1ctil para todas las pantallas<\/td>\n<td>Dise\u00f1o m\u00e1s grande, ideal para juegos en pantalla panor\u00e1mica<\/td>\n<\/tr>\n<tr>\n<td>Rendimiento<\/td>\n<td>Optimizado para velocidad y estabilidad en redes m\u00f3viles<\/td>\n<td>Rendimiento estable en conexiones por cable y Wi-Fi<\/td>\n<\/tr>\n<tr>\n<td>Biblioteca de juegos<\/td>\n<td>Acceso completo a todas las tragamonedas, mesas y juegos de casino en vivo<\/td>\n<td>Cat\u00e1logo completo de juegos, incluyendo gr\u00e1ficos en alta definici\u00f3n<\/td>\n<\/tr>\n<tr>\n<td>Pagos<\/td>\n<td>Admite todos los m\u00e9todos de dep\u00f3sito y retirada<\/td>\n<td>Admite todos los m\u00e9todos de pago<\/td>\n<\/tr>\n<tr>\n<td>Comodidad<\/td>\n<td>Juego instant\u00e1neo en cualquier lugar y en cualquier momento<\/td>\n<td>C\u00f3modo para sesiones largas en casa<\/td>\n<\/tr>\n<tr>\n<td>Notificaciones<\/td>\n<td>Alertas en la aplicaci\u00f3n sobre bonificaciones y torneos<\/td>\n<td>Notificaciones solo por correo electr\u00f3nico o navegador<\/td>\n<\/tr>\n<\/tbody>\n<\/table>\n<p>Al igual que la versi\u00f3n para PC, la aplicaci\u00f3n Gangstasino est\u00e1 protegida de forma segura mediante cifrado de datos. Nos preocupamos por ofrecer un entorno seguro y, por lo tanto, implementamos procedimientos de seguridad como un proceso de verificaci\u00f3n obligatorio.<\/p>\n<h2>Preguntas frecuentes<\/h2>\n<h3>\u00bfLa aplicaci\u00f3n Gangsta Sino est\u00e1 disponible tanto para iOS como para Android?<\/h3>\n<p>S\u00ed, la aplicaci\u00f3n Gangstasino est\u00e1 disponible para iOS, Android y PC. Nuestros jugadores pueden instalar la aplicaci\u00f3n directamente desde su navegador sin tener que ir a la App Store o Play Store. La aplicaci\u00f3n te da acceso instant\u00e1neo a todas las funciones del casino.<\/p>\n<h3>\u00bfTengo que actualizar la aplicaci\u00f3n manualmente?<\/h3>\n<p>No es necesario realizar actualizaciones manuales. La aplicaci\u00f3n Gangstasino es una plataforma web que se actualiza autom\u00e1ticamente a la \u00faltima versi\u00f3n cada vez que se inicia. La versi\u00f3n actualizada de la aplicaci\u00f3n te da acceso a los \u00faltimos juegos, funciones y actualizaciones de seguridad sin tener que reinstalar ni descargar nada manualmente.<\/p>\n<h3>\u00bfEst\u00e1 disponible toda la biblioteca de juegos en el m\u00f3vil?<\/h3>\n<p>S\u00ed. Toda la biblioteca de juegos de Gangstasino, incluyendo tragamonedas, juegos de mesa y juegos con crupier en vivo, est\u00e1 disponible en tu dispositivo m\u00f3vil. La interfaz m\u00f3vil est\u00e1 totalmente optimizada para las pantallas de los dispositivos m\u00f3viles. La optimizaci\u00f3n de los juegos para dispositivos permite una jugabilidad y unos gr\u00e1ficos de alta calidad. La aplicaci\u00f3n proporciona acceso instant\u00e1neo a todo el contenido del casino.<\/p>\n<h3>\u00bfLa aplicaci\u00f3n ofrece la misma seguridad que el sitio web para ordenadores?<\/h3>\n<p>Por supuesto. La aplicaci\u00f3n Gangstasino utiliza el mismo cifrado SSL y los mismos protocolos de seguridad avanzados que la versi\u00f3n de escritorio del sitio. Los datos de los jugadores, las transacciones y los datos personales est\u00e1n totalmente protegidos. Nuestro casino ofrece un entorno de juego seguro en todos los dispositivos.<\/p>\n<\/div><\/div><\/p>\n","protected":false},"excerpt":{"rendered":"<p>Aplicaci\u00f3n Gangstasino para iOS, Android y PC Con la Gangstasino app, puedes transferir toda tu experiencia de juego a tu dispositivo m\u00f3vil. La aplicaci\u00f3n ofrece las mismas funciones que la versi\u00f3n para navegador. Hemos adaptado la interfaz de la aplicaci\u00f3n a cualquier dispositivo. Si quieres acceder r\u00e1pidamente a Gangstasino Casino est\u00e9s donde est\u00e9s, tienes que [&hellip;]<\/p>\n","protected":false},"author":1,"featured_media":0,"parent":0,"menu_order":0,"comment_status":"closed","ping_status":"closed","template":"template-builder.php","meta":{"_acf_changed":false,"inline_featured_image":false,"footnotes":""},"class_list":["post-1758","page","type-page","status-publish","hentry"],"acf":[],"yoast_head":"<!-- This site is optimized with the Yoast SEO plugin v27.3 - https:\/\/yoast.com\/product\/yoast-seo-wordpress\/ -->\n<title>Casino m\u00f3vil Gangstasino | App para Android e iOS<\/title>\n<meta name=\"description\" content=\"Obt\u00e9n la app Gangsta Sino para jugar instant\u00e1neamente en cualquier dispositivo m\u00f3vil | Accede a todos los juegos con total seguridad y soporte 24\/7 | \u00a1Desc\u00e1rgala ahora y juega en cualquier lugar!\" \/>\n<meta name=\"robots\" content=\"index, follow, max-snippet:-1, max-image-preview:large, max-video-preview:-1\" \/>\n<link rel=\"canonical\" href=\"https:\/\/gangstasino.org\/es\/aplicacion\/\" \/>\n<meta property=\"og:locale\" content=\"es_ES\" \/>\n<meta property=\"og:type\" content=\"article\" \/>\n<meta property=\"og:title\" content=\"Casino m\u00f3vil Gangstasino | App para Android e iOS\" \/>\n<meta property=\"og:description\" content=\"Obt\u00e9n la app Gangsta Sino para jugar instant\u00e1neamente en cualquier dispositivo m\u00f3vil | Accede a todos los juegos con total seguridad y soporte 24\/7 | \u00a1Desc\u00e1rgala ahora y juega en cualquier lugar!\" \/>\n<meta property=\"og:url\" content=\"https:\/\/gangstasino.org\/es\/aplicacion\/\" \/>\n<meta property=\"og:site_name\" content=\"Gangstasino\" \/>\n<meta property=\"article:modified_time\" content=\"2025-11-12T11:59:45+00:00\" \/>\n<meta name=\"twitter:card\" content=\"summary_large_image\" \/>\n<meta name=\"twitter:label1\" content=\"Est. reading time\" \/>\n\t<meta name=\"twitter:data1\" content=\"1 minuto\" \/>\n<script type=\"application\/ld+json\" class=\"yoast-schema-graph\">{\"@context\":\"https:\\\/\\\/schema.org\",\"@graph\":[{\"@type\":\"WebPage\",\"@id\":\"https:\\\/\\\/gangstasino.org\\\/es\\\/aplicacion\\\/\",\"url\":\"https:\\\/\\\/gangstasino.org\\\/es\\\/aplicacion\\\/\",\"name\":\"Casino m\u00f3vil Gangstasino | App para Android e iOS\",\"isPartOf\":{\"@id\":\"https:\\\/\\\/gangstasino.org\\\/es\\\/#website\"},\"datePublished\":\"2025-11-12T06:53:06+00:00\",\"dateModified\":\"2025-11-12T11:59:45+00:00\",\"description\":\"Obt\u00e9n la app Gangsta Sino para jugar instant\u00e1neamente en cualquier dispositivo m\u00f3vil | Accede a todos los juegos con total seguridad y soporte 24\\\/7 | \u00a1Desc\u00e1rgala ahora y juega en cualquier lugar!\",\"breadcrumb\":{\"@id\":\"https:\\\/\\\/gangstasino.org\\\/es\\\/aplicacion\\\/#breadcrumb\"},\"inLanguage\":\"es\",\"potentialAction\":[{\"@type\":\"ReadAction\",\"target\":[\"https:\\\/\\\/gangstasino.org\\\/es\\\/aplicacion\\\/\"]}]},{\"@type\":\"BreadcrumbList\",\"@id\":\"https:\\\/\\\/gangstasino.org\\\/es\\\/aplicacion\\\/#breadcrumb\",\"itemListElement\":[{\"@type\":\"ListItem\",\"position\":1,\"name\":\"Gangstasino\",\"item\":\"https:\\\/\\\/gangstasino.org\\\/es\\\/\"},{\"@type\":\"ListItem\",\"position\":2,\"name\":\"Aplicaci\u00f3n\"}]},{\"@type\":\"WebSite\",\"@id\":\"https:\\\/\\\/gangstasino.org\\\/es\\\/#website\",\"url\":\"https:\\\/\\\/gangstasino.org\\\/es\\\/\",\"name\":\"Gangstasino\",\"description\":\"\",\"publisher\":{\"@id\":\"https:\\\/\\\/gangstasino.org\\\/es\\\/#organization\"},\"potentialAction\":[{\"@type\":\"SearchAction\",\"target\":{\"@type\":\"EntryPoint\",\"urlTemplate\":\"https:\\\/\\\/gangstasino.org\\\/es\\\/?s={search_term_string}\"},\"query-input\":{\"@type\":\"PropertyValueSpecification\",\"valueRequired\":true,\"valueName\":\"search_term_string\"}}],\"inLanguage\":\"es\"},{\"@type\":\"Organization\",\"@id\":\"https:\\\/\\\/gangstasino.org\\\/es\\\/#organization\",\"name\":\"Gangstasino\",\"url\":\"https:\\\/\\\/gangstasino.org\\\/es\\\/\",\"logo\":{\"@type\":\"ImageObject\",\"inLanguage\":\"es\",\"@id\":\"https:\\\/\\\/gangstasino.org\\\/es\\\/#\\\/schema\\\/logo\\\/image\\\/\",\"url\":\"https:\\\/\\\/gangstasino.org\\\/wp-content\\\/uploads\\\/2025\\\/08\\\/80u1FaquEZeR6OUTeJCc.png\",\"contentUrl\":\"https:\\\/\\\/gangstasino.org\\\/wp-content\\\/uploads\\\/2025\\\/08\\\/80u1FaquEZeR6OUTeJCc.png\",\"width\":152,\"height\":35,\"caption\":\"Gangstasino\"},\"image\":{\"@id\":\"https:\\\/\\\/gangstasino.org\\\/es\\\/#\\\/schema\\\/logo\\\/image\\\/\"}}]}<\/script>\n<!-- \/ Yoast SEO plugin. -->","yoast_head_json":{"title":"Casino m\u00f3vil Gangstasino | App para Android e iOS","description":"Obt\u00e9n la app Gangsta Sino para jugar instant\u00e1neamente en cualquier dispositivo m\u00f3vil | Accede a todos los juegos con total seguridad y soporte 24\/7 | \u00a1Desc\u00e1rgala ahora y juega en cualquier lugar!","robots":{"index":"index","follow":"follow","max-snippet":"max-snippet:-1","max-image-preview":"max-image-preview:large","max-video-preview":"max-video-preview:-1"},"canonical":"https:\/\/gangstasino.org\/es\/aplicacion\/","og_locale":"es_ES","og_type":"article","og_title":"Casino m\u00f3vil Gangstasino | App para Android e iOS","og_description":"Obt\u00e9n la app Gangsta Sino para jugar instant\u00e1neamente en cualquier dispositivo m\u00f3vil | Accede a todos los juegos con total seguridad y soporte 24\/7 | \u00a1Desc\u00e1rgala ahora y juega en cualquier lugar!","og_url":"https:\/\/gangstasino.org\/es\/aplicacion\/","og_site_name":"Gangstasino","article_modified_time":"2025-11-12T11:59:45+00:00","twitter_card":"summary_large_image","twitter_misc":{"Est. reading time":"1 minuto"},"schema":{"@context":"https:\/\/schema.org","@graph":[{"@type":"WebPage","@id":"https:\/\/gangstasino.org\/es\/aplicacion\/","url":"https:\/\/gangstasino.org\/es\/aplicacion\/","name":"Casino m\u00f3vil Gangstasino | App para Android e iOS","isPartOf":{"@id":"https:\/\/gangstasino.org\/es\/#website"},"datePublished":"2025-11-12T06:53:06+00:00","dateModified":"2025-11-12T11:59:45+00:00","description":"Obt\u00e9n la app Gangsta Sino para jugar instant\u00e1neamente en cualquier dispositivo m\u00f3vil | Accede a todos los juegos con total seguridad y soporte 24\/7 | \u00a1Desc\u00e1rgala ahora y juega en cualquier lugar!","breadcrumb":{"@id":"https:\/\/gangstasino.org\/es\/aplicacion\/#breadcrumb"},"inLanguage":"es","potentialAction":[{"@type":"ReadAction","target":["https:\/\/gangstasino.org\/es\/aplicacion\/"]}]},{"@type":"BreadcrumbList","@id":"https:\/\/gangstasino.org\/es\/aplicacion\/#breadcrumb","itemListElement":[{"@type":"ListItem","position":1,"name":"Gangstasino","item":"https:\/\/gangstasino.org\/es\/"},{"@type":"ListItem","position":2,"name":"Aplicaci\u00f3n"}]},{"@type":"WebSite","@id":"https:\/\/gangstasino.org\/es\/#website","url":"https:\/\/gangstasino.org\/es\/","name":"Gangstasino","description":"","publisher":{"@id":"https:\/\/gangstasino.org\/es\/#organization"},"potentialAction":[{"@type":"SearchAction","target":{"@type":"EntryPoint","urlTemplate":"https:\/\/gangstasino.org\/es\/?s={search_term_string}"},"query-input":{"@type":"PropertyValueSpecification","valueRequired":true,"valueName":"search_term_string"}}],"inLanguage":"es"},{"@type":"Organization","@id":"https:\/\/gangstasino.org\/es\/#organization","name":"Gangstasino","url":"https:\/\/gangstasino.org\/es\/","logo":{"@type":"ImageObject","inLanguage":"es","@id":"https:\/\/gangstasino.org\/es\/#\/schema\/logo\/image\/","url":"https:\/\/gangstasino.org\/wp-content\/uploads\/2025\/08\/80u1FaquEZeR6OUTeJCc.png","contentUrl":"https:\/\/gangstasino.org\/wp-content\/uploads\/2025\/08\/80u1FaquEZeR6OUTeJCc.png","width":152,"height":35,"caption":"Gangstasino"},"image":{"@id":"https:\/\/gangstasino.org\/es\/#\/schema\/logo\/image\/"}}]}},"_links":{"self":[{"href":"https:\/\/gangstasino.org\/es\/wp-json\/wp\/v2\/pages\/1758","targetHints":{"allow":["GET"]}}],"collection":[{"href":"https:\/\/gangstasino.org\/es\/wp-json\/wp\/v2\/pages"}],"about":[{"href":"https:\/\/gangstasino.org\/es\/wp-json\/wp\/v2\/types\/page"}],"author":[{"embeddable":true,"href":"https:\/\/gangstasino.org\/es\/wp-json\/wp\/v2\/users\/1"}],"replies":[{"embeddable":true,"href":"https:\/\/gangstasino.org\/es\/wp-json\/wp\/v2\/comments?post=1758"}],"version-history":[{"count":2,"href":"https:\/\/gangstasino.org\/es\/wp-json\/wp\/v2\/pages\/1758\/revisions"}],"predecessor-version":[{"id":2181,"href":"https:\/\/gangstasino.org\/es\/wp-json\/wp\/v2\/pages\/1758\/revisions\/2181"}],"wp:attachment":[{"href":"https:\/\/gangstasino.org\/es\/wp-json\/wp\/v2\/media?parent=1758"}],"curies":[{"name":"wp","href":"https:\/\/api.w.org\/{rel}","templated":true}]}}