{"id":1798,"date":"2025-11-12T07:03:23","date_gmt":"2025-11-12T07:03:23","guid":{"rendered":"https:\/\/gangstasino.org\/login-and-registration\/"},"modified":"2025-11-12T12:01:10","modified_gmt":"2025-11-12T12:01:10","slug":"inicio-de-sesion-y-registro","status":"publish","type":"page","link":"https:\/\/gangstasino.org\/es\/inicio-de-sesion-y-registro\/","title":{"rendered":"Inicio de sesi\u00f3n y Registro"},"content":{"rendered":"<h1>Inicio de sesi\u00f3n y registro de cuenta en Gangstasino<\/h1>\n<p>Antes de utilizar las funciones de nuestro casino, todos los usuarios deben crear una cuenta. Para ayudarte a aprender todo sobre este proceso, hemos creado la pesta\u00f1a de Gangstasino login. Solo los usuarios registrados pueden acceder a sus perfiles, realizar dep\u00f3sitos y empezar a jugar. Los nuevos jugadores espa\u00f1oles que a\u00fan no se hayan registrado pueden crear una cuenta en unos sencillos pasos.<\/p>\n<p><div class=\"banner-wrap\" aria-label=\"Banner\"><img src=\"https:\/\/gangstasino.org\/wp-content\/uploads\/2025\/11\/Gangstasino-Banner-Desktop.webp\" class=\"w-100 d-none d-lg-block img-pc main-banner-img\" alt=\"Gangstasino bonus desktop\" fetchpriority=\"high\" decoding=\"async\"><img src=\"https:\/\/gangstasino.org\/wp-content\/uploads\/2025\/11\/Gangstasino-bonus-mobile.webp\" class=\"w-100 d-none d-md-block d-lg-none main-banner-img\" alt=\"Gangstasino bonus mobile\" fetchpriority=\"high\" decoding=\"async\"><img src=\"https:\/\/gangstasino.org\/wp-content\/uploads\/2025\/11\/Gangstasino-bonus-mobile.webp\" class=\"w-100 d-md-none\" alt=\"Gangstasino bonus mobile\" fetchpriority=\"high\" decoding=\"async\"><div class=\"banner-description\">\n<div class=\"banner-title\">Bonos de bienvenida<\/div>\n<p class=\"banner-header-title\">\u20ac1500<\/p>\n<div class=\"banner-header-AdditionalText\">+ 250 giros gratis<\/div>\n<p>&nbsp;<\/p>\n<div class=\"m-button-content\"><button data-item=\"homepage_banner_link\" class=\"goto m-button m-gradient-border m-button--primary m-button--large banner-button btn-orange\">\n            <div class=\"m-button-content\">\n                <span>Reg\u00edstrate gratis ahora<\/span>\n                <span><\/span>\n            <\/div>\n        <\/button><\/div>\n<p>&nbsp;<\/p>\n<\/div>\n<div class=\"WelcomePack\">\n<p><img loading=\"lazy\" decoding=\"async\" class=\"alignnone size-full wp-image-1623\" src=\"https:\/\/gangstasino.org\/wp-content\/uploads\/2025\/11\/welcome-crown.svg\" alt=\"crown\" width=\"25\" height=\"26\" \/><\/p>\n<div class=\"WelcomePack-Info\">\n<p>Cashback semanal de hasta el 25%<\/p>\n<\/div>\n<p><img loading=\"lazy\" decoding=\"async\" class=\"alignnone size-full wp-image-1623\" src=\"https:\/\/gangstasino.org\/wp-content\/uploads\/2025\/11\/welcome-crown.svg\" alt=\"crown\" width=\"25\" height=\"26\" \/><\/p>\n<\/div>\n<\/div><div class=\"scrollable-content-wrap my-5 \"><div class=\"scrollable-content-inner\"><h2>Forma parte de Gangstasino<\/h2>\n<p>Despu\u00e9s de registrar una cuenta, recibir\u00e1s acceso completo a la biblioteca de juegos de Gangstasino. Tendr\u00e1s acceso a todas las tragamonedas, juegos de mesa, juegos de cartas, juegos con crupier en vivo, juegos instant\u00e1neos y juegos crash. Solo los usuarios registrados pueden participar en torneos, recibir bonificaciones y gestionar dep\u00f3sitos y retiros. Las herramientas de juego responsable tambi\u00e9n est\u00e1n disponibles para los usuarios registrados. Todas las funciones del casino est\u00e1n disponibles para los usuarios registrados desde cualquier dispositivo.<\/p>\n<table>\n<tbody>\n<tr>\n<td>Ventajas<\/td>\n<td>Detalles<\/td>\n<\/tr>\n<tr>\n<td>Acceso completo a los juegos<\/td>\n<td>Los usuarios registrados pueden jugar a todas las tragamonedas, juegos de mesa, juegos con crupier en vivo, juegos instant\u00e1neos y juegos crash.<\/td>\n<\/tr>\n<tr>\n<td>Participaci\u00f3n en promociones<\/td>\n<td>Solo los jugadores registrados pueden reclamar bonificaciones, participar en torneos y acceder a recompensas VIP.<\/td>\n<\/tr>\n<tr>\n<td>Gesti\u00f3n de la cuenta<\/td>\n<td>Los usuarios pueden gestionar los dep\u00f3sitos, retiradas, bonificaciones activas y c\u00f3digos promocionales directamente desde su cuenta.<\/td>\n<\/tr>\n<tr>\n<td>Herramientas de juego responsable<\/td>\n<td>Accede a temporizadores de sesi\u00f3n, opciones de autoexclusi\u00f3n y otros ajustes de juego responsable.<\/td>\n<\/tr>\n<tr>\n<td>Funciones VIP<\/td>\n<td>Gestiona tu membres\u00eda VIP y obt\u00e9n ventajas exclusivas para grandes apostadores.<\/td>\n<\/tr>\n<tr>\n<td>Verificaci\u00f3n segura<\/td>\n<td>La verificaci\u00f3n KYC garantiza retiradas sin retrasos. Garantiza su seguridad.<\/td>\n<\/tr>\n<tr>\n<td>Asistencia multiling\u00fce<\/td>\n<td>P\u00f3ngase en contacto con nuestro equipo de asistencia multiling\u00fce en cualquier momento a trav\u00e9s del chat en vivo o por correo electr\u00f3nico.<\/td>\n<\/tr>\n<\/tbody>\n<\/table>\n<h3>C\u00f3mo configurar su cuenta<\/h3>\n<ol>\n<li>Pulsa el bot\u00f3n \u00abRegistrarse\u00bb en la esquina superior derecha de la p\u00e1gina principal.<\/li>\n<li>Rellene sus datos personales, como su direcci\u00f3n de correo electr\u00f3nico y una contrase\u00f1a segura. Si tiene un c\u00f3digo promocional, introd\u00fazcalo en este momento.<\/li>\n<li>Marque la casilla que indica que es mayor de 18 a\u00f1os. Acepte la Pol\u00edtica de privacidad y los T\u00e9rminos y condiciones.<\/li>\n<li>Pulsa \u00abRegistrarse\u00bb para completar tu registro.<\/li>\n<li>Siga el enlace del correo electr\u00f3nico para confirmar su cuenta.<\/li>\n<\/ol>\n<p>Tu cuenta ya est\u00e1 verificada y activa. Puedes jugar a cualquier juego de nuestro casino, realizar apuestas, recibir bonificaciones, participar en torneos y mucho m\u00e1s.<\/p>\n<h2>Procedimiento de verificaci\u00f3n para los jugadores de Gangsta Sino<\/h2>\n<p>En Gangsta Sino, todos los usuarios se someten a un proceso de verificaci\u00f3n para garantizar la seguridad de la cuenta y el juego limpio. Los jugadores deben subir documentos oficiales como el pasaporte, el documento de identidad, el permiso de conducir o una factura reciente de servicios p\u00fablicos. Nuestro equipo comprobar\u00e1 sus documentos en un plazo de 48 horas. Su cuenta quedar\u00e1 totalmente validada una vez finalizado el proceso de verificaci\u00f3n. Una vez finalizado el proceso de verificaci\u00f3n, su cuenta quedar\u00e1 totalmente verificada. No podr\u00e1 retirar fondos hasta que haya sido verificado. As\u00ed es como funciona nuestra pol\u00edtica \u00abConozca a su cliente\u00bb (KYC). Su objetivo es proteger a los usuarios contra el fraude. En la parte inferior de nuestra p\u00e1gina encontrar\u00e1 instrucciones paso a paso sobre c\u00f3mo enviar los documentos y seguir las normas KYC.<\/p>\n<h2>Gestiona tu cuenta<\/h2>\n<p>Para iniciar el proceso de inicio de sesi\u00f3n en Gangstasino, haz clic en el bot\u00f3n de inicio de sesi\u00f3n situado en la esquina superior derecha del sitio web. Introduce tu direcci\u00f3n de correo electr\u00f3nico y contrase\u00f1a registradas para iniciar sesi\u00f3n. Una vez que hayas iniciado sesi\u00f3n, podr\u00e1s jugar a cualquier juego y cambiar todos los ajustes de tu perfil, como dep\u00f3sitos, retiradas, bonificaciones activas, promociones y ajustes de la cuenta.<\/p>\n<p>Tambi\u00e9n puede gestionar su membres\u00eda VIP, jugar en torneos y cambiar la configuraci\u00f3n de juego responsable, como los temporizadores de sesi\u00f3n o la autoexclusi\u00f3n, a trav\u00e9s del panel de control de la cuenta. Los usuarios tambi\u00e9n tienen acceso a la secci\u00f3n de historial de juego para realizar un seguimiento de su actividad. Ofrecemos asistencia multiling\u00fce a todos los usuarios. Puede ponerse en contacto con nuestro equipo de asistencia a trav\u00e9s del chat en vivo o por correo electr\u00f3nico. Si tiene alg\u00fan problema para iniciar sesi\u00f3n, nuestro equipo de asistencia est\u00e1 listo para ayudarle.<\/p>\n<h3>Instrucciones para restablecer la contrase\u00f1a de Gangstasino<\/h3>\n<p>No se preocupe si ha olvidado su contrase\u00f1a. Recuperarla es un procedimiento sencillo. Qu\u00e9 hacer si ha olvidado su contrase\u00f1a:<\/p>\n<ol>\n<li>Haga clic en \u00abIniciar sesi\u00f3n\u00bb en la esquina superior derecha de la p\u00e1gina principal.<\/li>\n<li>Ver\u00e1 el bot\u00f3n \u00ab\u00bfHa olvidado su contrase\u00f1a?\u00bb. Haga clic en \u00e9l.<\/li>\n<li>Introduce la direcci\u00f3n de correo electr\u00f3nico que utilizaste para registrarte en Gangstasino.<\/li>\n<li>Recibir\u00e1 un correo electr\u00f3nico con un enlace para restablecer su contrase\u00f1a.<\/li>\n<li>Establece una nueva contrase\u00f1a y conf\u00edrmala.<\/li>\n<\/ol>\n<p>Su cuenta quedar\u00e1 restaurada. Si tiene alg\u00fan problema en este paso, puede ponerse en contacto con nuestro equipo de asistencia por correo electr\u00f3nico o chat en vivo en el sitio web.<\/p>\n<h2>Preguntas frecuentes<\/h2>\n<h3>\u00bfQu\u00e9 debo hacer si olvido mi contrase\u00f1a?<\/h3>\n<p>Si ha olvidado su contrase\u00f1a, haga clic en \u00abIniciar sesi\u00f3n\u00bb y, a continuaci\u00f3n, en \u00ab\u00bfHa olvidado su contrase\u00f1a?\u00bb en la p\u00e1gina de inicio de Gangstasino. Introduzca su direcci\u00f3n de correo electr\u00f3nico y siga el enlace del correo electr\u00f3nico. Ahora puede crear una nueva contrase\u00f1a. Su cuenta se restaurar\u00e1 y podr\u00e1 volver a iniciar sesi\u00f3n.<\/p>\n<h3>\u00bfQu\u00e9 informaci\u00f3n debo proporcionar para registrar una cuenta?<\/h3>\n<p>Para registrar una cuenta en Gangstasino, proporcione su nombre completo, una direcci\u00f3n de correo electr\u00f3nico v\u00e1lida y una contrase\u00f1a. Debe confirmar que es mayor de 18 a\u00f1os y aceptar nuestros T\u00e9rminos de uso.<\/p>\n<h3>\u00bfPor qu\u00e9 tengo problemas para iniciar sesi\u00f3n en mi cuenta?<\/h3>\n<p>Pueden producirse problemas de inicio de sesi\u00f3n en Gangstasino si sus credenciales se introducen incorrectamente o si su cuenta no ha sido verificada. Aseg\u00farese de que su direcci\u00f3n de correo electr\u00f3nico y contrase\u00f1a son correctas. Si es as\u00ed, restablezca su contrase\u00f1a y compruebe su correo electr\u00f3nico para ver si hay mensajes de activaci\u00f3n o confirmaci\u00f3n de seguridad de Gangsta Sino.<\/p>\n<\/div><\/div><\/p>\n","protected":false},"excerpt":{"rendered":"<p>Inicio de sesi\u00f3n y registro de cuenta en Gangstasino Antes de utilizar las funciones de nuestro casino, todos los usuarios deben crear una cuenta. Para ayudarte a aprender todo sobre este proceso, hemos creado la pesta\u00f1a de Gangstasino login. Solo los usuarios registrados pueden acceder a sus perfiles, realizar dep\u00f3sitos y empezar a jugar. Los [&hellip;]<\/p>\n","protected":false},"author":1,"featured_media":0,"parent":0,"menu_order":0,"comment_status":"closed","ping_status":"closed","template":"template-builder.php","meta":{"_acf_changed":false,"inline_featured_image":false,"footnotes":""},"class_list":["post-1798","page","type-page","status-publish","hentry"],"acf":[],"yoast_head":"<!-- This site is optimized with the Yoast SEO plugin v27.3 - https:\/\/yoast.com\/product\/yoast-seo-wordpress\/ -->\n<title>Gangstasino Login | Registro y gesti\u00f3n de cuentas<\/title>\n<meta name=\"description\" content=\"Usa tu Gangsta Sino login para acceder de forma segura a tu cuenta, gestionar dep\u00f3sitos y revisar tu historial de juego. Los nuevos usuarios pueden registrar una cuenta en un instante. \u00a1Inicia sesi\u00f3n o \u00fanete ahora!\" \/>\n<meta name=\"robots\" content=\"index, follow, max-snippet:-1, max-image-preview:large, max-video-preview:-1\" \/>\n<link rel=\"canonical\" href=\"https:\/\/gangstasino.org\/es\/inicio-de-sesion-y-registro\/\" \/>\n<meta property=\"og:locale\" content=\"es_ES\" \/>\n<meta property=\"og:type\" content=\"article\" \/>\n<meta property=\"og:title\" content=\"Gangstasino Login | Registro y gesti\u00f3n de cuentas\" \/>\n<meta property=\"og:description\" content=\"Usa tu Gangsta Sino login para acceder de forma segura a tu cuenta, gestionar dep\u00f3sitos y revisar tu historial de juego. Los nuevos usuarios pueden registrar una cuenta en un instante. \u00a1Inicia sesi\u00f3n o \u00fanete ahora!\" \/>\n<meta property=\"og:url\" content=\"https:\/\/gangstasino.org\/es\/inicio-de-sesion-y-registro\/\" \/>\n<meta property=\"og:site_name\" content=\"Gangstasino\" \/>\n<meta property=\"article:modified_time\" content=\"2025-11-12T12:01:10+00:00\" \/>\n<meta name=\"twitter:card\" content=\"summary_large_image\" \/>\n<meta name=\"twitter:label1\" content=\"Est. reading time\" \/>\n\t<meta name=\"twitter:data1\" content=\"1 minuto\" \/>\n<script type=\"application\/ld+json\" class=\"yoast-schema-graph\">{\"@context\":\"https:\\\/\\\/schema.org\",\"@graph\":[{\"@type\":\"WebPage\",\"@id\":\"https:\\\/\\\/gangstasino.org\\\/es\\\/inicio-de-sesion-y-registro\\\/\",\"url\":\"https:\\\/\\\/gangstasino.org\\\/es\\\/inicio-de-sesion-y-registro\\\/\",\"name\":\"Gangstasino Login | Registro y gesti\u00f3n de cuentas\",\"isPartOf\":{\"@id\":\"https:\\\/\\\/gangstasino.org\\\/es\\\/#website\"},\"datePublished\":\"2025-11-12T07:03:23+00:00\",\"dateModified\":\"2025-11-12T12:01:10+00:00\",\"description\":\"Usa tu Gangsta Sino login para acceder de forma segura a tu cuenta, gestionar dep\u00f3sitos y revisar tu historial de juego. Los nuevos usuarios pueden registrar una cuenta en un instante. \u00a1Inicia sesi\u00f3n o \u00fanete ahora!\",\"breadcrumb\":{\"@id\":\"https:\\\/\\\/gangstasino.org\\\/es\\\/inicio-de-sesion-y-registro\\\/#breadcrumb\"},\"inLanguage\":\"es\",\"potentialAction\":[{\"@type\":\"ReadAction\",\"target\":[\"https:\\\/\\\/gangstasino.org\\\/es\\\/inicio-de-sesion-y-registro\\\/\"]}]},{\"@type\":\"BreadcrumbList\",\"@id\":\"https:\\\/\\\/gangstasino.org\\\/es\\\/inicio-de-sesion-y-registro\\\/#breadcrumb\",\"itemListElement\":[{\"@type\":\"ListItem\",\"position\":1,\"name\":\"Gangstasino\",\"item\":\"https:\\\/\\\/gangstasino.org\\\/es\\\/\"},{\"@type\":\"ListItem\",\"position\":2,\"name\":\"Inicio de sesi\u00f3n y Registro\"}]},{\"@type\":\"WebSite\",\"@id\":\"https:\\\/\\\/gangstasino.org\\\/es\\\/#website\",\"url\":\"https:\\\/\\\/gangstasino.org\\\/es\\\/\",\"name\":\"Gangstasino\",\"description\":\"\",\"publisher\":{\"@id\":\"https:\\\/\\\/gangstasino.org\\\/es\\\/#organization\"},\"potentialAction\":[{\"@type\":\"SearchAction\",\"target\":{\"@type\":\"EntryPoint\",\"urlTemplate\":\"https:\\\/\\\/gangstasino.org\\\/es\\\/?s={search_term_string}\"},\"query-input\":{\"@type\":\"PropertyValueSpecification\",\"valueRequired\":true,\"valueName\":\"search_term_string\"}}],\"inLanguage\":\"es\"},{\"@type\":\"Organization\",\"@id\":\"https:\\\/\\\/gangstasino.org\\\/es\\\/#organization\",\"name\":\"Gangstasino\",\"url\":\"https:\\\/\\\/gangstasino.org\\\/es\\\/\",\"logo\":{\"@type\":\"ImageObject\",\"inLanguage\":\"es\",\"@id\":\"https:\\\/\\\/gangstasino.org\\\/es\\\/#\\\/schema\\\/logo\\\/image\\\/\",\"url\":\"https:\\\/\\\/gangstasino.org\\\/wp-content\\\/uploads\\\/2025\\\/08\\\/80u1FaquEZeR6OUTeJCc.png\",\"contentUrl\":\"https:\\\/\\\/gangstasino.org\\\/wp-content\\\/uploads\\\/2025\\\/08\\\/80u1FaquEZeR6OUTeJCc.png\",\"width\":152,\"height\":35,\"caption\":\"Gangstasino\"},\"image\":{\"@id\":\"https:\\\/\\\/gangstasino.org\\\/es\\\/#\\\/schema\\\/logo\\\/image\\\/\"}}]}<\/script>\n<!-- \/ Yoast SEO plugin. -->","yoast_head_json":{"title":"Gangstasino Login | Registro y gesti\u00f3n de cuentas","description":"Usa tu Gangsta Sino login para acceder de forma segura a tu cuenta, gestionar dep\u00f3sitos y revisar tu historial de juego. Los nuevos usuarios pueden registrar una cuenta en un instante. \u00a1Inicia sesi\u00f3n o \u00fanete ahora!","robots":{"index":"index","follow":"follow","max-snippet":"max-snippet:-1","max-image-preview":"max-image-preview:large","max-video-preview":"max-video-preview:-1"},"canonical":"https:\/\/gangstasino.org\/es\/inicio-de-sesion-y-registro\/","og_locale":"es_ES","og_type":"article","og_title":"Gangstasino Login | Registro y gesti\u00f3n de cuentas","og_description":"Usa tu Gangsta Sino login para acceder de forma segura a tu cuenta, gestionar dep\u00f3sitos y revisar tu historial de juego. Los nuevos usuarios pueden registrar una cuenta en un instante. \u00a1Inicia sesi\u00f3n o \u00fanete ahora!","og_url":"https:\/\/gangstasino.org\/es\/inicio-de-sesion-y-registro\/","og_site_name":"Gangstasino","article_modified_time":"2025-11-12T12:01:10+00:00","twitter_card":"summary_large_image","twitter_misc":{"Est. reading time":"1 minuto"},"schema":{"@context":"https:\/\/schema.org","@graph":[{"@type":"WebPage","@id":"https:\/\/gangstasino.org\/es\/inicio-de-sesion-y-registro\/","url":"https:\/\/gangstasino.org\/es\/inicio-de-sesion-y-registro\/","name":"Gangstasino Login | Registro y gesti\u00f3n de cuentas","isPartOf":{"@id":"https:\/\/gangstasino.org\/es\/#website"},"datePublished":"2025-11-12T07:03:23+00:00","dateModified":"2025-11-12T12:01:10+00:00","description":"Usa tu Gangsta Sino login para acceder de forma segura a tu cuenta, gestionar dep\u00f3sitos y revisar tu historial de juego. Los nuevos usuarios pueden registrar una cuenta en un instante. \u00a1Inicia sesi\u00f3n o \u00fanete ahora!","breadcrumb":{"@id":"https:\/\/gangstasino.org\/es\/inicio-de-sesion-y-registro\/#breadcrumb"},"inLanguage":"es","potentialAction":[{"@type":"ReadAction","target":["https:\/\/gangstasino.org\/es\/inicio-de-sesion-y-registro\/"]}]},{"@type":"BreadcrumbList","@id":"https:\/\/gangstasino.org\/es\/inicio-de-sesion-y-registro\/#breadcrumb","itemListElement":[{"@type":"ListItem","position":1,"name":"Gangstasino","item":"https:\/\/gangstasino.org\/es\/"},{"@type":"ListItem","position":2,"name":"Inicio de sesi\u00f3n y Registro"}]},{"@type":"WebSite","@id":"https:\/\/gangstasino.org\/es\/#website","url":"https:\/\/gangstasino.org\/es\/","name":"Gangstasino","description":"","publisher":{"@id":"https:\/\/gangstasino.org\/es\/#organization"},"potentialAction":[{"@type":"SearchAction","target":{"@type":"EntryPoint","urlTemplate":"https:\/\/gangstasino.org\/es\/?s={search_term_string}"},"query-input":{"@type":"PropertyValueSpecification","valueRequired":true,"valueName":"search_term_string"}}],"inLanguage":"es"},{"@type":"Organization","@id":"https:\/\/gangstasino.org\/es\/#organization","name":"Gangstasino","url":"https:\/\/gangstasino.org\/es\/","logo":{"@type":"ImageObject","inLanguage":"es","@id":"https:\/\/gangstasino.org\/es\/#\/schema\/logo\/image\/","url":"https:\/\/gangstasino.org\/wp-content\/uploads\/2025\/08\/80u1FaquEZeR6OUTeJCc.png","contentUrl":"https:\/\/gangstasino.org\/wp-content\/uploads\/2025\/08\/80u1FaquEZeR6OUTeJCc.png","width":152,"height":35,"caption":"Gangstasino"},"image":{"@id":"https:\/\/gangstasino.org\/es\/#\/schema\/logo\/image\/"}}]}},"_links":{"self":[{"href":"https:\/\/gangstasino.org\/es\/wp-json\/wp\/v2\/pages\/1798","targetHints":{"allow":["GET"]}}],"collection":[{"href":"https:\/\/gangstasino.org\/es\/wp-json\/wp\/v2\/pages"}],"about":[{"href":"https:\/\/gangstasino.org\/es\/wp-json\/wp\/v2\/types\/page"}],"author":[{"embeddable":true,"href":"https:\/\/gangstasino.org\/es\/wp-json\/wp\/v2\/users\/1"}],"replies":[{"embeddable":true,"href":"https:\/\/gangstasino.org\/es\/wp-json\/wp\/v2\/comments?post=1798"}],"version-history":[{"count":2,"href":"https:\/\/gangstasino.org\/es\/wp-json\/wp\/v2\/pages\/1798\/revisions"}],"predecessor-version":[{"id":2183,"href":"https:\/\/gangstasino.org\/es\/wp-json\/wp\/v2\/pages\/1798\/revisions\/2183"}],"wp:attachment":[{"href":"https:\/\/gangstasino.org\/es\/wp-json\/wp\/v2\/media?parent=1798"}],"curies":[{"name":"wp","href":"https:\/\/api.w.org\/{rel}","templated":true}]}}