{"id":1749,"date":"2025-11-12T06:53:06","date_gmt":"2025-11-12T06:53:06","guid":{"rendered":"https:\/\/gangstasino.org\/app\/"},"modified":"2025-12-25T20:47:52","modified_gmt":"2025-12-25T20:47:52","slug":"app","status":"publish","type":"page","link":"https:\/\/gangstasino.org\/fr\/app\/","title":{"rendered":"App"},"content":{"rendered":"<h1>Application Gangstasino pour iOS, Android et PC<\/h1>\n<p>Avec la Gangstasino app, vous pouvez transf\u00e9rer toute votre exp\u00e9rience de jeu sur votre appareil mobile. L&rsquo;application offre les m\u00eames fonctionnalit\u00e9s que la version navigateur. Nous avons rendu l&rsquo;interface de l&rsquo;application adaptative pour tous les appareils. Si vous souhaitez acc\u00e9der rapidement au casino Gangstasino o\u00f9 que vous soyez, vous devez installer l&rsquo;application.<\/p>\n<p><div class=\"banner-wrap\" aria-label=\"Banner\"><img src=\"https:\/\/gangstasino.org\/wp-content\/uploads\/2025\/11\/Gangstasino-Banner-Desktop.webp\" class=\"w-100 d-none d-lg-block img-pc main-banner-img\" alt=\"Gangstasino bonus desktop\" fetchpriority=\"high\" decoding=\"async\"><img src=\"https:\/\/gangstasino.org\/wp-content\/uploads\/2025\/11\/Gangstasino-bonus-mobile.webp\" class=\"w-100 d-none d-md-block d-lg-none main-banner-img\" alt=\"Gangstasino bonus mobile\" fetchpriority=\"high\" decoding=\"async\"><img src=\"https:\/\/gangstasino.org\/wp-content\/uploads\/2025\/11\/Gangstasino-bonus-mobile.webp\" class=\"w-100 d-md-none\" alt=\"Gangstasino bonus mobile\" fetchpriority=\"high\" decoding=\"async\"><div class=\"banner-description\">\n<div class=\"banner-title\">Bonus de bienvenue<\/div>\n<p class=\"banner-header-title\">1000 \u20ac<\/p>\n<div class=\"banner-header-AdditionalText\">+ 100 Tours gratuits<\/div>\n<button data-item=\"homepage_banner_link\" class=\"goto m-button m-gradient-border m-button--primary m-button--large banner-button btn-orange\">\n            <div class=\"m-button-content\">\n                <span>Inscrivez-vous d\u00e8s maintenant<\/span>\n                <span><\/span>\n            <\/div>\n        <\/button>\n<\/div>\n<div class=\"WelcomePack\">\n<p><img loading=\"lazy\" decoding=\"async\" class=\"alignnone wp-image-1619 size-full\" src=\"https:\/\/gangstasino.org\/wp-content\/uploads\/2025\/11\/welcome-crown.svg\" alt=\"crown\" width=\"25\" height=\"26\" \/><\/p>\n<div class=\"WelcomePack-Info\">Cashback hebdomadaire jusqu&rsquo;\u00e0 25 %<\/div>\n<p><img loading=\"lazy\" decoding=\"async\" class=\"alignnone wp-image-1619 size-full\" src=\"https:\/\/gangstasino.org\/wp-content\/uploads\/2025\/11\/welcome-crown.svg\" alt=\"crown\" width=\"25\" height=\"26\" \/><\/p>\n<\/div>\n<\/div><div class=\"scrollable-content-wrap my-5\"><div class=\"scrollable-content-inner\"><h2>Application Gangstasino pour Android<\/h2>\n<p>L&rsquo;application Gangstasino pour Android vous offre une exp\u00e9rience de casino mobile compl\u00e8te. Notre application ne n\u00e9cessite pas de passer par le Play Store. Nous prenons en charge une application web progressive (PWA) qui peut \u00eatre t\u00e9l\u00e9charg\u00e9e directement dans votre navigateur. Afin de maintenir un acc\u00e8s instantan\u00e9 \u00e0 tous les jeux de notre plateforme, nos d\u00e9veloppeurs ont cr\u00e9\u00e9 ce type de t\u00e9l\u00e9chargement. La version Android offre toutes les fonctionnalit\u00e9s du casino, les param\u00e8tres du compte, l&rsquo;assistance par chat en direct et la collection compl\u00e8te de jeux.<\/p>\n<h3>T\u00e9l\u00e9charger le fichier PWA<\/h3>\n<p>L&rsquo;installation de notre PWA est facile ; elle est disponible directement dans votre navigateur sur le site web Gangstasino. Et vous n&rsquo;avez pas besoin d&rsquo;installer l&rsquo;APK Gangstasino. Suivez ces instructions simples :<\/p>\n<ol>\n<li>Naviguez jusqu&rsquo;au bas de la page d&rsquo;accueil de Gangsta Sino.<\/li>\n<li>S\u00e9lectionnez le bouton \u00ab Casino App \u00bb.<\/li>\n<li>Une fen\u00eatre contextuelle appara\u00eetra ; cliquez sur \u00ab Installer \u00bb pour continuer.<\/li>\n<\/ol>\n<p><img loading=\"lazy\" decoding=\"async\" src=\"https:\/\/gangstasino.org\/wp-content\/uploads\/2025\/11\/Ganstasino-App-Android.webp\" alt=\"Ganstasino App Android\" width=\"1248\" height=\"536\" \/><\/p>\n<\/div><\/div><div style=\"clear: both\"><\/div><div class=\"d-flex justify-content-center\"><button data-item=\"decouvrez_link\" data-group=\"website_links\" class=\"goto fw-bold rounded-pill btn btn-orange\" aria-label=\"T\u00e9l\u00e9charger Gangstasino\" >T\u00e9l\u00e9charger Gangstasino<\/button><\/div><div class=\"scrollable-content-wrap my-5\"><div class=\"scrollable-content-inner\"><h2>Application mobile pour iOS<\/h2>\n<p>L&rsquo;application Gangstasino est optimis\u00e9e pour iPhone et iPad. Tout appareil fonctionnant sous iOS peut utiliser l&rsquo;application. Toutes les fonctionnalit\u00e9s du casino disponibles dans le navigateur vous seront accessibles dans l&rsquo;application sp\u00e9ciale. Aucun App Store n&rsquo;est n\u00e9cessaire ; l&rsquo;application peut \u00eatre t\u00e9l\u00e9charg\u00e9e directement dans le navigateur.<\/p>\n<h3>Configurer l&rsquo;application iOS<\/h3>\n<p>Pour installer l&rsquo;application pour iOS :<\/p>\n<ol>\n<li>Ouvrez le site web Gangstasino dans Safari.<\/li>\n<li>Appuyez sur le bouton \u00ab Partager \u00bb (carr\u00e9 avec une fl\u00e8che vers le haut).<\/li>\n<li>S\u00e9lectionnez \u00ab Ajouter \u00e0 l&rsquo;\u00e9cran d&rsquo;accueil \u00bb dans le menu.<\/li>\n<li>Confirmez en cliquant sur \u00ab Ajouter \u00bb.<\/li>\n<\/ol>\n<p>Un raccourci appara\u00eetra sur l&rsquo;\u00e9cran d&rsquo;accueil, vous permettant d&rsquo;acc\u00e9der rapidement au casino. Dans l&rsquo;application, vous pouvez d\u00e9poser et retirer des fonds, g\u00e9rer vos comptes, utiliser des bonus, contacter notre \u00e9quipe d&rsquo;assistance et consulter les classements des tournois.<\/p>\n<p><img loading=\"lazy\" decoding=\"async\" src=\"https:\/\/gangstasino.org\/wp-content\/uploads\/2025\/11\/Ganstasino-App-iOS.webp\" alt=\"Ganstasino App iOS\" width=\"1248\" height=\"536\" \/><\/p>\n<\/div><\/div><div style=\"clear: both\"><\/div><div class=\"d-flex justify-content-center\"><button data-item=\"decouvrez_link\" data-group=\"website_links\" class=\"goto fw-bold rounded-pill btn btn-orange\" aria-label=\"T\u00e9l\u00e9chargez l&#039;application Gangstasino\" >T\u00e9l\u00e9chargez l&#039;application Gangstasino<\/button><\/div><div class=\"scrollable-content-wrap my-5\"><div class=\"scrollable-content-inner\"><h2>Jouez \u00e0 Gangsta Sino sur Mac ou Windows<\/h2>\n<p>L&rsquo;application de bureau Gangstasino Casino permet aux joueurs d&rsquo;acc\u00e9der \u00e0 l&rsquo;ensemble des jeux disponibles dans le navigateur. Par exemple, vous pouvez y jouer rapidement et facilement \u00e0 des machines \u00e0 sous en ligne, des jeux de table et des jeux avec croupiers en direct depuis votre ordinateur. Pour jouer aux jeux Gangstasino Casino, il vous suffit d&rsquo;ouvrir n&rsquo;importe quel navigateur, de saisir Gangstasino dans la barre de recherche et de vous rendre sur notre site officiel.<\/p>\n<p>Vous pouvez \u00e9galement cr\u00e9er un raccourci sur votre bureau qui vous permettra d&rsquo;ouvrir rapidement le casino depuis votre \u00e9cran d&rsquo;accueil. Ce raccourci est un programme \u00e0 part enti\u00e8re, mais il vous permet d&rsquo;acc\u00e9der rapidement \u00e0 toutes les fonctionnalit\u00e9s du casino, telles que la gestion de votre compte, l&rsquo;obtention de bonus et l&rsquo;aide. La version pour ordinateur de bureau offre les m\u00eames graphismes de haute qualit\u00e9 et les m\u00eames fonctionnalit\u00e9s compl\u00e8tes que les versions mobile et navigateur.<\/p>\n<p><img loading=\"lazy\" decoding=\"async\" src=\"https:\/\/gangstasino.org\/wp-content\/uploads\/2025\/11\/Ganstasino-App-Windows.webp\" alt=\"Ganstasino App Windows\" width=\"1248\" height=\"536\" \/><\/p>\n<\/div><\/div><div style=\"clear: both\"><\/div><div class=\"d-flex justify-content-center\"><button data-item=\"decouvrez_link\" data-group=\"website_links\" class=\"goto fw-bold rounded-pill btn btn-orange\" aria-label=\"T\u00e9l\u00e9charger Gangstasino\" >T\u00e9l\u00e9charger Gangstasino<\/button><\/div><div class=\"scrollable-content-wrap my-5\"><div class=\"scrollable-content-inner\"><h2>Avantages et fonctionnalit\u00e9s de l&rsquo;application Gangstasino<\/h2>\n<p>L&rsquo;application Gangstasino dispose d&rsquo;une interface mobile conviviale et de graphismes de haute qualit\u00e9. Elle reproduit les fonctionnalit\u00e9s de la version bureau, mais offre une flexibilit\u00e9 suppl\u00e9mentaire gr\u00e2ce \u00e0 son interface optimis\u00e9e pour les appareils mobiles. Les utilisateurs peuvent jouer aux machines \u00e0 sous en ligne, aux jeux avec croupier en direct et g\u00e9rer les promotions.<\/p>\n<table>\n<tbody>\n<tr>\n<td>Caract\u00e9ristique<\/td>\n<td>Application Gangstasino<\/td>\n<td>Gangstasino Desktop<\/td>\n<\/tr>\n<tr>\n<td>Accessibilit\u00e9<\/td>\n<td>Fonctionne directement via le navigateur (PWA), aucun t\u00e9l\u00e9chargement requis<\/td>\n<td>Accessible via un navigateur ou un raccourci sur le bureau<\/td>\n<\/tr>\n<tr>\n<td>Interface<\/td>\n<td>Adaptative et tactile pour tous les \u00e9crans<\/td>\n<td>Mise en page plus grande, id\u00e9ale pour les jeux sur \u00e9cran large<\/td>\n<\/tr>\n<tr>\n<td>Performances<\/td>\n<td>Optimis\u00e9 pour la vitesse et la stabilit\u00e9 sur les r\u00e9seaux mobiles<\/td>\n<td>Performances stables sur les connexions filaires et Wi-Fi<\/td>\n<\/tr>\n<tr>\n<td>Biblioth\u00e8que de jeux<\/td>\n<td>Acc\u00e8s complet \u00e0 toutes les machines \u00e0 sous, tables et jeux de casino en direct<\/td>\n<td>Catalogue complet de jeux, y compris des graphismes HD<\/td>\n<\/tr>\n<tr>\n<td>Paiements<\/td>\n<td>Prise en charge de toutes les m\u00e9thodes de d\u00e9p\u00f4t et de retrait<\/td>\n<td>Prend en charge tous les modes de paiement<\/td>\n<\/tr>\n<tr>\n<td>Commodit\u00e9<\/td>\n<td>Jouez instantan\u00e9ment o\u00f9 que vous soyez, \u00e0 tout moment<\/td>\n<td>Confortable pour les longues sessions \u00e0 la maison<\/td>\n<\/tr>\n<tr>\n<td>Notifications<\/td>\n<td>Alertes dans l&rsquo;application pour les bonus et les tournois<\/td>\n<td>Notifications par e-mail ou navigateur uniquement<\/td>\n<\/tr>\n<\/tbody>\n<\/table>\n<p>Tout comme la version PC, l&rsquo;application Gangstasino est prot\u00e9g\u00e9e de mani\u00e8re s\u00e9curis\u00e9e par un cryptage des donn\u00e9es. Nous accordons une grande importance \u00e0 la s\u00e9curit\u00e9 de l&rsquo;environnement et mettons donc en \u0153uvre des proc\u00e9dures de s\u00e9curit\u00e9 telles qu&rsquo;un processus de v\u00e9rification obligatoire.<\/p>\n<h2>FAQ<\/h2>\n<h3>L&rsquo;application Gangsta Sino est-elle disponible pour iOS et Android ?<\/h3>\n<p>Oui, l&rsquo;application Gangstasino est disponible pour iOS, Android et PC. Nos joueurs peuvent installer l&rsquo;application directement depuis leur navigateur sans avoir \u00e0 passer par l&rsquo;App Store ou le Play Store. L&rsquo;application vous donne un acc\u00e8s instantan\u00e9 \u00e0 toutes les fonctionnalit\u00e9s du casino.<\/p>\n<h3>Dois-je mettre \u00e0 jour l&rsquo;application manuellement ?<\/h3>\n<p>Aucune mise \u00e0 jour manuelle n&rsquo;est n\u00e9cessaire. L&rsquo;application Gangstasino est une plateforme web qui se met automatiquement \u00e0 jour vers la derni\u00e8re version \u00e0 chaque lancement. La version mise \u00e0 jour de l&rsquo;application vous donne acc\u00e8s aux derniers jeux, fonctionnalit\u00e9s et mises \u00e0 jour de s\u00e9curit\u00e9 sans avoir \u00e0 r\u00e9installer ou t\u00e9l\u00e9charger manuellement quoi que ce soit.<\/p>\n<h3>La biblioth\u00e8que compl\u00e8te de jeux est-elle disponible sur mobile ?<\/h3>\n<p>Oui. L&rsquo;int\u00e9gralit\u00e9 de la biblioth\u00e8que de jeux Gangstasino, y compris les machines \u00e0 sous, les jeux de table et les jeux avec croupier en direct, est disponible sur votre appareil mobile. L&rsquo;interface mobile est enti\u00e8rement optimis\u00e9e pour les \u00e9crans des appareils mobiles. L&rsquo;optimisation des jeux pour les appareils permet un gameplay et des graphismes de haute qualit\u00e9. L&rsquo;application offre un acc\u00e8s instantan\u00e9 \u00e0 tout le contenu du casino.<\/p>\n<h3>L&rsquo;application offre-t-elle la m\u00eame s\u00e9curit\u00e9 que le site pour ordinateur ?<\/h3>\n<p>Bien s\u00fbr. L&rsquo;application Gangstasino utilise le m\u00eame cryptage SSL et les m\u00eames protocoles de s\u00e9curit\u00e9 avanc\u00e9s que la version de bureau du site. Les donn\u00e9es des joueurs, les transactions et les donn\u00e9es personnelles sont enti\u00e8rement prot\u00e9g\u00e9es. Notre casino offre un environnement de jeu s\u00fbr et s\u00e9curis\u00e9 sur tous les appareils.<\/p>\n<\/div><\/div><\/p>\n","protected":false},"excerpt":{"rendered":"<p>Application Gangstasino pour iOS, Android et PC Avec la Gangstasino app, vous pouvez transf\u00e9rer toute votre exp\u00e9rience de jeu sur votre appareil mobile. L&rsquo;application offre les m\u00eames fonctionnalit\u00e9s que la version navigateur. Nous avons rendu l&rsquo;interface de l&rsquo;application adaptative pour tous les appareils. Si vous souhaitez acc\u00e9der rapidement au casino Gangstasino o\u00f9 que vous soyez, [&hellip;]<\/p>\n","protected":false},"author":1,"featured_media":0,"parent":0,"menu_order":0,"comment_status":"closed","ping_status":"closed","template":"template-builder.php","meta":{"_acf_changed":false,"inline_featured_image":false,"footnotes":""},"class_list":["post-1749","page","type-page","status-publish","hentry"],"acf":[],"yoast_head":"<!-- This site is optimized with the Yoast SEO plugin v27.3 - https:\/\/yoast.com\/product\/yoast-seo-wordpress\/ -->\n<title>Casino mobile Gangstasino | App pour Android et iOS<\/title>\n<meta name=\"description\" content=\"Obtenez l&#039;app Gangsta Sino pour jouer instantan\u00e9ment sur n&#039;importe quel appareil mobile | Acc\u00e9dez \u00e0 tous les jeux avec une s\u00e9curit\u00e9 compl\u00e8te et une assistance 24\/7 | T\u00e9l\u00e9chargez maintenant et jouez n&#039;importe o\u00f9 !\" \/>\n<meta name=\"robots\" content=\"index, follow, max-snippet:-1, max-image-preview:large, max-video-preview:-1\" \/>\n<link rel=\"canonical\" href=\"https:\/\/gangstasino.org\/fr\/app\/\" \/>\n<meta property=\"og:locale\" content=\"fr_FR\" \/>\n<meta property=\"og:type\" content=\"article\" \/>\n<meta property=\"og:title\" content=\"Casino mobile Gangstasino | App pour Android et iOS\" \/>\n<meta property=\"og:description\" content=\"Obtenez l&#039;app Gangsta Sino pour jouer instantan\u00e9ment sur n&#039;importe quel appareil mobile | Acc\u00e9dez \u00e0 tous les jeux avec une s\u00e9curit\u00e9 compl\u00e8te et une assistance 24\/7 | T\u00e9l\u00e9chargez maintenant et jouez n&#039;importe o\u00f9 !\" \/>\n<meta property=\"og:url\" content=\"https:\/\/gangstasino.org\/fr\/app\/\" \/>\n<meta property=\"og:site_name\" content=\"Gangstasino\" \/>\n<meta property=\"article:modified_time\" content=\"2025-12-25T20:47:52+00:00\" \/>\n<meta name=\"twitter:card\" content=\"summary_large_image\" \/>\n<meta name=\"twitter:label1\" content=\"Dur\u00e9e de lecture estim\u00e9e\" \/>\n\t<meta name=\"twitter:data1\" content=\"1 minute\" \/>\n<script type=\"application\/ld+json\" class=\"yoast-schema-graph\">{\"@context\":\"https:\\\/\\\/schema.org\",\"@graph\":[{\"@type\":\"WebPage\",\"@id\":\"https:\\\/\\\/gangstasino.org\\\/fr\\\/app\\\/\",\"url\":\"https:\\\/\\\/gangstasino.org\\\/fr\\\/app\\\/\",\"name\":\"Casino mobile Gangstasino | App pour Android et iOS\",\"isPartOf\":{\"@id\":\"https:\\\/\\\/gangstasino.org\\\/fr\\\/#website\"},\"datePublished\":\"2025-11-12T06:53:06+00:00\",\"dateModified\":\"2025-12-25T20:47:52+00:00\",\"description\":\"Obtenez l'app Gangsta Sino pour jouer instantan\u00e9ment sur n'importe quel appareil mobile | Acc\u00e9dez \u00e0 tous les jeux avec une s\u00e9curit\u00e9 compl\u00e8te et une assistance 24\\\/7 | T\u00e9l\u00e9chargez maintenant et jouez n'importe o\u00f9 !\",\"breadcrumb\":{\"@id\":\"https:\\\/\\\/gangstasino.org\\\/fr\\\/app\\\/#breadcrumb\"},\"inLanguage\":\"fr-FR\",\"potentialAction\":[{\"@type\":\"ReadAction\",\"target\":[\"https:\\\/\\\/gangstasino.org\\\/fr\\\/app\\\/\"]}]},{\"@type\":\"BreadcrumbList\",\"@id\":\"https:\\\/\\\/gangstasino.org\\\/fr\\\/app\\\/#breadcrumb\",\"itemListElement\":[{\"@type\":\"ListItem\",\"position\":1,\"name\":\"Gangstasino\",\"item\":\"https:\\\/\\\/gangstasino.org\\\/fr\\\/\"},{\"@type\":\"ListItem\",\"position\":2,\"name\":\"App\"}]},{\"@type\":\"WebSite\",\"@id\":\"https:\\\/\\\/gangstasino.org\\\/fr\\\/#website\",\"url\":\"https:\\\/\\\/gangstasino.org\\\/fr\\\/\",\"name\":\"Gangstasino\",\"description\":\"\",\"publisher\":{\"@id\":\"https:\\\/\\\/gangstasino.org\\\/fr\\\/#organization\"},\"potentialAction\":[{\"@type\":\"SearchAction\",\"target\":{\"@type\":\"EntryPoint\",\"urlTemplate\":\"https:\\\/\\\/gangstasino.org\\\/fr\\\/?s={search_term_string}\"},\"query-input\":{\"@type\":\"PropertyValueSpecification\",\"valueRequired\":true,\"valueName\":\"search_term_string\"}}],\"inLanguage\":\"fr-FR\"},{\"@type\":\"Organization\",\"@id\":\"https:\\\/\\\/gangstasino.org\\\/fr\\\/#organization\",\"name\":\"Gangstasino\",\"url\":\"https:\\\/\\\/gangstasino.org\\\/fr\\\/\",\"logo\":{\"@type\":\"ImageObject\",\"inLanguage\":\"fr-FR\",\"@id\":\"https:\\\/\\\/gangstasino.org\\\/fr\\\/#\\\/schema\\\/logo\\\/image\\\/\",\"url\":\"https:\\\/\\\/gangstasino.org\\\/wp-content\\\/uploads\\\/2025\\\/08\\\/80u1FaquEZeR6OUTeJCc.png\",\"contentUrl\":\"https:\\\/\\\/gangstasino.org\\\/wp-content\\\/uploads\\\/2025\\\/08\\\/80u1FaquEZeR6OUTeJCc.png\",\"width\":152,\"height\":35,\"caption\":\"Gangstasino\"},\"image\":{\"@id\":\"https:\\\/\\\/gangstasino.org\\\/fr\\\/#\\\/schema\\\/logo\\\/image\\\/\"}}]}<\/script>\n<!-- \/ Yoast SEO plugin. -->","yoast_head_json":{"title":"Casino mobile Gangstasino | App pour Android et iOS","description":"Obtenez l'app Gangsta Sino pour jouer instantan\u00e9ment sur n'importe quel appareil mobile | Acc\u00e9dez \u00e0 tous les jeux avec une s\u00e9curit\u00e9 compl\u00e8te et une assistance 24\/7 | T\u00e9l\u00e9chargez maintenant et jouez n'importe o\u00f9 !","robots":{"index":"index","follow":"follow","max-snippet":"max-snippet:-1","max-image-preview":"max-image-preview:large","max-video-preview":"max-video-preview:-1"},"canonical":"https:\/\/gangstasino.org\/fr\/app\/","og_locale":"fr_FR","og_type":"article","og_title":"Casino mobile Gangstasino | App pour Android et iOS","og_description":"Obtenez l'app Gangsta Sino pour jouer instantan\u00e9ment sur n'importe quel appareil mobile | Acc\u00e9dez \u00e0 tous les jeux avec une s\u00e9curit\u00e9 compl\u00e8te et une assistance 24\/7 | T\u00e9l\u00e9chargez maintenant et jouez n'importe o\u00f9 !","og_url":"https:\/\/gangstasino.org\/fr\/app\/","og_site_name":"Gangstasino","article_modified_time":"2025-12-25T20:47:52+00:00","twitter_card":"summary_large_image","twitter_misc":{"Dur\u00e9e de lecture estim\u00e9e":"1 minute"},"schema":{"@context":"https:\/\/schema.org","@graph":[{"@type":"WebPage","@id":"https:\/\/gangstasino.org\/fr\/app\/","url":"https:\/\/gangstasino.org\/fr\/app\/","name":"Casino mobile Gangstasino | App pour Android et iOS","isPartOf":{"@id":"https:\/\/gangstasino.org\/fr\/#website"},"datePublished":"2025-11-12T06:53:06+00:00","dateModified":"2025-12-25T20:47:52+00:00","description":"Obtenez l'app Gangsta Sino pour jouer instantan\u00e9ment sur n'importe quel appareil mobile | Acc\u00e9dez \u00e0 tous les jeux avec une s\u00e9curit\u00e9 compl\u00e8te et une assistance 24\/7 | T\u00e9l\u00e9chargez maintenant et jouez n'importe o\u00f9 !","breadcrumb":{"@id":"https:\/\/gangstasino.org\/fr\/app\/#breadcrumb"},"inLanguage":"fr-FR","potentialAction":[{"@type":"ReadAction","target":["https:\/\/gangstasino.org\/fr\/app\/"]}]},{"@type":"BreadcrumbList","@id":"https:\/\/gangstasino.org\/fr\/app\/#breadcrumb","itemListElement":[{"@type":"ListItem","position":1,"name":"Gangstasino","item":"https:\/\/gangstasino.org\/fr\/"},{"@type":"ListItem","position":2,"name":"App"}]},{"@type":"WebSite","@id":"https:\/\/gangstasino.org\/fr\/#website","url":"https:\/\/gangstasino.org\/fr\/","name":"Gangstasino","description":"","publisher":{"@id":"https:\/\/gangstasino.org\/fr\/#organization"},"potentialAction":[{"@type":"SearchAction","target":{"@type":"EntryPoint","urlTemplate":"https:\/\/gangstasino.org\/fr\/?s={search_term_string}"},"query-input":{"@type":"PropertyValueSpecification","valueRequired":true,"valueName":"search_term_string"}}],"inLanguage":"fr-FR"},{"@type":"Organization","@id":"https:\/\/gangstasino.org\/fr\/#organization","name":"Gangstasino","url":"https:\/\/gangstasino.org\/fr\/","logo":{"@type":"ImageObject","inLanguage":"fr-FR","@id":"https:\/\/gangstasino.org\/fr\/#\/schema\/logo\/image\/","url":"https:\/\/gangstasino.org\/wp-content\/uploads\/2025\/08\/80u1FaquEZeR6OUTeJCc.png","contentUrl":"https:\/\/gangstasino.org\/wp-content\/uploads\/2025\/08\/80u1FaquEZeR6OUTeJCc.png","width":152,"height":35,"caption":"Gangstasino"},"image":{"@id":"https:\/\/gangstasino.org\/fr\/#\/schema\/logo\/image\/"}}]}},"_links":{"self":[{"href":"https:\/\/gangstasino.org\/fr\/wp-json\/wp\/v2\/pages\/1749","targetHints":{"allow":["GET"]}}],"collection":[{"href":"https:\/\/gangstasino.org\/fr\/wp-json\/wp\/v2\/pages"}],"about":[{"href":"https:\/\/gangstasino.org\/fr\/wp-json\/wp\/v2\/types\/page"}],"author":[{"embeddable":true,"href":"https:\/\/gangstasino.org\/fr\/wp-json\/wp\/v2\/users\/1"}],"replies":[{"embeddable":true,"href":"https:\/\/gangstasino.org\/fr\/wp-json\/wp\/v2\/comments?post=1749"}],"version-history":[{"count":3,"href":"https:\/\/gangstasino.org\/fr\/wp-json\/wp\/v2\/pages\/1749\/revisions"}],"predecessor-version":[{"id":2213,"href":"https:\/\/gangstasino.org\/fr\/wp-json\/wp\/v2\/pages\/1749\/revisions\/2213"}],"wp:attachment":[{"href":"https:\/\/gangstasino.org\/fr\/wp-json\/wp\/v2\/media?parent=1749"}],"curies":[{"name":"wp","href":"https:\/\/api.w.org\/{rel}","templated":true}]}}