{"id":1792,"date":"2025-11-12T07:03:23","date_gmt":"2025-11-12T07:03:23","guid":{"rendered":"https:\/\/gangstasino.org\/login-and-registration\/"},"modified":"2025-12-25T20:51:20","modified_gmt":"2025-12-25T20:51:20","slug":"connexion-et-inscription","status":"publish","type":"page","link":"https:\/\/gangstasino.org\/fr\/connexion-et-inscription\/","title":{"rendered":"Connexion et inscription"},"content":{"rendered":"<h1>Connexion \u00e0 Gangstasino et cr\u00e9ation d&rsquo;un compte<\/h1>\n<p>Avant de pouvoir utiliser les fonctionnalit\u00e9s de notre casino, tous les utilisateurs doivent cr\u00e9er un compte. Pour vous aider \u00e0 tout savoir sur ce processus, nous avons cr\u00e9\u00e9 l&rsquo;onglet de Gangstasino login. Seuls les utilisateurs enregistr\u00e9s peuvent acc\u00e9der \u00e0 leur profil, effectuer des d\u00e9p\u00f4ts et commencer \u00e0 jouer. Les nouveaux joueurs qui ne sont pas encore enregistr\u00e9s peuvent cr\u00e9er un compte en quelques \u00e9tapes simples.<\/p>\n<p><div class=\"banner-wrap\" aria-label=\"Banner\"><img src=\"https:\/\/gangstasino.org\/wp-content\/uploads\/2025\/11\/Gangstasino-Banner-Desktop.webp\" class=\"w-100 d-none d-lg-block img-pc main-banner-img\" alt=\"Gangstasino bonus desktop\" fetchpriority=\"high\" decoding=\"async\"><img src=\"https:\/\/gangstasino.org\/wp-content\/uploads\/2025\/11\/Gangstasino-bonus-mobile.webp\" class=\"w-100 d-none d-md-block d-lg-none main-banner-img\" alt=\"Gangstasino bonus mobile\" fetchpriority=\"high\" decoding=\"async\"><img src=\"https:\/\/gangstasino.org\/wp-content\/uploads\/2025\/11\/Gangstasino-bonus-mobile.webp\" class=\"w-100 d-md-none\" alt=\"Gangstasino bonus mobile\" fetchpriority=\"high\" decoding=\"async\"><div class=\"banner-description\">\n<div class=\"banner-title\">Bonus de bienvenue<\/div>\n<p class=\"banner-header-title\">1000 \u20ac<\/p>\n<div class=\"banner-header-AdditionalText\">+ 100 Tours gratuits<\/div>\n<button data-item=\"homepage_banner_link\" class=\"goto m-button m-gradient-border m-button--primary m-button--large banner-button btn-orange\">\n            <div class=\"m-button-content\">\n                <span>Inscrivez-vous d\u00e8s maintenant<\/span>\n                <span><\/span>\n            <\/div>\n        <\/button>\n<\/div>\n<div class=\"WelcomePack\">\n<p><img loading=\"lazy\" decoding=\"async\" class=\"alignnone wp-image-1619 size-full\" src=\"https:\/\/gangstasino.org\/wp-content\/uploads\/2025\/11\/welcome-crown.svg\" alt=\"crown\" width=\"25\" height=\"26\" \/><\/p>\n<div class=\"WelcomePack-Info\">Cashback hebdomadaire jusqu&rsquo;\u00e0 25 %<\/div>\n<p><img loading=\"lazy\" decoding=\"async\" class=\"alignnone wp-image-1619 size-full\" src=\"https:\/\/gangstasino.org\/wp-content\/uploads\/2025\/11\/welcome-crown.svg\" alt=\"crown\" width=\"25\" height=\"26\" \/><\/p>\n<\/div>\n<\/div><div class=\"scrollable-content-wrap my-5 \"><div class=\"scrollable-content-inner\"><h2>Rejoignez Gangstasino<\/h2>\n<p>Apr\u00e8s avoir cr\u00e9\u00e9 un compte, vous aurez un acc\u00e8s complet \u00e0 la biblioth\u00e8que de jeux Gangstasino. Vous aurez acc\u00e8s \u00e0 toutes les machines \u00e0 sous, jeux de table, jeux de cartes, jeux avec croupier en direct, jeux instantan\u00e9s et jeux crash. Seuls les utilisateurs enregistr\u00e9s peuvent participer \u00e0 des tournois, recevoir des bonus et g\u00e9rer leurs d\u00e9p\u00f4ts et retraits. Des outils de jeu responsable sont \u00e9galement disponibles pour les utilisateurs enregistr\u00e9s. Toutes les fonctionnalit\u00e9s du casino sont accessibles aux utilisateurs enregistr\u00e9s depuis n&rsquo;importe quel appareil.<\/p>\n<table>\n<tbody>\n<tr>\n<td>Avantages<\/td>\n<td>D\u00e9tails<\/td>\n<\/tr>\n<tr>\n<td>Acc\u00e8s complet aux jeux<\/td>\n<td>Les utilisateurs enregistr\u00e9s peuvent jouer \u00e0 toutes les machines \u00e0 sous, jeux de table, jeux avec croupier en direct, jeux instantan\u00e9s et jeux crash.<\/td>\n<\/tr>\n<tr>\n<td>Participation aux promotions<\/td>\n<td>Seuls les joueurs enregistr\u00e9s peuvent r\u00e9clamer des bonus, participer \u00e0 des tournois et acc\u00e9der aux r\u00e9compenses VIP.<\/td>\n<\/tr>\n<tr>\n<td>Gestion du compte<\/td>\n<td>Les utilisateurs peuvent g\u00e9rer leurs d\u00e9p\u00f4ts, leurs retraits, leurs bonus actifs et leurs codes promotionnels directement depuis leur compte.<\/td>\n<\/tr>\n<tr>\n<td>Outils de jeu responsable<\/td>\n<td>Acc\u00e9dez aux minuteurs de session, aux options d&rsquo;auto-exclusion et \u00e0 d&rsquo;autres param\u00e8tres de jeu responsable.<\/td>\n<\/tr>\n<tr>\n<td>Fonctionnalit\u00e9s VIP<\/td>\n<td>G\u00e9rez votre adh\u00e9sion VIP et b\u00e9n\u00e9ficiez d&rsquo;avantages exclusifs pour les gros joueurs.<\/td>\n<\/tr>\n<tr>\n<td>V\u00e9rification s\u00e9curis\u00e9e<\/td>\n<td>La v\u00e9rification KYC garantit des retraits sans d\u00e9lai. Elle garantit votre s\u00e9curit\u00e9.<\/td>\n<\/tr>\n<tr>\n<td>Assistance multilingue<\/td>\n<td>Contactez notre \u00e9quipe d&rsquo;assistance multilingue \u00e0 tout moment via le chat en direct ou par e-mail.<\/td>\n<\/tr>\n<\/tbody>\n<\/table>\n<h3>Comment cr\u00e9er votre compte<\/h3>\n<ol>\n<li>Appuyez sur le bouton \u00ab S&rsquo;inscrire \u00bb dans le coin sup\u00e9rieur droit de la page principale.<\/li>\n<li>Remplissez vos informations personnelles, telles que votre adresse e-mail et un mot de passe s\u00e9curis\u00e9. Si vous disposez d&rsquo;un code promotionnel, saisissez-le \u00e0 ce stade.<\/li>\n<li>Cochez la case indiquant que vous avez plus de 18 ans. Acceptez la politique de confidentialit\u00e9 et les conditions g\u00e9n\u00e9rales.<\/li>\n<li>Appuyez sur \u00ab S&rsquo;inscrire \u00bb pour terminer votre inscription.<\/li>\n<li>Suivez le lien dans l&rsquo;e-mail pour confirmer votre compte.<\/li>\n<\/ol>\n<p>Votre compte est d\u00e9sormais v\u00e9rifi\u00e9 et actif. Vous pouvez jouer \u00e0 tous les jeux de notre casino, placer des paris, recevoir des bonus, participer \u00e0 des tournois et bien plus encore.<\/p>\n<h2>Proc\u00e9dure de v\u00e9rification pour les joueurs de Gangsta Sino<\/h2>\n<p>Chez Gangsta Sino, tous les utilisateurs sont soumis \u00e0 un processus de v\u00e9rification afin de garantir la s\u00e9curit\u00e9 des comptes et le fair-play. Les joueurs doivent t\u00e9l\u00e9charger des documents officiels tels qu&rsquo;un passeport, une carte d&rsquo;identit\u00e9, un permis de conduire ou une facture r\u00e9cente. Notre \u00e9quipe v\u00e9rifiera vos documents dans les 48 heures. Votre compte sera enti\u00e8rement valid\u00e9 une fois le processus de v\u00e9rification termin\u00e9. Une fois le processus de v\u00e9rification termin\u00e9, votre compte sera enti\u00e8rement v\u00e9rifi\u00e9. Vous ne pouvez pas retirer de fonds tant que vous n&rsquo;avez pas \u00e9t\u00e9 v\u00e9rifi\u00e9. C&rsquo;est ainsi que fonctionne notre politique \u00ab Know Your Customer \u00bb (KYC). Elle vise \u00e0 prot\u00e9ger les utilisateurs contre la fraude. Vous trouverez des instructions d\u00e9taill\u00e9es sur la mani\u00e8re de soumettre des documents et de respecter les normes KYC au bas de notre page.<\/p>\n<h2>G\u00e9rer votre compte<\/h2>\n<p>Pour commencer le processus de connexion \u00e0 Gangstasino, cliquez sur le bouton de connexion dans le coin sup\u00e9rieur droit du site web. Entrez votre adresse e-mail et votre mot de passe pour vous connecter. Une fois connect\u00e9, vous pouvez jouer \u00e0 tous les jeux et modifier tous les param\u00e8tres de votre profil, tels que les d\u00e9p\u00f4ts, les retraits, les bonus actifs, les promotions et les param\u00e8tres du compte.<\/p>\n<p>Vous pouvez \u00e9galement g\u00e9rer votre adh\u00e9sion VIP, participer \u00e0 des tournois et modifier les param\u00e8tres de jeu responsable tels que les minuteries de session ou l&rsquo;auto-exclusion via le panneau de contr\u00f4le du compte. Les utilisateurs ont \u00e9galement acc\u00e8s \u00e0 la section \u00ab Historique des jeux \u00bb pour suivre leur activit\u00e9. Nous fournissons une assistance multilingue \u00e0 tous les utilisateurs. Vous pouvez contacter notre \u00e9quipe d&rsquo;assistance par chat en direct ou par e-mail. Si vous rencontrez des probl\u00e8mes pour vous connecter, notre \u00e9quipe d&rsquo;assistance est l\u00e0 pour vous aider.<\/p>\n<h3>Instructions pour r\u00e9initialiser votre mot de passe Gangstasino<\/h3>\n<p>Ne vous inqui\u00e9tez pas si vous avez oubli\u00e9 votre mot de passe. La r\u00e9cup\u00e9ration de votre mot de passe est une proc\u00e9dure simple. Que faire si vous avez oubli\u00e9 votre mot de passe :<\/p>\n<ol>\n<li>Cliquez sur \u00ab Connexion \u00bb dans le coin sup\u00e9rieur droit de la page principale.<\/li>\n<li>Vous verrez un bouton \u00ab Mot de passe oubli\u00e9 ? \u00bb ; cliquez dessus.<\/li>\n<li>Saisissez l&rsquo;adresse e-mail que vous avez utilis\u00e9e pour vous inscrire sur Gangstasino.<\/li>\n<li>Vous recevrez un e-mail contenant un lien pour r\u00e9initialiser votre mot de passe.<\/li>\n<li>D\u00e9finissez un nouveau mot de passe et confirmez-le.<\/li>\n<\/ol>\n<p>Votre compte sera restaur\u00e9. Si vous rencontrez des probl\u00e8mes \u00e0 ce stade, vous pouvez contacter notre \u00e9quipe d&rsquo;assistance par e-mail ou par chat en direct sur le site web.<\/p>\n<h2>FAQ<\/h2>\n<h3>Que dois-je faire si j&rsquo;oublie mon mot de passe ?<\/h3>\n<p>Si vous avez oubli\u00e9 votre mot de passe, cliquez sur \u00ab Connexion \u00bb, puis sur \u00ab Mot de passe oubli\u00e9 ? \u00bb sur la page d&rsquo;accueil de Gangstasino. Entrez votre adresse e-mail et suivez le lien dans l&rsquo;e-mail. Vous pouvez maintenant cr\u00e9er un nouveau mot de passe. Votre compte sera restaur\u00e9 et vous pourrez vous reconnecter.<\/p>\n<h3>Quelles informations dois-je fournir pour cr\u00e9er un compte ?<\/h3>\n<p>Pour cr\u00e9er un compte Gangstasino, veuillez fournir votre nom complet, une adresse e-mail valide et un mot de passe. Vous devez confirmer que vous avez plus de 18 ans et accepter nos conditions d&rsquo;utilisation.<\/p>\n<h3>Pourquoi ai-je des difficult\u00e9s \u00e0 me connecter \u00e0 mon compte ?<\/h3>\n<p>Des probl\u00e8mes de connexion \u00e0 Gangstasino peuvent survenir si vos identifiants sont incorrects ou si votre compte n&rsquo;a pas \u00e9t\u00e9 v\u00e9rifi\u00e9. Assurez-vous que votre adresse e-mail et votre mot de passe sont corrects. Si c&rsquo;est le cas, r\u00e9initialisez votre mot de passe et consultez votre messagerie \u00e9lectronique pour trouver les messages d&rsquo;activation ou de confirmation de s\u00e9curit\u00e9 envoy\u00e9s par Gangsta Sino.<\/p>\n<\/div><\/div><\/p>\n","protected":false},"excerpt":{"rendered":"<p>Connexion \u00e0 Gangstasino et cr\u00e9ation d&rsquo;un compte Avant de pouvoir utiliser les fonctionnalit\u00e9s de notre casino, tous les utilisateurs doivent cr\u00e9er un compte. Pour vous aider \u00e0 tout savoir sur ce processus, nous avons cr\u00e9\u00e9 l&rsquo;onglet de Gangstasino login. Seuls les utilisateurs enregistr\u00e9s peuvent acc\u00e9der \u00e0 leur profil, effectuer des d\u00e9p\u00f4ts et commencer \u00e0 jouer. [&hellip;]<\/p>\n","protected":false},"author":1,"featured_media":0,"parent":0,"menu_order":0,"comment_status":"closed","ping_status":"closed","template":"template-builder.php","meta":{"_acf_changed":false,"inline_featured_image":false,"footnotes":""},"class_list":["post-1792","page","type-page","status-publish","hentry"],"acf":[],"yoast_head":"<!-- This site is optimized with the Yoast SEO plugin v27.3 - https:\/\/yoast.com\/product\/yoast-seo-wordpress\/ -->\n<title>Gangstasino Login | Inscription et gestion de compte<\/title>\n<meta name=\"description\" content=\"Utilisez vos Gangsta Sino login pour acc\u00e9der \u00e0 votre compte en toute s\u00e9curit\u00e9, g\u00e9rer vos d\u00e9p\u00f4ts et consulter votre historique de jeu. Les nouveaux utilisateurs peuvent cr\u00e9er un compte en quelques instants. Connectez-vous ou inscrivez-vous d\u00e8s maintenant !\" \/>\n<meta name=\"robots\" content=\"index, follow, max-snippet:-1, max-image-preview:large, max-video-preview:-1\" \/>\n<link rel=\"canonical\" href=\"https:\/\/gangstasino.org\/fr\/connexion-et-inscription\/\" \/>\n<meta property=\"og:locale\" content=\"fr_FR\" \/>\n<meta property=\"og:type\" content=\"article\" \/>\n<meta property=\"og:title\" content=\"Gangstasino Login | Inscription et gestion de compte\" \/>\n<meta property=\"og:description\" content=\"Utilisez vos Gangsta Sino login pour acc\u00e9der \u00e0 votre compte en toute s\u00e9curit\u00e9, g\u00e9rer vos d\u00e9p\u00f4ts et consulter votre historique de jeu. Les nouveaux utilisateurs peuvent cr\u00e9er un compte en quelques instants. Connectez-vous ou inscrivez-vous d\u00e8s maintenant !\" \/>\n<meta property=\"og:url\" content=\"https:\/\/gangstasino.org\/fr\/connexion-et-inscription\/\" \/>\n<meta property=\"og:site_name\" content=\"Gangstasino\" \/>\n<meta property=\"article:modified_time\" content=\"2025-12-25T20:51:20+00:00\" \/>\n<meta name=\"twitter:card\" content=\"summary_large_image\" \/>\n<meta name=\"twitter:label1\" content=\"Dur\u00e9e de lecture estim\u00e9e\" \/>\n\t<meta name=\"twitter:data1\" content=\"1 minute\" \/>\n<script type=\"application\/ld+json\" class=\"yoast-schema-graph\">{\"@context\":\"https:\\\/\\\/schema.org\",\"@graph\":[{\"@type\":\"WebPage\",\"@id\":\"https:\\\/\\\/gangstasino.org\\\/fr\\\/connexion-et-inscription\\\/\",\"url\":\"https:\\\/\\\/gangstasino.org\\\/fr\\\/connexion-et-inscription\\\/\",\"name\":\"Gangstasino Login | Inscription et gestion de compte\",\"isPartOf\":{\"@id\":\"https:\\\/\\\/gangstasino.org\\\/fr\\\/#website\"},\"datePublished\":\"2025-11-12T07:03:23+00:00\",\"dateModified\":\"2025-12-25T20:51:20+00:00\",\"description\":\"Utilisez vos Gangsta Sino login pour acc\u00e9der \u00e0 votre compte en toute s\u00e9curit\u00e9, g\u00e9rer vos d\u00e9p\u00f4ts et consulter votre historique de jeu. Les nouveaux utilisateurs peuvent cr\u00e9er un compte en quelques instants. Connectez-vous ou inscrivez-vous d\u00e8s maintenant !\",\"breadcrumb\":{\"@id\":\"https:\\\/\\\/gangstasino.org\\\/fr\\\/connexion-et-inscription\\\/#breadcrumb\"},\"inLanguage\":\"fr-FR\",\"potentialAction\":[{\"@type\":\"ReadAction\",\"target\":[\"https:\\\/\\\/gangstasino.org\\\/fr\\\/connexion-et-inscription\\\/\"]}]},{\"@type\":\"BreadcrumbList\",\"@id\":\"https:\\\/\\\/gangstasino.org\\\/fr\\\/connexion-et-inscription\\\/#breadcrumb\",\"itemListElement\":[{\"@type\":\"ListItem\",\"position\":1,\"name\":\"Gangstasino\",\"item\":\"https:\\\/\\\/gangstasino.org\\\/fr\\\/\"},{\"@type\":\"ListItem\",\"position\":2,\"name\":\"Connexion et inscription\"}]},{\"@type\":\"WebSite\",\"@id\":\"https:\\\/\\\/gangstasino.org\\\/fr\\\/#website\",\"url\":\"https:\\\/\\\/gangstasino.org\\\/fr\\\/\",\"name\":\"Gangstasino\",\"description\":\"\",\"publisher\":{\"@id\":\"https:\\\/\\\/gangstasino.org\\\/fr\\\/#organization\"},\"potentialAction\":[{\"@type\":\"SearchAction\",\"target\":{\"@type\":\"EntryPoint\",\"urlTemplate\":\"https:\\\/\\\/gangstasino.org\\\/fr\\\/?s={search_term_string}\"},\"query-input\":{\"@type\":\"PropertyValueSpecification\",\"valueRequired\":true,\"valueName\":\"search_term_string\"}}],\"inLanguage\":\"fr-FR\"},{\"@type\":\"Organization\",\"@id\":\"https:\\\/\\\/gangstasino.org\\\/fr\\\/#organization\",\"name\":\"Gangstasino\",\"url\":\"https:\\\/\\\/gangstasino.org\\\/fr\\\/\",\"logo\":{\"@type\":\"ImageObject\",\"inLanguage\":\"fr-FR\",\"@id\":\"https:\\\/\\\/gangstasino.org\\\/fr\\\/#\\\/schema\\\/logo\\\/image\\\/\",\"url\":\"https:\\\/\\\/gangstasino.org\\\/wp-content\\\/uploads\\\/2025\\\/08\\\/80u1FaquEZeR6OUTeJCc.png\",\"contentUrl\":\"https:\\\/\\\/gangstasino.org\\\/wp-content\\\/uploads\\\/2025\\\/08\\\/80u1FaquEZeR6OUTeJCc.png\",\"width\":152,\"height\":35,\"caption\":\"Gangstasino\"},\"image\":{\"@id\":\"https:\\\/\\\/gangstasino.org\\\/fr\\\/#\\\/schema\\\/logo\\\/image\\\/\"}}]}<\/script>\n<!-- \/ Yoast SEO plugin. -->","yoast_head_json":{"title":"Gangstasino Login | Inscription et gestion de compte","description":"Utilisez vos Gangsta Sino login pour acc\u00e9der \u00e0 votre compte en toute s\u00e9curit\u00e9, g\u00e9rer vos d\u00e9p\u00f4ts et consulter votre historique de jeu. Les nouveaux utilisateurs peuvent cr\u00e9er un compte en quelques instants. Connectez-vous ou inscrivez-vous d\u00e8s maintenant !","robots":{"index":"index","follow":"follow","max-snippet":"max-snippet:-1","max-image-preview":"max-image-preview:large","max-video-preview":"max-video-preview:-1"},"canonical":"https:\/\/gangstasino.org\/fr\/connexion-et-inscription\/","og_locale":"fr_FR","og_type":"article","og_title":"Gangstasino Login | Inscription et gestion de compte","og_description":"Utilisez vos Gangsta Sino login pour acc\u00e9der \u00e0 votre compte en toute s\u00e9curit\u00e9, g\u00e9rer vos d\u00e9p\u00f4ts et consulter votre historique de jeu. Les nouveaux utilisateurs peuvent cr\u00e9er un compte en quelques instants. Connectez-vous ou inscrivez-vous d\u00e8s maintenant !","og_url":"https:\/\/gangstasino.org\/fr\/connexion-et-inscription\/","og_site_name":"Gangstasino","article_modified_time":"2025-12-25T20:51:20+00:00","twitter_card":"summary_large_image","twitter_misc":{"Dur\u00e9e de lecture estim\u00e9e":"1 minute"},"schema":{"@context":"https:\/\/schema.org","@graph":[{"@type":"WebPage","@id":"https:\/\/gangstasino.org\/fr\/connexion-et-inscription\/","url":"https:\/\/gangstasino.org\/fr\/connexion-et-inscription\/","name":"Gangstasino Login | Inscription et gestion de compte","isPartOf":{"@id":"https:\/\/gangstasino.org\/fr\/#website"},"datePublished":"2025-11-12T07:03:23+00:00","dateModified":"2025-12-25T20:51:20+00:00","description":"Utilisez vos Gangsta Sino login pour acc\u00e9der \u00e0 votre compte en toute s\u00e9curit\u00e9, g\u00e9rer vos d\u00e9p\u00f4ts et consulter votre historique de jeu. Les nouveaux utilisateurs peuvent cr\u00e9er un compte en quelques instants. Connectez-vous ou inscrivez-vous d\u00e8s maintenant !","breadcrumb":{"@id":"https:\/\/gangstasino.org\/fr\/connexion-et-inscription\/#breadcrumb"},"inLanguage":"fr-FR","potentialAction":[{"@type":"ReadAction","target":["https:\/\/gangstasino.org\/fr\/connexion-et-inscription\/"]}]},{"@type":"BreadcrumbList","@id":"https:\/\/gangstasino.org\/fr\/connexion-et-inscription\/#breadcrumb","itemListElement":[{"@type":"ListItem","position":1,"name":"Gangstasino","item":"https:\/\/gangstasino.org\/fr\/"},{"@type":"ListItem","position":2,"name":"Connexion et inscription"}]},{"@type":"WebSite","@id":"https:\/\/gangstasino.org\/fr\/#website","url":"https:\/\/gangstasino.org\/fr\/","name":"Gangstasino","description":"","publisher":{"@id":"https:\/\/gangstasino.org\/fr\/#organization"},"potentialAction":[{"@type":"SearchAction","target":{"@type":"EntryPoint","urlTemplate":"https:\/\/gangstasino.org\/fr\/?s={search_term_string}"},"query-input":{"@type":"PropertyValueSpecification","valueRequired":true,"valueName":"search_term_string"}}],"inLanguage":"fr-FR"},{"@type":"Organization","@id":"https:\/\/gangstasino.org\/fr\/#organization","name":"Gangstasino","url":"https:\/\/gangstasino.org\/fr\/","logo":{"@type":"ImageObject","inLanguage":"fr-FR","@id":"https:\/\/gangstasino.org\/fr\/#\/schema\/logo\/image\/","url":"https:\/\/gangstasino.org\/wp-content\/uploads\/2025\/08\/80u1FaquEZeR6OUTeJCc.png","contentUrl":"https:\/\/gangstasino.org\/wp-content\/uploads\/2025\/08\/80u1FaquEZeR6OUTeJCc.png","width":152,"height":35,"caption":"Gangstasino"},"image":{"@id":"https:\/\/gangstasino.org\/fr\/#\/schema\/logo\/image\/"}}]}},"_links":{"self":[{"href":"https:\/\/gangstasino.org\/fr\/wp-json\/wp\/v2\/pages\/1792","targetHints":{"allow":["GET"]}}],"collection":[{"href":"https:\/\/gangstasino.org\/fr\/wp-json\/wp\/v2\/pages"}],"about":[{"href":"https:\/\/gangstasino.org\/fr\/wp-json\/wp\/v2\/types\/page"}],"author":[{"embeddable":true,"href":"https:\/\/gangstasino.org\/fr\/wp-json\/wp\/v2\/users\/1"}],"replies":[{"embeddable":true,"href":"https:\/\/gangstasino.org\/fr\/wp-json\/wp\/v2\/comments?post=1792"}],"version-history":[{"count":3,"href":"https:\/\/gangstasino.org\/fr\/wp-json\/wp\/v2\/pages\/1792\/revisions"}],"predecessor-version":[{"id":2216,"href":"https:\/\/gangstasino.org\/fr\/wp-json\/wp\/v2\/pages\/1792\/revisions\/2216"}],"wp:attachment":[{"href":"https:\/\/gangstasino.org\/fr\/wp-json\/wp\/v2\/media?parent=1792"}],"curies":[{"name":"wp","href":"https:\/\/api.w.org\/{rel}","templated":true}]}}