{"id":1754,"date":"2025-11-12T06:53:06","date_gmt":"2025-11-12T06:53:06","guid":{"rendered":"https:\/\/gangstasino.org\/app\/"},"modified":"2025-11-12T09:41:38","modified_gmt":"2025-11-12T09:41:38","slug":"app","status":"publish","type":"page","link":"https:\/\/gangstasino.org\/it\/app\/","title":{"rendered":"App"},"content":{"rendered":"<h1>App Gangstasino per iOS, Android e PC<\/h1>\n<p>Con la Gangstasino app, puoi trasferire la tua intera esperienza di gioco sul tuo dispositivo mobile. L&#8217;app offre tutte le stesse funzionalit\u00e0 della versione browser. Abbiamo reso l&#8217;interfaccia dell&#8217;app adattabile a qualsiasi dispositivo. Se desideri accedere rapidamente a Gangstasino Casino ovunque ti trovi, devi installare l&#8217;app.<\/p>\n<p><div class=\"banner-wrap\" aria-label=\"Banner\"><img src=\"https:\/\/gangstasino.org\/wp-content\/uploads\/2025\/11\/Gangstasino-Banner-Desktop.webp\" class=\"w-100 d-none d-lg-block img-pc main-banner-img\" alt=\"Gangstasino bonus desktop\" fetchpriority=\"high\" decoding=\"async\"><img src=\"https:\/\/gangstasino.org\/wp-content\/uploads\/2025\/11\/Gangstasino-bonus-mobile.webp\" class=\"w-100 d-none d-md-block d-lg-none main-banner-img\" alt=\"Gangstasino bonus mobile\" fetchpriority=\"high\" decoding=\"async\"><img src=\"https:\/\/gangstasino.org\/wp-content\/uploads\/2025\/11\/Gangstasino-bonus-mobile.webp\" class=\"w-100 d-md-none\" alt=\"Gangstasino bonus mobile\" fetchpriority=\"high\" decoding=\"async\"><div class=\"banner-description\">\n<div class=\"banner-title\">Bonus di benvenuto<\/div>\n<p class=\"banner-header-title\">\u20ac1500<\/p>\n<div class=\"banner-header-AdditionalText\">+ 250 giri gratuiti<\/div>\n<button data-item=\"homepage_banner_link\" class=\"goto m-button m-gradient-border m-button--primary m-button--large banner-button btn-orange\">\n            <div class=\"m-button-content\">\n                <span>Iscriviti ora<\/span>\n                <span><\/span>\n            <\/div>\n        <\/button>\n<\/div>\n<div class=\"WelcomePack\">\n<p><img loading=\"lazy\" decoding=\"async\" class=\"alignnone size-full wp-image-1621\" src=\"https:\/\/gangstasino.org\/wp-content\/uploads\/2025\/11\/welcome-crown.svg\" alt=\"crown\" width=\"25\" height=\"26\" \/><\/p>\n<div class=\"WelcomePack-Info\">Cashback settimanale fino al 25%<\/div>\n<p><img loading=\"lazy\" decoding=\"async\" class=\"alignnone size-full wp-image-1621\" src=\"https:\/\/gangstasino.org\/wp-content\/uploads\/2025\/11\/welcome-crown.svg\" alt=\"crown\" width=\"25\" height=\"26\" \/><\/p>\n<\/div>\n<\/div><div class=\"scrollable-content-wrap my-5\"><div class=\"scrollable-content-inner\"><h2>App Gangstasino per Android<\/h2>\n<p>L&#8217;esperienza completa del casin\u00f2 mobile \u00e8 disponibile nell&#8217;app Gangstasino per Android. La nostra app non richiede di andare sul Play Store. Supportiamo un&#8217;applicazione web progressiva (PWA) che \u00e8 disponibile per il download direttamente nel tuo browser. Per mantenere l&#8217;accesso immediato a tutti i giochi sulla nostra piattaforma, i nostri sviluppatori hanno creato questo tipo di download. La versione Android offre tutte le funzionalit\u00e0 del casin\u00f2, le impostazioni dell&#8217;account, la chat di supporto live e la collezione completa di giochi.<\/p>\n<h3>Scarica il file PWA<\/h3>\n<p>Installare la nostra PWA \u00e8 facile; \u00e8 disponibile direttamente nel tuo browser sul sito web di Gangstasino. E non \u00e8 necessario installare l&#8217;APK di Gangstasino. Segui queste semplici istruzioni:<\/p>\n<ol>\n<li>Vai in fondo alla homepage di Gangsta Sino.<\/li>\n<li>Seleziona il pulsante &#8220;App Casin\u00f2&#8221;.<\/li>\n<li>Apparir\u00e0 una finestra pop-up; clicca su &#8220;Installa&#8221; per procedere.<\/li>\n<\/ol>\n<p><img loading=\"lazy\" decoding=\"async\" src=\"https:\/\/gangstasino.org\/wp-content\/uploads\/2025\/11\/Ganstasino-App-Android.webp\" alt=\"Ganstasino App Android\" width=\"1248\" height=\"536\" \/><\/p>\n<\/div><\/div><div style=\"clear: both\"><\/div><div class=\"d-flex justify-content-center\"><button data-item=\"decouvrez_link\" data-group=\"website_links\" class=\"goto fw-bold rounded-pill btn btn-orange\" aria-label=\"Scarica Gangstasino\" >Scarica Gangstasino<\/button><\/div><div class=\"scrollable-content-wrap my-5\"><div class=\"scrollable-content-inner\"><h2>Applicazione mobile per iOS<\/h2>\n<p>L&#8217;app Gangstasino \u00e8 ottimizzata per iPhone e iPad. Qualsiasi dispositivo basato su iOS pu\u00f2 utilizzare l&#8217;app. Tutte le funzionalit\u00e0 del casin\u00f2 disponibili nel browser saranno disponibili nell&#8217;app speciale. Non \u00e8 necessario alcun App Store; l&#8217;app pu\u00f2 essere scaricata direttamente nel browser.<\/p>\n<h3>Configurazione dell&#8217;app iOS<\/h3>\n<p>Per installare l&#8217;app per iOS:<\/p>\n<ol>\n<li>Apri il sito web Gangstasino in Safari.<\/li>\n<li>Tocca il pulsante &#8220;Condividi&#8221; (quadrato con una freccia rivolta verso l&#8217;alto).<\/li>\n<li>Seleziona &#8220;Aggiungi alla schermata Home&#8221; dal menu.<\/li>\n<li>Conferma cliccando su &#8220;Aggiungi&#8221;.<\/li>\n<\/ol>\n<p>Sulla schermata iniziale apparir\u00e0 un collegamento che consentir\u00e0 di accedere rapidamente al casin\u00f2. Nell&#8217;app \u00e8 possibile depositare e prelevare fondi, gestire i conti, utilizzare i bonus, contattare il nostro team di assistenza e visualizzare le classifiche dei tornei.<\/p>\n<p><img loading=\"lazy\" decoding=\"async\" src=\"https:\/\/gangstasino.org\/wp-content\/uploads\/2025\/11\/Ganstasino-App-iOS.webp\" alt=\"Ganstasino App iOS\" width=\"1248\" height=\"536\" \/><\/p>\n<\/div><\/div><div style=\"clear: both\"><\/div><div class=\"d-flex justify-content-center\"><button data-item=\"decouvrez_link\" data-group=\"website_links\" class=\"goto fw-bold rounded-pill btn btn-orange\" aria-label=\"Scarica l&#039;app Gangstasino\" >Scarica l&#039;app Gangstasino<\/button><\/div><div class=\"scrollable-content-wrap my-5\"><div class=\"scrollable-content-inner\"><h2>Gioca a Gangsta Sino su Mac o Windows<\/h2>\n<p>L&#8217;applicazione desktop Gangstasino Casino offre ai giocatori l&#8217;accesso alla collezione completa di giochi disponibili nel browser. Ad esempio, qui puoi giocare alle slot online, ai giochi da tavolo e ai giochi con croupier dal vivo in modo semplice e veloce dal tuo computer. Per giocare ai giochi di Gangstasino Casino, basta aprire un browser qualsiasi, digitare Gangstasino nella barra di ricerca e andare sul nostro sito web ufficiale.<\/p>\n<p>Puoi anche creare un collegamento sul desktop che ti consente di aprire rapidamente il casin\u00f2 dalla schermata iniziale. Questo collegamento \u00e8 un programma a s\u00e9 stante, ma ti consente di accedere rapidamente a tutte le funzioni del casin\u00f2, come la gestione del tuo account, l&#8217;ottenimento di bonus e l&#8217;assistenza. L&#8217;edizione desktop ha la stessa grafica di alta qualit\u00e0 e le stesse funzionalit\u00e0 complete delle versioni mobile e browser.<\/p>\n<p><img loading=\"lazy\" decoding=\"async\" src=\"https:\/\/gangstasino.org\/wp-content\/uploads\/2025\/11\/Ganstasino-App-Windows.webp\" alt=\"Ganstasino App Windows\" width=\"1248\" height=\"536\" \/><\/p>\n<\/div><\/div><div style=\"clear: both\"><\/div><div class=\"d-flex justify-content-center\"><button data-item=\"decouvrez_link\" data-group=\"website_links\" class=\"goto fw-bold rounded-pill btn btn-orange\" aria-label=\"Scarica Gangstasino\" >Scarica Gangstasino<\/button><\/div><div class=\"scrollable-content-wrap my-5\"><div class=\"scrollable-content-inner\"><h2>Vantaggi e caratteristiche dell&#8217;app Gangstasino<\/h2>\n<p>L&#8217;app Gangstasino \u00e8 dotata di un&#8217;interfaccia mobile intuitiva e di una grafica di alta qualit\u00e0. Riproduce le funzionalit\u00e0 della versione desktop, ma offre una maggiore flessibilit\u00e0 grazie alla sua interfaccia ottimizzata per i dispositivi mobili. Gli utenti possono giocare alle slot online, ai giochi con croupier dal vivo e gestire le promozioni.<\/p>\n<table>\n<tbody>\n<tr>\n<td>Caratteristica<\/td>\n<td>App Gangstasino<\/td>\n<td>Gangstasino Desktop<\/td>\n<\/tr>\n<tr>\n<td>Accessibilit\u00e0<\/td>\n<td>Funziona direttamente tramite browser (PWA), non sono necessari download<\/td>\n<td>Accessibile tramite browser o collegamento sul desktop<\/td>\n<\/tr>\n<tr>\n<td>Interfaccia<\/td>\n<td>Adattabile e touch-friendly per tutti gli schermi<\/td>\n<td>Layout pi\u00f9 ampio, ideale per i giochi su schermo panoramico<\/td>\n<\/tr>\n<tr>\n<td>Prestazioni<\/td>\n<td>Ottimizzato per velocit\u00e0 e stabilit\u00e0 sulle reti mobili<\/td>\n<td>Prestazioni stabili su connessioni cablate e Wi-Fi<\/td>\n<\/tr>\n<tr>\n<td>Libreria di giochi<\/td>\n<td>Accesso completo a tutte le slot, i tavoli e i giochi da casin\u00f2 dal vivo<\/td>\n<td>Catalogo giochi completo, compresa la grafica HD<\/td>\n<\/tr>\n<tr>\n<td>Pagamenti<\/td>\n<td>Supporta tutti i metodi di deposito e prelievo<\/td>\n<td>Supporta tutti i metodi di pagamento<\/td>\n<\/tr>\n<tr>\n<td>Comodit\u00e0<\/td>\n<td>Gioco istantaneo ovunque e in qualsiasi momento<\/td>\n<td>Comodo per lunghe sessioni a casa<\/td>\n<\/tr>\n<tr>\n<td>Notifiche<\/td>\n<td>Avvisi in-app per bonus e tornei<\/td>\n<td>Notifiche solo tramite e-mail o browser<\/td>\n<\/tr>\n<\/tbody>\n<\/table>\n<p>Come la versione per PC, l&#8217;app Gangstasino \u00e8 protetta in modo sicuro dalla crittografia dei dati. Abbiamo a cuore la sicurezza dell&#8217;ambiente e pertanto implementiamo procedure di sicurezza quali un processo di verifica obbligatorio.<\/p>\n<h2>Domande frequenti<\/h2>\n<h3>L&#8217;app Gangsta Sino \u00e8 disponibile sia per iOS che per Android?<\/h3>\n<p>S\u00ec, l&#8217;app Gangstasino \u00e8 disponibile per iOS, Android e PC. I nostri giocatori possono installare l&#8217;app direttamente dal loro browser senza dover andare sull&#8217;App Store o sul Play Store. L&#8217;app ti d\u00e0 accesso immediato a tutte le funzionalit\u00e0 del casin\u00f2.<\/p>\n<h3>Devo aggiornare manualmente l&#8217;applicazione?<\/h3>\n<p>Non sono necessari aggiornamenti manuali. L&#8217;app Gangstasino \u00e8 una piattaforma web che si aggiorna automaticamente all&#8217;ultima versione ogni volta che viene avviata. La versione aggiornata dell&#8217;app consente di accedere agli ultimi giochi, alle ultime funzionalit\u00e0 e agli ultimi aggiornamenti di sicurezza senza dover reinstallare o scaricare manualmente nulla.<\/p>\n<h3>La libreria completa dei giochi \u00e8 disponibile su dispositivi mobili?<\/h3>\n<p>S\u00ec. L&#8217;intera libreria di giochi di Gangstasino, inclusi slot, giochi da tavolo e giochi con croupier dal vivo, \u00e8 disponibile sul tuo dispositivo mobile. L&#8217;interfaccia mobile \u00e8 completamente ottimizzata per gli schermi dei dispositivi mobili. L&#8217;ottimizzazione dei giochi per i dispositivi supporta un gameplay e una grafica di alta qualit\u00e0. L&#8217;app fornisce accesso immediato a tutti i contenuti del casin\u00f2.<\/p>\n<h3>L&#8217;app offre la stessa sicurezza del sito desktop?<\/h3>\n<p>Certamente. L&#8217;app Gangstasino utilizza la stessa crittografia SSL e gli stessi protocolli di sicurezza avanzati della versione desktop del sito. I dati dei giocatori, le transazioni e i dati personali sono completamente protetti. Il nostro casin\u00f2 offre un ambiente di gioco sicuro e protetto su tutti i dispositivi.<\/p>\n<\/div><\/div><\/p>\n","protected":false},"excerpt":{"rendered":"<p>App Gangstasino per iOS, Android e PC Con la Gangstasino app, puoi trasferire la tua intera esperienza di gioco sul tuo dispositivo mobile. L&#8217;app offre tutte le stesse funzionalit\u00e0 della versione browser. Abbiamo reso l&#8217;interfaccia dell&#8217;app adattabile a qualsiasi dispositivo. Se desideri accedere rapidamente a Gangstasino Casino ovunque ti trovi, devi installare l&#8217;app.<\/p>\n","protected":false},"author":1,"featured_media":0,"parent":0,"menu_order":0,"comment_status":"closed","ping_status":"closed","template":"template-builder.php","meta":{"_acf_changed":false,"inline_featured_image":false,"footnotes":""},"class_list":["post-1754","page","type-page","status-publish","hentry"],"acf":[],"yoast_head":"<!-- This site is optimized with the Yoast SEO plugin v27.3 - https:\/\/yoast.com\/product\/yoast-seo-wordpress\/ -->\n<title>Gangstasino Mobile Casino | App per Android e iOS<\/title>\n<meta name=\"description\" content=\"Scarica l&#039;app Gangsta Sino per giocare subito su qualsiasi dispositivo mobile | Accedi a tutti i giochi con la massima sicurezza e assistenza 24\/7 | Scaricala ora e gioca ovunque!\" \/>\n<meta name=\"robots\" content=\"index, follow, max-snippet:-1, max-image-preview:large, max-video-preview:-1\" \/>\n<link rel=\"canonical\" href=\"https:\/\/gangstasino.org\/it\/app\/\" \/>\n<meta property=\"og:locale\" content=\"it_IT\" \/>\n<meta property=\"og:type\" content=\"article\" \/>\n<meta property=\"og:title\" content=\"Gangstasino Mobile Casino | App per Android e iOS\" \/>\n<meta property=\"og:description\" content=\"Scarica l&#039;app Gangsta Sino per giocare subito su qualsiasi dispositivo mobile | Accedi a tutti i giochi con la massima sicurezza e assistenza 24\/7 | Scaricala ora e gioca ovunque!\" \/>\n<meta property=\"og:url\" content=\"https:\/\/gangstasino.org\/it\/app\/\" \/>\n<meta property=\"og:site_name\" content=\"Gangstasino\" \/>\n<meta property=\"article:modified_time\" content=\"2025-11-12T09:41:38+00:00\" \/>\n<meta name=\"twitter:card\" content=\"summary_large_image\" \/>\n<meta name=\"twitter:label1\" content=\"Est. reading time\" \/>\n\t<meta name=\"twitter:data1\" content=\"1 minuto\" \/>\n<script type=\"application\/ld+json\" class=\"yoast-schema-graph\">{\"@context\":\"https:\\\/\\\/schema.org\",\"@graph\":[{\"@type\":\"WebPage\",\"@id\":\"https:\\\/\\\/gangstasino.org\\\/it\\\/app\\\/\",\"url\":\"https:\\\/\\\/gangstasino.org\\\/it\\\/app\\\/\",\"name\":\"Gangstasino Mobile Casino | App per Android e iOS\",\"isPartOf\":{\"@id\":\"https:\\\/\\\/gangstasino.org\\\/it\\\/#website\"},\"datePublished\":\"2025-11-12T06:53:06+00:00\",\"dateModified\":\"2025-11-12T09:41:38+00:00\",\"description\":\"Scarica l'app Gangsta Sino per giocare subito su qualsiasi dispositivo mobile | Accedi a tutti i giochi con la massima sicurezza e assistenza 24\\\/7 | Scaricala ora e gioca ovunque!\",\"breadcrumb\":{\"@id\":\"https:\\\/\\\/gangstasino.org\\\/it\\\/app\\\/#breadcrumb\"},\"inLanguage\":\"it-IT\",\"potentialAction\":[{\"@type\":\"ReadAction\",\"target\":[\"https:\\\/\\\/gangstasino.org\\\/it\\\/app\\\/\"]}]},{\"@type\":\"BreadcrumbList\",\"@id\":\"https:\\\/\\\/gangstasino.org\\\/it\\\/app\\\/#breadcrumb\",\"itemListElement\":[{\"@type\":\"ListItem\",\"position\":1,\"name\":\"Gangstasino\",\"item\":\"https:\\\/\\\/gangstasino.org\\\/it\\\/\"},{\"@type\":\"ListItem\",\"position\":2,\"name\":\"App\"}]},{\"@type\":\"WebSite\",\"@id\":\"https:\\\/\\\/gangstasino.org\\\/it\\\/#website\",\"url\":\"https:\\\/\\\/gangstasino.org\\\/it\\\/\",\"name\":\"Gangstasino\",\"description\":\"\",\"publisher\":{\"@id\":\"https:\\\/\\\/gangstasino.org\\\/it\\\/#organization\"},\"potentialAction\":[{\"@type\":\"SearchAction\",\"target\":{\"@type\":\"EntryPoint\",\"urlTemplate\":\"https:\\\/\\\/gangstasino.org\\\/it\\\/?s={search_term_string}\"},\"query-input\":{\"@type\":\"PropertyValueSpecification\",\"valueRequired\":true,\"valueName\":\"search_term_string\"}}],\"inLanguage\":\"it-IT\"},{\"@type\":\"Organization\",\"@id\":\"https:\\\/\\\/gangstasino.org\\\/it\\\/#organization\",\"name\":\"Gangstasino\",\"url\":\"https:\\\/\\\/gangstasino.org\\\/it\\\/\",\"logo\":{\"@type\":\"ImageObject\",\"inLanguage\":\"it-IT\",\"@id\":\"https:\\\/\\\/gangstasino.org\\\/it\\\/#\\\/schema\\\/logo\\\/image\\\/\",\"url\":\"https:\\\/\\\/gangstasino.org\\\/wp-content\\\/uploads\\\/2025\\\/08\\\/80u1FaquEZeR6OUTeJCc.png\",\"contentUrl\":\"https:\\\/\\\/gangstasino.org\\\/wp-content\\\/uploads\\\/2025\\\/08\\\/80u1FaquEZeR6OUTeJCc.png\",\"width\":152,\"height\":35,\"caption\":\"Gangstasino\"},\"image\":{\"@id\":\"https:\\\/\\\/gangstasino.org\\\/it\\\/#\\\/schema\\\/logo\\\/image\\\/\"}}]}<\/script>\n<!-- \/ Yoast SEO plugin. -->","yoast_head_json":{"title":"Gangstasino Mobile Casino | App per Android e iOS","description":"Scarica l'app Gangsta Sino per giocare subito su qualsiasi dispositivo mobile | Accedi a tutti i giochi con la massima sicurezza e assistenza 24\/7 | Scaricala ora e gioca ovunque!","robots":{"index":"index","follow":"follow","max-snippet":"max-snippet:-1","max-image-preview":"max-image-preview:large","max-video-preview":"max-video-preview:-1"},"canonical":"https:\/\/gangstasino.org\/it\/app\/","og_locale":"it_IT","og_type":"article","og_title":"Gangstasino Mobile Casino | App per Android e iOS","og_description":"Scarica l'app Gangsta Sino per giocare subito su qualsiasi dispositivo mobile | Accedi a tutti i giochi con la massima sicurezza e assistenza 24\/7 | Scaricala ora e gioca ovunque!","og_url":"https:\/\/gangstasino.org\/it\/app\/","og_site_name":"Gangstasino","article_modified_time":"2025-11-12T09:41:38+00:00","twitter_card":"summary_large_image","twitter_misc":{"Est. reading time":"1 minuto"},"schema":{"@context":"https:\/\/schema.org","@graph":[{"@type":"WebPage","@id":"https:\/\/gangstasino.org\/it\/app\/","url":"https:\/\/gangstasino.org\/it\/app\/","name":"Gangstasino Mobile Casino | App per Android e iOS","isPartOf":{"@id":"https:\/\/gangstasino.org\/it\/#website"},"datePublished":"2025-11-12T06:53:06+00:00","dateModified":"2025-11-12T09:41:38+00:00","description":"Scarica l'app Gangsta Sino per giocare subito su qualsiasi dispositivo mobile | Accedi a tutti i giochi con la massima sicurezza e assistenza 24\/7 | Scaricala ora e gioca ovunque!","breadcrumb":{"@id":"https:\/\/gangstasino.org\/it\/app\/#breadcrumb"},"inLanguage":"it-IT","potentialAction":[{"@type":"ReadAction","target":["https:\/\/gangstasino.org\/it\/app\/"]}]},{"@type":"BreadcrumbList","@id":"https:\/\/gangstasino.org\/it\/app\/#breadcrumb","itemListElement":[{"@type":"ListItem","position":1,"name":"Gangstasino","item":"https:\/\/gangstasino.org\/it\/"},{"@type":"ListItem","position":2,"name":"App"}]},{"@type":"WebSite","@id":"https:\/\/gangstasino.org\/it\/#website","url":"https:\/\/gangstasino.org\/it\/","name":"Gangstasino","description":"","publisher":{"@id":"https:\/\/gangstasino.org\/it\/#organization"},"potentialAction":[{"@type":"SearchAction","target":{"@type":"EntryPoint","urlTemplate":"https:\/\/gangstasino.org\/it\/?s={search_term_string}"},"query-input":{"@type":"PropertyValueSpecification","valueRequired":true,"valueName":"search_term_string"}}],"inLanguage":"it-IT"},{"@type":"Organization","@id":"https:\/\/gangstasino.org\/it\/#organization","name":"Gangstasino","url":"https:\/\/gangstasino.org\/it\/","logo":{"@type":"ImageObject","inLanguage":"it-IT","@id":"https:\/\/gangstasino.org\/it\/#\/schema\/logo\/image\/","url":"https:\/\/gangstasino.org\/wp-content\/uploads\/2025\/08\/80u1FaquEZeR6OUTeJCc.png","contentUrl":"https:\/\/gangstasino.org\/wp-content\/uploads\/2025\/08\/80u1FaquEZeR6OUTeJCc.png","width":152,"height":35,"caption":"Gangstasino"},"image":{"@id":"https:\/\/gangstasino.org\/it\/#\/schema\/logo\/image\/"}}]}},"_links":{"self":[{"href":"https:\/\/gangstasino.org\/it\/wp-json\/wp\/v2\/pages\/1754","targetHints":{"allow":["GET"]}}],"collection":[{"href":"https:\/\/gangstasino.org\/it\/wp-json\/wp\/v2\/pages"}],"about":[{"href":"https:\/\/gangstasino.org\/it\/wp-json\/wp\/v2\/types\/page"}],"author":[{"embeddable":true,"href":"https:\/\/gangstasino.org\/it\/wp-json\/wp\/v2\/users\/1"}],"replies":[{"embeddable":true,"href":"https:\/\/gangstasino.org\/it\/wp-json\/wp\/v2\/comments?post=1754"}],"version-history":[{"count":2,"href":"https:\/\/gangstasino.org\/it\/wp-json\/wp\/v2\/pages\/1754\/revisions"}],"predecessor-version":[{"id":2063,"href":"https:\/\/gangstasino.org\/it\/wp-json\/wp\/v2\/pages\/1754\/revisions\/2063"}],"wp:attachment":[{"href":"https:\/\/gangstasino.org\/it\/wp-json\/wp\/v2\/media?parent=1754"}],"curies":[{"name":"wp","href":"https:\/\/api.w.org\/{rel}","templated":true}]}}