{"id":1795,"date":"2025-11-12T07:03:23","date_gmt":"2025-11-12T07:03:23","guid":{"rendered":"https:\/\/gangstasino.org\/login-and-registration\/"},"modified":"2025-11-12T09:43:05","modified_gmt":"2025-11-12T09:43:05","slug":"accesso-e-registrazione","status":"publish","type":"page","link":"https:\/\/gangstasino.org\/it\/accesso-e-registrazione\/","title":{"rendered":"Accesso e Registrazione"},"content":{"rendered":"<h1>Accesso a Gangstasino e registrazione dell&#8217;account<\/h1>\n<p>Prima di utilizzare le funzionalit\u00e0 del nostro casin\u00f2, tutti gli utenti devono creare un account. Per aiutarti a imparare tutto su questo processo, abbiamo creato per te la scheda di Gangstasino login. Solo gli utenti registrati possono accedere ai propri profili, effettuare depositi e iniziare a giocare. I nuovi giocatori che non si sono ancora registrati possono creare un account in pochi semplici passaggi.<\/p>\n<p><div class=\"banner-wrap\" aria-label=\"Banner\"><img src=\"https:\/\/gangstasino.org\/wp-content\/uploads\/2025\/11\/Gangstasino-Banner-Desktop.webp\" class=\"w-100 d-none d-lg-block img-pc main-banner-img\" alt=\"Gangstasino bonus desktop\" fetchpriority=\"high\" decoding=\"async\"><img src=\"https:\/\/gangstasino.org\/wp-content\/uploads\/2025\/11\/Gangstasino-bonus-mobile.webp\" class=\"w-100 d-none d-md-block d-lg-none main-banner-img\" alt=\"Gangstasino bonus mobile\" fetchpriority=\"high\" decoding=\"async\"><img src=\"https:\/\/gangstasino.org\/wp-content\/uploads\/2025\/11\/Gangstasino-bonus-mobile.webp\" class=\"w-100 d-md-none\" alt=\"Gangstasino bonus mobile\" fetchpriority=\"high\" decoding=\"async\"><div class=\"banner-description\">\n<div class=\"banner-title\">Bonus di benvenuto<\/div>\n<p class=\"banner-header-title\">\u20ac1500<\/p>\n<div class=\"banner-header-AdditionalText\">+ 250 giri gratuiti<\/div>\n<button data-item=\"homepage_banner_link\" class=\"goto m-button m-gradient-border m-button--primary m-button--large banner-button btn-orange\">\n            <div class=\"m-button-content\">\n                <span>Iscriviti ora<\/span>\n                <span><\/span>\n            <\/div>\n        <\/button>\n<\/div>\n<div class=\"WelcomePack\">\n<p><img loading=\"lazy\" decoding=\"async\" class=\"alignnone size-full wp-image-1621\" src=\"https:\/\/gangstasino.org\/wp-content\/uploads\/2025\/11\/welcome-crown.svg\" alt=\"crown\" width=\"25\" height=\"26\" \/><\/p>\n<div class=\"WelcomePack-Info\">Cashback settimanale fino al 25%<\/div>\n<p><img loading=\"lazy\" decoding=\"async\" class=\"alignnone size-full wp-image-1621\" src=\"https:\/\/gangstasino.org\/wp-content\/uploads\/2025\/11\/welcome-crown.svg\" alt=\"crown\" width=\"25\" height=\"26\" \/><\/p>\n<\/div>\n<\/div><div class=\"scrollable-content-wrap my-5 \"><div class=\"scrollable-content-inner\"><h2>Entra a far parte di Gangstasino<\/h2>\n<p>Dopo aver registrato un account, riceverai l&#8217;accesso completo alla libreria di giochi di Gangstasino. Avrai accesso a tutte le slot, i giochi da tavolo, i giochi di carte, i giochi con croupier dal vivo, i giochi istantanei e i giochi crash. Solo gli utenti registrati possono partecipare ai tornei, ricevere bonus e gestire depositi e prelievi. Gli strumenti di gioco responsabile sono disponibili anche per gli utenti registrati. Tutte le funzionalit\u00e0 del casin\u00f2 sono disponibili per gli utenti registrati da qualsiasi dispositivo.<\/p>\n<table>\n<tbody>\n<tr>\n<td>Vantaggi<\/td>\n<td>Dettagli<\/td>\n<\/tr>\n<tr>\n<td>Accesso completo ai giochi<\/td>\n<td>Gli utenti registrati possono giocare a tutte le slot, ai giochi da tavolo, ai giochi con croupier dal vivo, ai giochi istantanei e ai giochi crash.<\/td>\n<\/tr>\n<tr>\n<td>Partecipazione alle promozioni<\/td>\n<td>Solo i giocatori registrati possono richiedere bonus, partecipare a tornei e accedere ai premi VIP.<\/td>\n<\/tr>\n<tr>\n<td>Gestione dell&#8217;account<\/td>\n<td>Gli utenti possono gestire depositi, prelievi, bonus attivi e codici promozionali direttamente dal proprio account.<\/td>\n<\/tr>\n<tr>\n<td>Strumenti per il gioco responsabile<\/td>\n<td>Accedi ai timer di sessione, alle opzioni di autoesclusione e ad altre impostazioni di gioco responsabile.<\/td>\n<\/tr>\n<tr>\n<td>Funzionalit\u00e0 VIP<\/td>\n<td>Gestisci l&#8217;iscrizione VIP e ottieni vantaggi esclusivi per gli high roller.<\/td>\n<\/tr>\n<tr>\n<td>Verifica sicura<\/td>\n<td>La verifica KYC assicura prelievi senza ritardi. Garantisce la tua sicurezza.<\/td>\n<\/tr>\n<tr>\n<td>Assistenza multilingue<\/td>\n<td>Contatta il nostro team di assistenza multilingue in qualsiasi momento tramite live chat o e-mail.<\/td>\n<\/tr>\n<\/tbody>\n<\/table>\n<h3>Come configurare il tuo account<\/h3>\n<ol>\n<li>Tocca il pulsante &#8220;Registrati&#8221; nell&#8217;angolo in alto a destra della pagina principale.<\/li>\n<li>Inserisci le tue informazioni personali, come il tuo indirizzo e-mail e una password sicura. Se hai un codice promozionale, inseriscilo in questa fase.<\/li>\n<li>Spunta la casella che attesta che hai pi\u00f9 di 18 anni. Accetta l&#8217;Informativa sulla privacy e i Termini e condizioni.<\/li>\n<li>Tocca &#8220;Registrati&#8221; per completare la registrazione.<\/li>\n<li>Segui il link nell&#8217;e-mail per confermare il tuo account.<\/li>\n<\/ol>\n<p>Il tuo account \u00e8 ora verificato e attivo. Puoi giocare a qualsiasi gioco nel nostro casin\u00f2, piazzare scommesse, ricevere bonus, partecipare a tornei e molto altro ancora.<\/p>\n<h2>Procedura di verifica per i giocatori di Gangsta Sino<\/h2>\n<p>Su Gangsta Sino, tutti gli utenti sono sottoposti a un processo di verifica per garantire la sicurezza dell&#8217;account e il fair play. I giocatori devono caricare documenti ufficiali come passaporto, carta d&#8217;identit\u00e0, patente di guida o una bolletta recente. Il nostro team controller\u00e0 i tuoi documenti entro 48 ore. Il tuo account sar\u00e0 completamente convalidato al termine del processo di verifica. Una volta completato il processo di verifica, il tuo account sar\u00e0 completamente verificato. Non potrai prelevare fondi fino a quando non sarai stato verificato. \u00c8 cos\u00ec che funziona la nostra politica Know Your Customer (KYC). Ha lo scopo di proteggere gli utenti dalle frodi. Puoi trovare istruzioni dettagliate su come inviare i documenti e seguire gli standard KYC nella parte inferiore della nostra pagina.<\/p>\n<h2>Gestisci il tuo account<\/h2>\n<p>Per avviare il processo di accesso a Gangstasino, clicca sul pulsante di accesso nell&#8217;angolo in alto a destra del sito web. Inserisci il tuo indirizzo e-mail registrato e la password per accedere. Una volta effettuato l&#8217;accesso, potrai giocare a qualsiasi gioco e modificare tutte le impostazioni del tuo profilo, come depositi, prelievi, bonus attivi, promozioni e impostazioni dell&#8217;account.<\/p>\n<p>Puoi anche gestire la tua iscrizione VIP, giocare nei tornei e modificare le impostazioni di gioco responsabile come i timer di sessione o l&#8217;autoesclusione tramite il pannello di controllo dell&#8217;account. Gli utenti hanno anche accesso alla sezione della cronologia di gioco per tenere traccia della loro attivit\u00e0. Forniamo assistenza multilingue a tutti gli utenti. Puoi contattare il nostro team di assistenza tramite live chat o e-mail. Se hai problemi con l&#8217;accesso, il nostro team di assistenza \u00e8 pronto ad aiutarti.<\/p>\n<h3>Istruzioni per reimpostare la password di Gangstasino<\/h3>\n<p>Non preoccuparti se hai dimenticato la password. Il recupero della password \u00e8 una procedura semplice. Cosa fare se hai dimenticato la password:<\/p>\n<ol>\n<li>Clicca su &#8220;Accedi&#8221; nell&#8217;angolo in alto a destra della pagina principale.<\/li>\n<li>Vedrai un pulsante &#8220;Hai dimenticato la password?&#8221;; cliccaci sopra.<\/li>\n<li>Inserisci l&#8217;indirizzo e-mail che hai utilizzato per registrarti su Gangstasino.<\/li>\n<li>Riceverai un&#8217;e-mail con un link per reimpostare la password.<\/li>\n<li>Imposta una nuova password e confermala.<\/li>\n<\/ol>\n<p>Il tuo account verr\u00e0 ripristinato. Se riscontri problemi in questa fase, puoi contattare il nostro team di assistenza tramite e-mail o live chat sul sito web.<\/p>\n<h2>Domande frequenti<\/h2>\n<h3>Cosa devo fare se dimentico la mia password?<\/h3>\n<p>Se hai dimenticato la password, clicca su &#8220;Accedi&#8221; e poi su &#8220;Hai dimenticato la password?&#8221; nella homepage di Gangstasino. Inserisci il tuo indirizzo e-mail e segui il link contenuto nell&#8217;e-mail. Ora puoi creare una nuova password. Il tuo account verr\u00e0 ripristinato e potrai accedere nuovamente.<\/p>\n<h3>Quali informazioni devo fornire per registrare un account?<\/h3>\n<p>Per registrare un account Gangstasino, fornisci il tuo nome completo, un indirizzo e-mail valido e una password. Devi confermare di avere pi\u00f9 di 18 anni e accettare i nostri Termini di utilizzo.<\/p>\n<h3>Perch\u00e9 ho problemi ad accedere al mio account?<\/h3>\n<p>Potrebbero verificarsi problemi di accesso a Gangstasino se le credenziali sono state inserite in modo errato o se il tuo account non \u00e8 stato verificato. Assicurati che il tuo indirizzo e-mail e la tua password siano corretti. In tal caso, reimposta la password e controlla la tua e-mail per i messaggi di attivazione o di conferma di sicurezza da parte di Gangsta Sino.<\/p>\n<\/div><\/div><\/p>\n","protected":false},"excerpt":{"rendered":"<p>Accesso a Gangstasino e registrazione dell&#8217;account Prima di utilizzare le funzionalit\u00e0 del nostro casin\u00f2, tutti gli utenti devono creare un account. Per aiutarti a imparare tutto su questo processo, abbiamo creato per te la scheda di Gangstasino login. Solo gli utenti registrati possono accedere ai propri profili, effettuare depositi e iniziare a giocare. I nuovi [&hellip;]<\/p>\n","protected":false},"author":1,"featured_media":0,"parent":0,"menu_order":0,"comment_status":"closed","ping_status":"closed","template":"template-builder.php","meta":{"_acf_changed":false,"inline_featured_image":false,"footnotes":""},"class_list":["post-1795","page","type-page","status-publish","hentry"],"acf":[],"yoast_head":"<!-- This site is optimized with the Yoast SEO plugin v27.3 - https:\/\/yoast.com\/product\/yoast-seo-wordpress\/ -->\n<title>Gangstasino Login | Registrazione e gestione dell&#039;account<\/title>\n<meta name=\"description\" content=\"Utilizza il tuo login Gangsta Sino per accedere in modo sicuro al tuo account, gestire i depositi e controllare la cronologia delle tue partite. I nuovi utenti possono registrare un account in pochi istanti. Accedi o registrati ora!\" \/>\n<meta name=\"robots\" content=\"index, follow, max-snippet:-1, max-image-preview:large, max-video-preview:-1\" \/>\n<link rel=\"canonical\" href=\"https:\/\/gangstasino.org\/it\/accesso-e-registrazione\/\" \/>\n<meta property=\"og:locale\" content=\"it_IT\" \/>\n<meta property=\"og:type\" content=\"article\" \/>\n<meta property=\"og:title\" content=\"Gangstasino Login | Registrazione e gestione dell&#039;account\" \/>\n<meta property=\"og:description\" content=\"Utilizza il tuo login Gangsta Sino per accedere in modo sicuro al tuo account, gestire i depositi e controllare la cronologia delle tue partite. I nuovi utenti possono registrare un account in pochi istanti. Accedi o registrati ora!\" \/>\n<meta property=\"og:url\" content=\"https:\/\/gangstasino.org\/it\/accesso-e-registrazione\/\" \/>\n<meta property=\"og:site_name\" content=\"Gangstasino\" \/>\n<meta property=\"article:modified_time\" content=\"2025-11-12T09:43:05+00:00\" \/>\n<meta name=\"twitter:card\" content=\"summary_large_image\" \/>\n<meta name=\"twitter:label1\" content=\"Est. reading time\" \/>\n\t<meta name=\"twitter:data1\" content=\"1 minuto\" \/>\n<script type=\"application\/ld+json\" class=\"yoast-schema-graph\">{\"@context\":\"https:\\\/\\\/schema.org\",\"@graph\":[{\"@type\":\"WebPage\",\"@id\":\"https:\\\/\\\/gangstasino.org\\\/it\\\/accesso-e-registrazione\\\/\",\"url\":\"https:\\\/\\\/gangstasino.org\\\/it\\\/accesso-e-registrazione\\\/\",\"name\":\"Gangstasino Login | Registrazione e gestione dell'account\",\"isPartOf\":{\"@id\":\"https:\\\/\\\/gangstasino.org\\\/it\\\/#website\"},\"datePublished\":\"2025-11-12T07:03:23+00:00\",\"dateModified\":\"2025-11-12T09:43:05+00:00\",\"description\":\"Utilizza il tuo login Gangsta Sino per accedere in modo sicuro al tuo account, gestire i depositi e controllare la cronologia delle tue partite. I nuovi utenti possono registrare un account in pochi istanti. Accedi o registrati ora!\",\"breadcrumb\":{\"@id\":\"https:\\\/\\\/gangstasino.org\\\/it\\\/accesso-e-registrazione\\\/#breadcrumb\"},\"inLanguage\":\"it-IT\",\"potentialAction\":[{\"@type\":\"ReadAction\",\"target\":[\"https:\\\/\\\/gangstasino.org\\\/it\\\/accesso-e-registrazione\\\/\"]}]},{\"@type\":\"BreadcrumbList\",\"@id\":\"https:\\\/\\\/gangstasino.org\\\/it\\\/accesso-e-registrazione\\\/#breadcrumb\",\"itemListElement\":[{\"@type\":\"ListItem\",\"position\":1,\"name\":\"Gangstasino\",\"item\":\"https:\\\/\\\/gangstasino.org\\\/it\\\/\"},{\"@type\":\"ListItem\",\"position\":2,\"name\":\"Accesso e Registrazione\"}]},{\"@type\":\"WebSite\",\"@id\":\"https:\\\/\\\/gangstasino.org\\\/it\\\/#website\",\"url\":\"https:\\\/\\\/gangstasino.org\\\/it\\\/\",\"name\":\"Gangstasino\",\"description\":\"\",\"publisher\":{\"@id\":\"https:\\\/\\\/gangstasino.org\\\/it\\\/#organization\"},\"potentialAction\":[{\"@type\":\"SearchAction\",\"target\":{\"@type\":\"EntryPoint\",\"urlTemplate\":\"https:\\\/\\\/gangstasino.org\\\/it\\\/?s={search_term_string}\"},\"query-input\":{\"@type\":\"PropertyValueSpecification\",\"valueRequired\":true,\"valueName\":\"search_term_string\"}}],\"inLanguage\":\"it-IT\"},{\"@type\":\"Organization\",\"@id\":\"https:\\\/\\\/gangstasino.org\\\/it\\\/#organization\",\"name\":\"Gangstasino\",\"url\":\"https:\\\/\\\/gangstasino.org\\\/it\\\/\",\"logo\":{\"@type\":\"ImageObject\",\"inLanguage\":\"it-IT\",\"@id\":\"https:\\\/\\\/gangstasino.org\\\/it\\\/#\\\/schema\\\/logo\\\/image\\\/\",\"url\":\"https:\\\/\\\/gangstasino.org\\\/wp-content\\\/uploads\\\/2025\\\/08\\\/80u1FaquEZeR6OUTeJCc.png\",\"contentUrl\":\"https:\\\/\\\/gangstasino.org\\\/wp-content\\\/uploads\\\/2025\\\/08\\\/80u1FaquEZeR6OUTeJCc.png\",\"width\":152,\"height\":35,\"caption\":\"Gangstasino\"},\"image\":{\"@id\":\"https:\\\/\\\/gangstasino.org\\\/it\\\/#\\\/schema\\\/logo\\\/image\\\/\"}}]}<\/script>\n<!-- \/ Yoast SEO plugin. -->","yoast_head_json":{"title":"Gangstasino Login | Registrazione e gestione dell'account","description":"Utilizza il tuo login Gangsta Sino per accedere in modo sicuro al tuo account, gestire i depositi e controllare la cronologia delle tue partite. I nuovi utenti possono registrare un account in pochi istanti. Accedi o registrati ora!","robots":{"index":"index","follow":"follow","max-snippet":"max-snippet:-1","max-image-preview":"max-image-preview:large","max-video-preview":"max-video-preview:-1"},"canonical":"https:\/\/gangstasino.org\/it\/accesso-e-registrazione\/","og_locale":"it_IT","og_type":"article","og_title":"Gangstasino Login | Registrazione e gestione dell'account","og_description":"Utilizza il tuo login Gangsta Sino per accedere in modo sicuro al tuo account, gestire i depositi e controllare la cronologia delle tue partite. I nuovi utenti possono registrare un account in pochi istanti. Accedi o registrati ora!","og_url":"https:\/\/gangstasino.org\/it\/accesso-e-registrazione\/","og_site_name":"Gangstasino","article_modified_time":"2025-11-12T09:43:05+00:00","twitter_card":"summary_large_image","twitter_misc":{"Est. reading time":"1 minuto"},"schema":{"@context":"https:\/\/schema.org","@graph":[{"@type":"WebPage","@id":"https:\/\/gangstasino.org\/it\/accesso-e-registrazione\/","url":"https:\/\/gangstasino.org\/it\/accesso-e-registrazione\/","name":"Gangstasino Login | Registrazione e gestione dell'account","isPartOf":{"@id":"https:\/\/gangstasino.org\/it\/#website"},"datePublished":"2025-11-12T07:03:23+00:00","dateModified":"2025-11-12T09:43:05+00:00","description":"Utilizza il tuo login Gangsta Sino per accedere in modo sicuro al tuo account, gestire i depositi e controllare la cronologia delle tue partite. I nuovi utenti possono registrare un account in pochi istanti. Accedi o registrati ora!","breadcrumb":{"@id":"https:\/\/gangstasino.org\/it\/accesso-e-registrazione\/#breadcrumb"},"inLanguage":"it-IT","potentialAction":[{"@type":"ReadAction","target":["https:\/\/gangstasino.org\/it\/accesso-e-registrazione\/"]}]},{"@type":"BreadcrumbList","@id":"https:\/\/gangstasino.org\/it\/accesso-e-registrazione\/#breadcrumb","itemListElement":[{"@type":"ListItem","position":1,"name":"Gangstasino","item":"https:\/\/gangstasino.org\/it\/"},{"@type":"ListItem","position":2,"name":"Accesso e Registrazione"}]},{"@type":"WebSite","@id":"https:\/\/gangstasino.org\/it\/#website","url":"https:\/\/gangstasino.org\/it\/","name":"Gangstasino","description":"","publisher":{"@id":"https:\/\/gangstasino.org\/it\/#organization"},"potentialAction":[{"@type":"SearchAction","target":{"@type":"EntryPoint","urlTemplate":"https:\/\/gangstasino.org\/it\/?s={search_term_string}"},"query-input":{"@type":"PropertyValueSpecification","valueRequired":true,"valueName":"search_term_string"}}],"inLanguage":"it-IT"},{"@type":"Organization","@id":"https:\/\/gangstasino.org\/it\/#organization","name":"Gangstasino","url":"https:\/\/gangstasino.org\/it\/","logo":{"@type":"ImageObject","inLanguage":"it-IT","@id":"https:\/\/gangstasino.org\/it\/#\/schema\/logo\/image\/","url":"https:\/\/gangstasino.org\/wp-content\/uploads\/2025\/08\/80u1FaquEZeR6OUTeJCc.png","contentUrl":"https:\/\/gangstasino.org\/wp-content\/uploads\/2025\/08\/80u1FaquEZeR6OUTeJCc.png","width":152,"height":35,"caption":"Gangstasino"},"image":{"@id":"https:\/\/gangstasino.org\/it\/#\/schema\/logo\/image\/"}}]}},"_links":{"self":[{"href":"https:\/\/gangstasino.org\/it\/wp-json\/wp\/v2\/pages\/1795","targetHints":{"allow":["GET"]}}],"collection":[{"href":"https:\/\/gangstasino.org\/it\/wp-json\/wp\/v2\/pages"}],"about":[{"href":"https:\/\/gangstasino.org\/it\/wp-json\/wp\/v2\/types\/page"}],"author":[{"embeddable":true,"href":"https:\/\/gangstasino.org\/it\/wp-json\/wp\/v2\/users\/1"}],"replies":[{"embeddable":true,"href":"https:\/\/gangstasino.org\/it\/wp-json\/wp\/v2\/comments?post=1795"}],"version-history":[{"count":2,"href":"https:\/\/gangstasino.org\/it\/wp-json\/wp\/v2\/pages\/1795\/revisions"}],"predecessor-version":[{"id":2065,"href":"https:\/\/gangstasino.org\/it\/wp-json\/wp\/v2\/pages\/1795\/revisions\/2065"}],"wp:attachment":[{"href":"https:\/\/gangstasino.org\/it\/wp-json\/wp\/v2\/media?parent=1795"}],"curies":[{"name":"wp","href":"https:\/\/api.w.org\/{rel}","templated":true}]}}