{"id":1755,"date":"2025-11-12T06:53:06","date_gmt":"2025-11-12T06:53:06","guid":{"rendered":"https:\/\/gangstasino.org\/app\/"},"modified":"2025-11-12T10:01:03","modified_gmt":"2025-11-12T10:01:03","slug":"aplikacja","status":"publish","type":"page","link":"https:\/\/gangstasino.org\/pl\/aplikacja\/","title":{"rendered":"Aplikacja"},"content":{"rendered":"<h1>Aplikacja Gangstasino na iOS, Androida i PC<\/h1>\n<p>Dzi\u0119ki Gangstasino app mo\u017cesz przenie\u015b\u0107 ca\u0142e swoje do\u015bwiadczenie z gry na urz\u0105dzenie mobilne. Aplikacja oferuje wszystkie te same funkcje, co wersja przegl\u0105darkowa. Interfejs aplikacji dostosowuje si\u0119 do ka\u017cdego urz\u0105dzenia. Je\u015bli chcesz mie\u0107 szybki dost\u0119p do kasyna Gangstasino, gdziekolwiek jeste\u015b, zainstaluj aplikacj\u0119.<\/p>\n<p><div class=\"banner-wrap\" aria-label=\"Banner\"><img src=\"https:\/\/gangstasino.org\/wp-content\/uploads\/2025\/11\/Gangstasino-Banner-Desktop.webp\" class=\"w-100 d-none d-lg-block img-pc main-banner-img\" alt=\"Gangstasino bonus desktop\" fetchpriority=\"high\" decoding=\"async\"><img src=\"https:\/\/gangstasino.org\/wp-content\/uploads\/2025\/11\/Gangstasino-bonus-mobile.webp\" class=\"w-100 d-none d-md-block d-lg-none main-banner-img\" alt=\"Gangstasino bonus mobile\" fetchpriority=\"high\" decoding=\"async\"><img src=\"https:\/\/gangstasino.org\/wp-content\/uploads\/2025\/11\/Gangstasino-bonus-mobile.webp\" class=\"w-100 d-md-none\" alt=\"Gangstasino bonus mobile\" fetchpriority=\"high\" decoding=\"async\"><div class=\"banner-description\">\n<div class=\"banner-title\">Bonusy powitalne<\/div>\n<p class=\"banner-header-title\">1500 \u20ac<\/p>\n<div class=\"banner-header-AdditionalText\">+ 250 Darmowe obroty<\/div>\n<button data-item=\"homepage_banner_link\" class=\"goto m-button m-gradient-border m-button--primary m-button--large banner-button btn-orange\">\n            <div class=\"m-button-content\">\n                <span>Zarejestruj si\u0119 teraz<\/span>\n                <span><\/span>\n            <\/div>\n        <\/button>\n<\/div>\n<div class=\"WelcomePack\">\n<p><img loading=\"lazy\" decoding=\"async\" class=\"alignnone wp-image-1619 size-full\" src=\"https:\/\/gangstasino.org\/wp-content\/uploads\/2025\/11\/welcome-crown.svg\" alt=\"crown\" width=\"25\" height=\"26\" \/><\/p>\n<div class=\"WelcomePack-Info\">Cotygodniowy zwrot got\u00f3wki do 25%<\/div>\n<p><img loading=\"lazy\" decoding=\"async\" class=\"alignnone wp-image-1619 size-full\" src=\"https:\/\/gangstasino.org\/wp-content\/uploads\/2025\/11\/welcome-crown.svg\" alt=\"crown\" width=\"25\" height=\"26\" \/><\/p>\n<\/div>\n<\/div><div class=\"scrollable-content-wrap my-5\"><div class=\"scrollable-content-inner\"><h2>Aplikacja Gangstasino na Androida<\/h2>\n<p>Pe\u0142na wersja mobilnego kasyna jest dost\u0119pna w aplikacji Gangstasino na Androida. Nasza aplikacja nie wymaga odwiedzania sklepu Play Store. Obs\u0142ugujemy progresywn\u0105 aplikacj\u0119 internetow\u0105 (PWA), kt\u00f3r\u0105 mo\u017cna pobra\u0107 bezpo\u015brednio w przegl\u0105darce. Aby zapewni\u0107 natychmiastowy dost\u0119p do wszystkich gier na naszej platformie, nasi programi\u015bci stworzyli ten rodzaj pliku do pobrania. Wersja na Androida oferuje wszystkie funkcje kasyna, ustawienia konta, czat na \u017cywo z obs\u0142ug\u0105 klienta oraz pe\u0142n\u0105 kolekcj\u0119 gier.<\/p>\n<h3>Pobierz plik PWA<\/h3>\n<p>Instalacja naszej aplikacji PWA jest \u0142atwa; jest ona dost\u0119pna bezpo\u015brednio w przegl\u0105darce na stronie internetowej Gangstasino. Nie musisz instalowa\u0107 aplikacji APK Gangstasino. Post\u0119puj zgodnie z poni\u017cszymi prostymi instrukcjami:<\/p>\n<ol>\n<li>Przejd\u017a na d\u00f3\u0142 strony g\u0142\u00f3wnej Gangsta Sino.<\/li>\n<li>Wybierz przycisk \u201eAplikacja kasyna\u201d.<\/li>\n<li>Pojawi si\u0119 wyskakuj\u0105ce okienko; kliknij \u201eZainstaluj\u201d, aby kontynuowa\u0107.<\/li>\n<\/ol>\n<p><img loading=\"lazy\" decoding=\"async\" src=\"https:\/\/gangstasino.org\/wp-content\/uploads\/2025\/11\/Ganstasino-App-Android.webp\" alt=\"Ganstasino App Android\" width=\"1248\" height=\"536\" \/><\/p>\n<\/div><\/div><div style=\"clear: both\"><\/div><div class=\"d-flex justify-content-center\"><button data-item=\"decouvrez_link\" data-group=\"website_links\" class=\"goto fw-bold rounded-pill btn btn-orange\" aria-label=\"Pobierz Gangstasino\" >Pobierz Gangstasino<\/button><\/div><div class=\"scrollable-content-wrap my-5\"><div class=\"scrollable-content-inner\"><h2>Aplikacja mobilna dla systemu iOS<\/h2>\n<p>Aplikacja Gangstasino jest zoptymalizowana pod k\u0105tem iPhone&#8217;a i iPada. Z aplikacji mo\u017cna korzysta\u0107 na ka\u017cdym urz\u0105dzeniu z systemem iOS. Wszystkie funkcje kasyna dost\u0119pne w przegl\u0105darce b\u0119d\u0105 dost\u0119pne w specjalnej aplikacji. Nie jest wymagany App Store; aplikacj\u0119 mo\u017cna pobra\u0107 bezpo\u015brednio w przegl\u0105darce.<\/p>\n<h3>Konfiguracja aplikacji na iOS<\/h3>\n<p>Aby zainstalowa\u0107 aplikacj\u0119 na iOS:<\/p>\n<ol>\n<li>Otw\u00f3rz stron\u0119 Gangstasino w przegl\u0105darce Safari.<\/li>\n<li>Naci\u015bnij przycisk \u201eUdost\u0119pnij\u201d (kwadrat z strza\u0142k\u0105 skierowan\u0105 w g\u00f3r\u0119).<\/li>\n<li>Wybierz \u201eDodaj do ekranu g\u0142\u00f3wnego\u201d z menu.<\/li>\n<li>Potwierd\u017a, klikaj\u0105c \u201eDodaj\u201d.<\/li>\n<\/ol>\n<p>Na ekranie g\u0142\u00f3wnym pojawi si\u0119 skr\u00f3t, umo\u017cliwiaj\u0105cy szybki dost\u0119p do kasyna. W aplikacji mo\u017cna wp\u0142aca\u0107 i wyp\u0142aca\u0107 \u015brodki, zarz\u0105dza\u0107 kontami, korzysta\u0107 z bonus\u00f3w, kontaktowa\u0107 si\u0119 z naszym zespo\u0142em pomocy technicznej oraz przegl\u0105da\u0107 tabele wynik\u00f3w turniej\u00f3w.<\/p>\n<p><img loading=\"lazy\" decoding=\"async\" src=\"https:\/\/gangstasino.org\/wp-content\/uploads\/2025\/11\/Ganstasino-App-iOS.webp\" alt=\"Ganstasino App iOS\" width=\"1248\" height=\"536\" \/><\/p>\n<\/div><\/div><div style=\"clear: both\"><\/div><div class=\"d-flex justify-content-center\"><button data-item=\"decouvrez_link\" data-group=\"website_links\" class=\"goto fw-bold rounded-pill btn btn-orange\" aria-label=\"Pobierz aplikacj\u0119 Gangstasino\" >Pobierz aplikacj\u0119 Gangstasino<\/button><\/div><div class=\"scrollable-content-wrap my-5\"><div class=\"scrollable-content-inner\"><h2>Zagraj w Gangsta Sino na komputerze Mac lub Windows<\/h2>\n<p>Aplikacja Gangstasino Casino na komputery stacjonarne zapewnia graczom dost\u0119p do pe\u0142nej kolekcji gier dost\u0119pnych w przegl\u0105darce. Na przyk\u0142ad, tutaj mo\u017cesz szybko i \u0142atwo gra\u0107 w automaty online, gry sto\u0142owe i gry z krupierami na \u017cywo z komputera. Aby gra\u0107 w gry Gangstasino Casino, po prostu otw\u00f3rz dowoln\u0105 przegl\u0105dark\u0119, wpisz Gangstasino w pasku wyszukiwania i przejd\u017a do naszej oficjalnej strony internetowej.<\/p>\n<p>Mo\u017cesz r\u00f3wnie\u017c utworzy\u0107 skr\u00f3t na pulpicie, kt\u00f3ry pozwoli Ci szybko otworzy\u0107 kasyno z ekranu g\u0142\u00f3wnego. Skr\u00f3t ten jest osobnym programem, ale umo\u017cliwia szybki dost\u0119p do wszystkich funkcji kasyna, takich jak zarz\u0105dzanie kontem, uzyskiwanie bonus\u00f3w i pomoc. Wersja na komputery stacjonarne ma tak\u0105 sam\u0105 wysok\u0105 jako\u015b\u0107 grafiki i pe\u0142n\u0105 funkcjonalno\u015b\u0107 jak wersje mobilna i przegl\u0105darkowa.<\/p>\n<p><img loading=\"lazy\" decoding=\"async\" src=\"https:\/\/gangstasino.org\/wp-content\/uploads\/2025\/11\/Ganstasino-App-Windows.webp\" alt=\"Ganstasino App Windows\" width=\"1248\" height=\"536\" \/><\/p>\n<\/div><\/div><div style=\"clear: both\"><\/div><div class=\"d-flex justify-content-center\"><button data-item=\"decouvrez_link\" data-group=\"website_links\" class=\"goto fw-bold rounded-pill btn btn-orange\" aria-label=\"Pobierz Gangstasino\" >Pobierz Gangstasino<\/button><\/div><div class=\"scrollable-content-wrap my-5\"><div class=\"scrollable-content-inner\"><h2>Zalety i funkcje aplikacji Gangstasino<\/h2>\n<p>Aplikacja Gangstasino posiada przyjazny dla u\u017cytkownika interfejs mobilny i wysokiej jako\u015bci grafik\u0119. Odzwierciedla funkcjonalno\u015b\u0107 wersji na komputery stacjonarne, ale oferuje dodatkow\u0105 elastyczno\u015b\u0107 dzi\u0119ki interfejsowi zoptymalizowanemu pod k\u0105tem urz\u0105dze\u0144 mobilnych. U\u017cytkownicy mog\u0105 gra\u0107 w automaty online, gry z krupierem na \u017cywo oraz zarz\u0105dza\u0107 promocjami.<\/p>\n<table>\n<tbody>\n<tr>\n<td>Funkcja<\/td>\n<td>Aplikacja Gangstasino<\/td>\n<td>Gangstasino Desktop<\/td>\n<\/tr>\n<tr>\n<td>Dost\u0119pno\u015b\u0107<\/td>\n<td>Dzia\u0142a bezpo\u015brednio w przegl\u0105darce (PWA), nie wymaga pobierania<\/td>\n<td>Dost\u0119p poprzez przegl\u0105dark\u0119 lub skr\u00f3t na pulpicie<\/td>\n<\/tr>\n<tr>\n<td>Interfejs<\/td>\n<td>Dostosowuje si\u0119 do wszystkich ekran\u00f3w i jest przyjazny dla ekran\u00f3w dotykowych<\/td>\n<td>Wi\u0119kszy uk\u0142ad, idealny do gier na ekranach panoramicznych<\/td>\n<\/tr>\n<tr>\n<td>Wydajno\u015b\u0107<\/td>\n<td>Zoptymalizowany pod k\u0105tem szybko\u015bci i stabilno\u015bci w sieciach kom\u00f3rkowych<\/td>\n<td>Stabilna wydajno\u015b\u0107 w po\u0142\u0105czeniach przewodowych i Wi-Fi<\/td>\n<\/tr>\n<tr>\n<td>Biblioteka gier<\/td>\n<td>Pe\u0142ny dost\u0119p do wszystkich automat\u00f3w, sto\u0142\u00f3w i gier kasynowych na \u017cywo<\/td>\n<td>Kompletny katalog gier, w tym grafika HD<\/td>\n<\/tr>\n<tr>\n<td>P\u0142atno\u015bci<\/td>\n<td>Obs\u0142uga wszystkich metod wp\u0142at i wyp\u0142at<\/td>\n<td>Obs\u0142uguje wszystkie metody p\u0142atno\u015bci<\/td>\n<\/tr>\n<tr>\n<td>Wygoda<\/td>\n<td>Natychmiastowa gra w dowolnym miejscu i czasie<\/td>\n<td>Wygodna podczas d\u0142ugich sesji w domu<\/td>\n<\/tr>\n<tr>\n<td>Powiadomienia<\/td>\n<td>Powiadomienia w aplikacji o bonusach i turniejach<\/td>\n<td>Powiadomienia tylko przez e-mail lub przegl\u0105dark\u0119<\/td>\n<\/tr>\n<\/tbody>\n<\/table>\n<p>Podobnie jak wersja na komputery PC, aplikacja Gangstasino jest bezpiecznie chroniona przez szyfrowanie danych. Dbamy o bezpieczne \u015brodowisko, dlatego wdra\u017camy procedury bezpiecze\u0144stwa, takie jak obowi\u0105zkowy proces weryfikacji.<\/p>\n<h2>FAQ<\/h2>\n<h3>Czy aplikacja Gangsta Sino jest dost\u0119pna zar\u00f3wno dla systemu iOS, jak i Android?<\/h3>\n<p>Tak, aplikacja Gangstasino jest dost\u0119pna na iOS, Androida i komputery PC. Nasi gracze mog\u0105 zainstalowa\u0107 aplikacj\u0119 bezpo\u015brednio z przegl\u0105darki, bez konieczno\u015bci przechodzenia do App Store lub Play Store. Aplikacja zapewnia natychmiastowy dost\u0119p do wszystkich funkcji kasyna.<\/p>\n<h3>Czy musz\u0119 r\u0119cznie aktualizowa\u0107 aplikacj\u0119?<\/h3>\n<p>Nie s\u0105 wymagane \u017cadne r\u0119czne aktualizacje. Aplikacja Gangstasino jest platform\u0105 internetow\u0105, kt\u00f3ra automatycznie aktualizuje si\u0119 do najnowszej wersji przy ka\u017cdym uruchomieniu. Zaktualizowana wersja aplikacji zapewnia dost\u0119p do najnowszych gier, funkcji i aktualizacji zabezpiecze\u0144 bez konieczno\u015bci ponownej instalacji lub r\u0119cznego pobierania czegokolwiek.<\/p>\n<h3>Czy pe\u0142na biblioteka gier jest dost\u0119pna na urz\u0105dzeniach mobilnych?<\/h3>\n<p>Tak. Ca\u0142a biblioteka gier Gangstasino, w tym automaty, gry sto\u0142owe i gry z krupierem na \u017cywo, jest dost\u0119pna na urz\u0105dzeniach mobilnych. Interfejs mobilny jest w pe\u0142ni zoptymalizowany pod k\u0105tem ekran\u00f3w urz\u0105dze\u0144 mobilnych. Optymalizacja gier pod k\u0105tem urz\u0105dze\u0144 zapewnia wysok\u0105 jako\u015b\u0107 rozgrywki i grafiki. Aplikacja zapewnia natychmiastowy dost\u0119p do wszystkich tre\u015bci kasyna.<\/p>\n<h3>Czy aplikacja zapewnia takie samo bezpiecze\u0144stwo jak strona na komputery stacjonarne?<\/h3>\n<p>Oczywi\u015bcie. Aplikacja Gangstasino wykorzystuje to samo szyfrowanie SSL i zaawansowane protoko\u0142y bezpiecze\u0144stwa, co wersja strony na komputery stacjonarne. Dane graczy, transakcje i dane osobowe s\u0105 w pe\u0142ni chronione. Nasze kasyno zapewnia bezpieczne \u015brodowisko gry na wszystkich urz\u0105dzeniach.<\/p>\n<\/div><\/div><\/p>\n","protected":false},"excerpt":{"rendered":"<p>Aplikacja Gangstasino na iOS, Androida i PC Dzi\u0119ki Gangstasino app mo\u017cesz przenie\u015b\u0107 ca\u0142e swoje do\u015bwiadczenie z gry na urz\u0105dzenie mobilne. Aplikacja oferuje wszystkie te same funkcje, co wersja przegl\u0105darkowa. Interfejs aplikacji dostosowuje si\u0119 do ka\u017cdego urz\u0105dzenia. Je\u015bli chcesz mie\u0107 szybki dost\u0119p do kasyna Gangstasino, gdziekolwiek jeste\u015b, zainstaluj aplikacj\u0119.<\/p>\n","protected":false},"author":1,"featured_media":0,"parent":0,"menu_order":0,"comment_status":"closed","ping_status":"closed","template":"template-builder.php","meta":{"_acf_changed":false,"inline_featured_image":false,"footnotes":""},"class_list":["post-1755","page","type-page","status-publish","hentry"],"acf":[],"yoast_head":"<!-- This site is optimized with the Yoast SEO plugin v27.3 - https:\/\/yoast.com\/product\/yoast-seo-wordpress\/ -->\n<title>Kasyno mobilne Gangstasino | App na Androida i iOS<\/title>\n<meta name=\"description\" content=\"Pobierz app Gangsta Sino i graj od razu na dowolnym urz\u0105dzeniu mobilnym | Uzyskaj dost\u0119p do wszystkich gier przy zachowaniu pe\u0142nego bezpiecze\u0144stwa i ca\u0142odobowej pomocy technicznej | Pobierz teraz i graj gdziekolwiek!\" \/>\n<meta name=\"robots\" content=\"index, follow, max-snippet:-1, max-image-preview:large, max-video-preview:-1\" \/>\n<link rel=\"canonical\" href=\"https:\/\/gangstasino.org\/pl\/aplikacja\/\" \/>\n<meta property=\"og:locale\" content=\"pl_PL\" \/>\n<meta property=\"og:type\" content=\"article\" \/>\n<meta property=\"og:title\" content=\"Kasyno mobilne Gangstasino | App na Androida i iOS\" \/>\n<meta property=\"og:description\" content=\"Pobierz app Gangsta Sino i graj od razu na dowolnym urz\u0105dzeniu mobilnym | Uzyskaj dost\u0119p do wszystkich gier przy zachowaniu pe\u0142nego bezpiecze\u0144stwa i ca\u0142odobowej pomocy technicznej | Pobierz teraz i graj gdziekolwiek!\" \/>\n<meta property=\"og:url\" content=\"https:\/\/gangstasino.org\/pl\/aplikacja\/\" \/>\n<meta property=\"og:site_name\" content=\"Gangstasino\" \/>\n<meta property=\"article:modified_time\" content=\"2025-11-12T10:01:03+00:00\" \/>\n<meta name=\"twitter:card\" content=\"summary_large_image\" \/>\n<meta name=\"twitter:label1\" content=\"Est. reading time\" \/>\n\t<meta name=\"twitter:data1\" content=\"1 minuta\" \/>\n<script type=\"application\/ld+json\" class=\"yoast-schema-graph\">{\"@context\":\"https:\\\/\\\/schema.org\",\"@graph\":[{\"@type\":\"WebPage\",\"@id\":\"https:\\\/\\\/gangstasino.org\\\/pl\\\/aplikacja\\\/\",\"url\":\"https:\\\/\\\/gangstasino.org\\\/pl\\\/aplikacja\\\/\",\"name\":\"Kasyno mobilne Gangstasino | App na Androida i iOS\",\"isPartOf\":{\"@id\":\"https:\\\/\\\/gangstasino.org\\\/pl\\\/#website\"},\"datePublished\":\"2025-11-12T06:53:06+00:00\",\"dateModified\":\"2025-11-12T10:01:03+00:00\",\"description\":\"Pobierz app Gangsta Sino i graj od razu na dowolnym urz\u0105dzeniu mobilnym | Uzyskaj dost\u0119p do wszystkich gier przy zachowaniu pe\u0142nego bezpiecze\u0144stwa i ca\u0142odobowej pomocy technicznej | Pobierz teraz i graj gdziekolwiek!\",\"breadcrumb\":{\"@id\":\"https:\\\/\\\/gangstasino.org\\\/pl\\\/aplikacja\\\/#breadcrumb\"},\"inLanguage\":\"pl-PL\",\"potentialAction\":[{\"@type\":\"ReadAction\",\"target\":[\"https:\\\/\\\/gangstasino.org\\\/pl\\\/aplikacja\\\/\"]}]},{\"@type\":\"BreadcrumbList\",\"@id\":\"https:\\\/\\\/gangstasino.org\\\/pl\\\/aplikacja\\\/#breadcrumb\",\"itemListElement\":[{\"@type\":\"ListItem\",\"position\":1,\"name\":\"Gangstasino\",\"item\":\"https:\\\/\\\/gangstasino.org\\\/pl\\\/\"},{\"@type\":\"ListItem\",\"position\":2,\"name\":\"Aplikacja\"}]},{\"@type\":\"WebSite\",\"@id\":\"https:\\\/\\\/gangstasino.org\\\/pl\\\/#website\",\"url\":\"https:\\\/\\\/gangstasino.org\\\/pl\\\/\",\"name\":\"Gangstasino\",\"description\":\"\",\"publisher\":{\"@id\":\"https:\\\/\\\/gangstasino.org\\\/pl\\\/#organization\"},\"potentialAction\":[{\"@type\":\"SearchAction\",\"target\":{\"@type\":\"EntryPoint\",\"urlTemplate\":\"https:\\\/\\\/gangstasino.org\\\/pl\\\/?s={search_term_string}\"},\"query-input\":{\"@type\":\"PropertyValueSpecification\",\"valueRequired\":true,\"valueName\":\"search_term_string\"}}],\"inLanguage\":\"pl-PL\"},{\"@type\":\"Organization\",\"@id\":\"https:\\\/\\\/gangstasino.org\\\/pl\\\/#organization\",\"name\":\"Gangstasino\",\"url\":\"https:\\\/\\\/gangstasino.org\\\/pl\\\/\",\"logo\":{\"@type\":\"ImageObject\",\"inLanguage\":\"pl-PL\",\"@id\":\"https:\\\/\\\/gangstasino.org\\\/pl\\\/#\\\/schema\\\/logo\\\/image\\\/\",\"url\":\"https:\\\/\\\/gangstasino.org\\\/wp-content\\\/uploads\\\/2025\\\/08\\\/80u1FaquEZeR6OUTeJCc.png\",\"contentUrl\":\"https:\\\/\\\/gangstasino.org\\\/wp-content\\\/uploads\\\/2025\\\/08\\\/80u1FaquEZeR6OUTeJCc.png\",\"width\":152,\"height\":35,\"caption\":\"Gangstasino\"},\"image\":{\"@id\":\"https:\\\/\\\/gangstasino.org\\\/pl\\\/#\\\/schema\\\/logo\\\/image\\\/\"}}]}<\/script>\n<!-- \/ Yoast SEO plugin. -->","yoast_head_json":{"title":"Kasyno mobilne Gangstasino | App na Androida i iOS","description":"Pobierz app Gangsta Sino i graj od razu na dowolnym urz\u0105dzeniu mobilnym | Uzyskaj dost\u0119p do wszystkich gier przy zachowaniu pe\u0142nego bezpiecze\u0144stwa i ca\u0142odobowej pomocy technicznej | Pobierz teraz i graj gdziekolwiek!","robots":{"index":"index","follow":"follow","max-snippet":"max-snippet:-1","max-image-preview":"max-image-preview:large","max-video-preview":"max-video-preview:-1"},"canonical":"https:\/\/gangstasino.org\/pl\/aplikacja\/","og_locale":"pl_PL","og_type":"article","og_title":"Kasyno mobilne Gangstasino | App na Androida i iOS","og_description":"Pobierz app Gangsta Sino i graj od razu na dowolnym urz\u0105dzeniu mobilnym | Uzyskaj dost\u0119p do wszystkich gier przy zachowaniu pe\u0142nego bezpiecze\u0144stwa i ca\u0142odobowej pomocy technicznej | Pobierz teraz i graj gdziekolwiek!","og_url":"https:\/\/gangstasino.org\/pl\/aplikacja\/","og_site_name":"Gangstasino","article_modified_time":"2025-11-12T10:01:03+00:00","twitter_card":"summary_large_image","twitter_misc":{"Est. reading time":"1 minuta"},"schema":{"@context":"https:\/\/schema.org","@graph":[{"@type":"WebPage","@id":"https:\/\/gangstasino.org\/pl\/aplikacja\/","url":"https:\/\/gangstasino.org\/pl\/aplikacja\/","name":"Kasyno mobilne Gangstasino | App na Androida i iOS","isPartOf":{"@id":"https:\/\/gangstasino.org\/pl\/#website"},"datePublished":"2025-11-12T06:53:06+00:00","dateModified":"2025-11-12T10:01:03+00:00","description":"Pobierz app Gangsta Sino i graj od razu na dowolnym urz\u0105dzeniu mobilnym | Uzyskaj dost\u0119p do wszystkich gier przy zachowaniu pe\u0142nego bezpiecze\u0144stwa i ca\u0142odobowej pomocy technicznej | Pobierz teraz i graj gdziekolwiek!","breadcrumb":{"@id":"https:\/\/gangstasino.org\/pl\/aplikacja\/#breadcrumb"},"inLanguage":"pl-PL","potentialAction":[{"@type":"ReadAction","target":["https:\/\/gangstasino.org\/pl\/aplikacja\/"]}]},{"@type":"BreadcrumbList","@id":"https:\/\/gangstasino.org\/pl\/aplikacja\/#breadcrumb","itemListElement":[{"@type":"ListItem","position":1,"name":"Gangstasino","item":"https:\/\/gangstasino.org\/pl\/"},{"@type":"ListItem","position":2,"name":"Aplikacja"}]},{"@type":"WebSite","@id":"https:\/\/gangstasino.org\/pl\/#website","url":"https:\/\/gangstasino.org\/pl\/","name":"Gangstasino","description":"","publisher":{"@id":"https:\/\/gangstasino.org\/pl\/#organization"},"potentialAction":[{"@type":"SearchAction","target":{"@type":"EntryPoint","urlTemplate":"https:\/\/gangstasino.org\/pl\/?s={search_term_string}"},"query-input":{"@type":"PropertyValueSpecification","valueRequired":true,"valueName":"search_term_string"}}],"inLanguage":"pl-PL"},{"@type":"Organization","@id":"https:\/\/gangstasino.org\/pl\/#organization","name":"Gangstasino","url":"https:\/\/gangstasino.org\/pl\/","logo":{"@type":"ImageObject","inLanguage":"pl-PL","@id":"https:\/\/gangstasino.org\/pl\/#\/schema\/logo\/image\/","url":"https:\/\/gangstasino.org\/wp-content\/uploads\/2025\/08\/80u1FaquEZeR6OUTeJCc.png","contentUrl":"https:\/\/gangstasino.org\/wp-content\/uploads\/2025\/08\/80u1FaquEZeR6OUTeJCc.png","width":152,"height":35,"caption":"Gangstasino"},"image":{"@id":"https:\/\/gangstasino.org\/pl\/#\/schema\/logo\/image\/"}}]}},"_links":{"self":[{"href":"https:\/\/gangstasino.org\/pl\/wp-json\/wp\/v2\/pages\/1755","targetHints":{"allow":["GET"]}}],"collection":[{"href":"https:\/\/gangstasino.org\/pl\/wp-json\/wp\/v2\/pages"}],"about":[{"href":"https:\/\/gangstasino.org\/pl\/wp-json\/wp\/v2\/types\/page"}],"author":[{"embeddable":true,"href":"https:\/\/gangstasino.org\/pl\/wp-json\/wp\/v2\/users\/1"}],"replies":[{"embeddable":true,"href":"https:\/\/gangstasino.org\/pl\/wp-json\/wp\/v2\/comments?post=1755"}],"version-history":[{"count":2,"href":"https:\/\/gangstasino.org\/pl\/wp-json\/wp\/v2\/pages\/1755\/revisions"}],"predecessor-version":[{"id":2130,"href":"https:\/\/gangstasino.org\/pl\/wp-json\/wp\/v2\/pages\/1755\/revisions\/2130"}],"wp:attachment":[{"href":"https:\/\/gangstasino.org\/pl\/wp-json\/wp\/v2\/media?parent=1755"}],"curies":[{"name":"wp","href":"https:\/\/api.w.org\/{rel}","templated":true}]}}