{"id":1796,"date":"2025-11-12T07:03:23","date_gmt":"2025-11-12T07:03:23","guid":{"rendered":"https:\/\/gangstasino.org\/login-and-registration\/"},"modified":"2025-11-12T10:02:37","modified_gmt":"2025-11-12T10:02:37","slug":"logowanie-i-rejestracja","status":"publish","type":"page","link":"https:\/\/gangstasino.org\/pl\/logowanie-i-rejestracja\/","title":{"rendered":"Logowanie i rejestracja"},"content":{"rendered":"<h1>Logowanie do Gangstasino i rejestracja konta<\/h1>\n<p>Przed skorzystaniem z funkcji naszego kasyna wszyscy u\u017cytkownicy musz\u0105 utworzy\u0107 konto. Aby pom\u00f3c Ci dowiedzie\u0107 si\u0119 wszystkiego o tym procesie, stworzyli\u015bmy dla Ciebie zak\u0142adk\u0119 Gangstasino login. Tylko zarejestrowani u\u017cytkownicy mog\u0105 uzyska\u0107 dost\u0119p do swoich profili, dokonywa\u0107 wp\u0142at i rozpocz\u0105\u0107 gr\u0119. Nowi gracze, kt\u00f3rzy jeszcze si\u0119 nie zarejestrowali, mog\u0105 utworzy\u0107 konto w kilku prostych krokach.<\/p>\n<p><div class=\"banner-wrap\" aria-label=\"Banner\"><img src=\"https:\/\/gangstasino.org\/wp-content\/uploads\/2025\/11\/Gangstasino-Banner-Desktop.webp\" class=\"w-100 d-none d-lg-block img-pc main-banner-img\" alt=\"Gangstasino bonus desktop\" fetchpriority=\"high\" decoding=\"async\"><img src=\"https:\/\/gangstasino.org\/wp-content\/uploads\/2025\/11\/Gangstasino-bonus-mobile.webp\" class=\"w-100 d-none d-md-block d-lg-none main-banner-img\" alt=\"Gangstasino bonus mobile\" fetchpriority=\"high\" decoding=\"async\"><img src=\"https:\/\/gangstasino.org\/wp-content\/uploads\/2025\/11\/Gangstasino-bonus-mobile.webp\" class=\"w-100 d-md-none\" alt=\"Gangstasino bonus mobile\" fetchpriority=\"high\" decoding=\"async\"><div class=\"banner-description\">\n<div class=\"banner-title\">Bonusy powitalne<\/div>\n<p class=\"banner-header-title\">1500 \u20ac<\/p>\n<div class=\"banner-header-AdditionalText\">+ 250 Darmowe obroty<\/div>\n<button data-item=\"homepage_banner_link\" class=\"goto m-button m-gradient-border m-button--primary m-button--large banner-button btn-orange\">\n            <div class=\"m-button-content\">\n                <span>Zarejestruj si\u0119 teraz<\/span>\n                <span><\/span>\n            <\/div>\n        <\/button>\n<\/div>\n<div class=\"WelcomePack\">\n<p><img loading=\"lazy\" decoding=\"async\" class=\"alignnone wp-image-1619 size-full\" src=\"https:\/\/gangstasino.org\/wp-content\/uploads\/2025\/11\/welcome-crown.svg\" alt=\"crown\" width=\"25\" height=\"26\" \/><\/p>\n<div class=\"WelcomePack-Info\">Cotygodniowy zwrot got\u00f3wki do 25%<\/div>\n<p><img loading=\"lazy\" decoding=\"async\" class=\"alignnone wp-image-1619 size-full\" src=\"https:\/\/gangstasino.org\/wp-content\/uploads\/2025\/11\/welcome-crown.svg\" alt=\"crown\" width=\"25\" height=\"26\" \/><\/p>\n<\/div>\n<\/div><div class=\"scrollable-content-wrap my-5 \"><div class=\"scrollable-content-inner\"><h2>Zosta\u0144 cz\u0119\u015bci\u0105 Gangstasino<\/h2>\n<p>Po zarejestrowaniu konta otrzymasz pe\u0142ny dost\u0119p do biblioteki gier Gangstasino. B\u0119dziesz mie\u0107 dost\u0119p do wszystkich automat\u00f3w, gier sto\u0142owych, gier karcianych, gier z krupierem na \u017cywo, gier b\u0142yskawicznych i gier typu crash. Tylko zarejestrowani u\u017cytkownicy mog\u0105 uczestniczy\u0107 w turniejach, otrzymywa\u0107 bonusy oraz zarz\u0105dza\u0107 wp\u0142atami i wyp\u0142atami. Zarejestrowani u\u017cytkownicy maj\u0105 r\u00f3wnie\u017c dost\u0119p do narz\u0119dzi odpowiedzialnej gry. Wszystkie funkcje kasyna s\u0105 dost\u0119pne dla zarejestrowanych u\u017cytkownik\u00f3w z dowolnego urz\u0105dzenia.<\/p>\n<table>\n<tbody>\n<tr>\n<td>Korzy\u015bci<\/td>\n<td>Szczeg\u00f3\u0142y<\/td>\n<\/tr>\n<tr>\n<td>Pe\u0142ny dost\u0119p do gier<\/td>\n<td>Zarejestrowani u\u017cytkownicy mog\u0105 gra\u0107 we wszystkie automaty, gry sto\u0142owe, gry z krupierem na \u017cywo, gry b\u0142yskawiczne i gry typu crash.<\/td>\n<\/tr>\n<tr>\n<td>Udzia\u0142 w promocjach<\/td>\n<td>Tylko zarejestrowani gracze mog\u0105 ubiega\u0107 si\u0119 o bonusy, bra\u0107 udzia\u0142 w turniejach i uzyska\u0107 dost\u0119p do nagr\u00f3d VIP.<\/td>\n<\/tr>\n<tr>\n<td>Zarz\u0105dzanie kontem<\/td>\n<td>U\u017cytkownicy mog\u0105 zarz\u0105dza\u0107 wp\u0142atami, wyp\u0142atami, aktywnymi bonusami i kodami promocyjnymi bezpo\u015brednio ze swojego konta.<\/td>\n<\/tr>\n<tr>\n<td>Narz\u0119dzia odpowiedzialnej gry<\/td>\n<td>Dost\u0119p do licznik\u00f3w czasu sesji, opcji samowykluczenia i innych ustawie\u0144 odpowiedzialnej gry.<\/td>\n<\/tr>\n<tr>\n<td>Funkcje VIP<\/td>\n<td>Zarz\u0105dzaj cz\u0142onkostwem VIP i uzyskaj ekskluzywne korzy\u015bci dla graczy o wysokich stawkach.<\/td>\n<\/tr>\n<tr>\n<td>Bezpieczna weryfikacja<\/td>\n<td>Weryfikacja KYC zapewnia wyp\u0142aty bez op\u00f3\u017anie\u0144. Gwarantuje to Twoje bezpiecze\u0144stwo.<\/td>\n<\/tr>\n<tr>\n<td>Wieloj\u0119zyczna obs\u0142uga<\/td>\n<td>Skontaktuj si\u0119 z naszym wieloj\u0119zycznym zespo\u0142em wsparcia w dowolnym momencie za po\u015brednictwem czatu na \u017cywo lub poczty elektronicznej.<\/td>\n<\/tr>\n<\/tbody>\n<\/table>\n<h3>Jak za\u0142o\u017cy\u0107 konto<\/h3>\n<ol>\n<li>Naci\u015bnij przycisk \u201eZarejestruj si\u0119\u201d w prawym g\u00f3rnym rogu strony g\u0142\u00f3wnej.<\/li>\n<li>Podaj swoje dane osobowe, takie jak adres e-mail i bezpieczne has\u0142o. Je\u015bli posiadasz kod promocyjny, wprowad\u017a go na tym etapie.<\/li>\n<li>Zaznacz pole potwierdzaj\u0105ce, \u017ce masz uko\u0144czone 18 lat. Zaakceptuj Polityk\u0119 prywatno\u015bci i Warunki u\u017cytkowania.<\/li>\n<li>Kliknij \u201eZarejestruj si\u0119\u201d, aby zako\u0144czy\u0107 rejestracj\u0119.<\/li>\n<li>Kliknij link w wiadomo\u015bci e-mail, aby potwierdzi\u0107 swoje konto.<\/li>\n<\/ol>\n<p>Twoje konto zosta\u0142o zweryfikowane i jest aktywne. Mo\u017cesz gra\u0107 w dowolne gry w naszym kasynie, obstawia\u0107 zak\u0142ady, otrzymywa\u0107 bonusy, bra\u0107 udzia\u0142 w turniejach i wiele wi\u0119cej.<\/p>\n<h2>Procedura weryfikacji graczy Gangsta Sino<\/h2>\n<p>W Gangsta Sino wszyscy u\u017cytkownicy przechodz\u0105 proces weryfikacji w celu zapewnienia bezpiecze\u0144stwa konta i uczciwej gry. Gracze musz\u0105 przes\u0142a\u0107 oficjalne dokumenty, takie jak paszport, dow\u00f3d osobisty, prawo jazdy lub ostatni rachunek za media. Nasz zesp\u00f3\u0142 sprawdzi Twoje dokumenty w ci\u0105gu 48 godzin. Po zako\u0144czeniu procesu weryfikacji Twoje konto zostanie w pe\u0142ni zatwierdzone. Nie mo\u017cesz wyp\u0142aci\u0107 \u015brodk\u00f3w, dop\u00f3ki nie zostaniesz zweryfikowany. Tak dzia\u0142a nasza polityka \u201ePoznaj swojego klienta\u201d (KYC). Ma ona na celu ochron\u0119 u\u017cytkownik\u00f3w przed oszustwami. Szczeg\u00f3\u0142owe instrukcje dotycz\u0105ce przesy\u0142ania dokument\u00f3w i przestrzegania standard\u00f3w KYC znajdziesz na dole naszej strony.<\/p>\n<h2>Zarz\u0105dzaj swoim kontem<\/h2>\n<p>Aby rozpocz\u0105\u0107 proces logowania do Gangstasino, kliknij przycisk logowania w prawym g\u00f3rnym rogu strony. Wprowad\u017a sw\u00f3j zarejestrowany adres e-mail i has\u0142o, aby si\u0119 zalogowa\u0107. Po zalogowaniu mo\u017cesz gra\u0107 w dowolne gry i zmienia\u0107 wszystkie ustawienia swojego profilu, takie jak wp\u0142aty, wyp\u0142aty, aktywne bonusy, promocje i ustawienia konta.<\/p>\n<p>Mo\u017cesz r\u00f3wnie\u017c zarz\u0105dza\u0107 swoim cz\u0142onkostwem VIP, gra\u0107 w turniejach i zmienia\u0107 ustawienia odpowiedzialnej gry, takie jak liczniki sesji lub samowykluczenie, za po\u015brednictwem panelu sterowania kontem. U\u017cytkownicy maj\u0105 r\u00f3wnie\u017c dost\u0119p do sekcji historii gry, aby \u015bledzi\u0107 swoj\u0105 aktywno\u015b\u0107. Zapewniamy wieloj\u0119zyczne wsparcie dla wszystkich u\u017cytkownik\u00f3w. Mo\u017cesz skontaktowa\u0107 si\u0119 z naszym zespo\u0142em pomocy technicznej za po\u015brednictwem czatu na \u017cywo lub poczty elektronicznej. Je\u015bli masz jakiekolwiek problemy z logowaniem, nasz zesp\u00f3\u0142 pomocy technicznej jest gotowy Ci pom\u00f3c.<\/p>\n<h3>Instrukcje resetowania has\u0142a Gangstasino<\/h3>\n<p>Nie martw si\u0119, je\u015bli zapomnia\u0142e\u015b has\u0142a. Odzyskanie has\u0142a jest prost\u0105 procedur\u0105. Co zrobi\u0107, je\u015bli zapomnia\u0142e\u015b has\u0142a:<\/p>\n<ol>\n<li>Kliknij \u201eZaloguj si\u0119\u201d w prawym g\u00f3rnym rogu strony g\u0142\u00f3wnej.<\/li>\n<li>Zobaczysz przycisk \u201eNie pami\u0119tasz has\u0142a?\u201d; kliknij na niego.<\/li>\n<li>Wprowad\u017a adres e-mail u\u017cyty podczas rejestracji w Gangstasino.<\/li>\n<li>Otrzymasz wiadomo\u015b\u0107 e-mail z linkiem do resetowania has\u0142a.<\/li>\n<li>Ustaw nowe has\u0142o i potwierd\u017a je.<\/li>\n<\/ol>\n<p>Twoje konto zostanie przywr\u00f3cone. Je\u015bli napotkasz jakiekolwiek problemy na tym etapie, mo\u017cesz skontaktowa\u0107 si\u0119 z naszym zespo\u0142em pomocy technicznej za po\u015brednictwem poczty elektronicznej lub czatu na \u017cywo na stronie internetowej.<\/p>\n<h2>FAQ<\/h2>\n<h3>Co zrobi\u0107, je\u015bli zapomnia\u0142em has\u0142a?<\/h3>\n<p>Je\u015bli zapomnia\u0142e\u015b has\u0142a, kliknij \u201eZaloguj si\u0119\u201d, a nast\u0119pnie \u201eNie pami\u0119tasz has\u0142a?\u201d na stronie g\u0142\u00f3wnej Gangstasino. Wpisz sw\u00f3j adres e-mail i kliknij link w wiadomo\u015bci e-mail. Teraz mo\u017cesz utworzy\u0107 nowe has\u0142o. Twoje konto zostanie przywr\u00f3cone i b\u0119dziesz m\u00f3g\u0142 si\u0119 ponownie zalogowa\u0107.<\/p>\n<h3>Jakie informacje musz\u0119 poda\u0107, aby zarejestrowa\u0107 konto?<\/h3>\n<p>Aby zarejestrowa\u0107 konto w Gangstasino, podaj swoje imi\u0119 i nazwisko, prawid\u0142owy adres e-mail oraz has\u0142o. Musisz potwierdzi\u0107, \u017ce masz uko\u0144czone 18 lat i zaakceptowa\u0107 nasze Warunki u\u017cytkowania.<\/p>\n<h3>Dlaczego mam problemy z zalogowaniem si\u0119 na swoje konto?<\/h3>\n<p>Problemy z logowaniem do Gangstasino mog\u0105 wyst\u0105pi\u0107, je\u015bli dane logowania zosta\u0142y wprowadzone nieprawid\u0142owo lub je\u015bli konto nie zosta\u0142o zweryfikowane. Upewnij si\u0119, \u017ce adres e-mail i has\u0142o s\u0105 poprawne. Je\u015bli tak, zresetuj has\u0142o i sprawd\u017a swoj\u0105 skrzynk\u0119 e-mail pod k\u0105tem wiadomo\u015bci aktywacyjnych lub potwierdzaj\u0105cych bezpiecze\u0144stwo od Gangsta Sino.<\/p>\n<\/div><\/div><\/p>\n","protected":false},"excerpt":{"rendered":"<p>Logowanie do Gangstasino i rejestracja konta Przed skorzystaniem z funkcji naszego kasyna wszyscy u\u017cytkownicy musz\u0105 utworzy\u0107 konto. Aby pom\u00f3c Ci dowiedzie\u0107 si\u0119 wszystkiego o tym procesie, stworzyli\u015bmy dla Ciebie zak\u0142adk\u0119 Gangstasino login. Tylko zarejestrowani u\u017cytkownicy mog\u0105 uzyska\u0107 dost\u0119p do swoich profili, dokonywa\u0107 wp\u0142at i rozpocz\u0105\u0107 gr\u0119. Nowi gracze, kt\u00f3rzy jeszcze si\u0119 nie zarejestrowali, mog\u0105 utworzy\u0107 [&hellip;]<\/p>\n","protected":false},"author":1,"featured_media":0,"parent":0,"menu_order":0,"comment_status":"closed","ping_status":"closed","template":"template-builder.php","meta":{"_acf_changed":false,"inline_featured_image":false,"footnotes":""},"class_list":["post-1796","page","type-page","status-publish","hentry"],"acf":[],"yoast_head":"<!-- This site is optimized with the Yoast SEO plugin v27.3 - https:\/\/yoast.com\/product\/yoast-seo-wordpress\/ -->\n<title>Gangstasino Login | Rejestracja i zarz\u0105dzanie kontem<\/title>\n<meta name=\"description\" content=\"U\u017cyj swojego Gangsta Sino login, aby bezpiecznie uzyska\u0107 dost\u0119p do swojego konta, zarz\u0105dza\u0107 depozytami i przegl\u0105da\u0107 histori\u0119 gier. Nowi u\u017cytkownicy mog\u0105 zarejestrowa\u0107 konto w kilka chwil. Zaloguj si\u0119 lub do\u0142\u0105cz ju\u017c teraz!\" \/>\n<meta name=\"robots\" content=\"index, follow, max-snippet:-1, max-image-preview:large, max-video-preview:-1\" \/>\n<link rel=\"canonical\" href=\"https:\/\/gangstasino.org\/pl\/logowanie-i-rejestracja\/\" \/>\n<meta property=\"og:locale\" content=\"pl_PL\" \/>\n<meta property=\"og:type\" content=\"article\" \/>\n<meta property=\"og:title\" content=\"Gangstasino Login | Rejestracja i zarz\u0105dzanie kontem\" \/>\n<meta property=\"og:description\" content=\"U\u017cyj swojego Gangsta Sino login, aby bezpiecznie uzyska\u0107 dost\u0119p do swojego konta, zarz\u0105dza\u0107 depozytami i przegl\u0105da\u0107 histori\u0119 gier. Nowi u\u017cytkownicy mog\u0105 zarejestrowa\u0107 konto w kilka chwil. Zaloguj si\u0119 lub do\u0142\u0105cz ju\u017c teraz!\" \/>\n<meta property=\"og:url\" content=\"https:\/\/gangstasino.org\/pl\/logowanie-i-rejestracja\/\" \/>\n<meta property=\"og:site_name\" content=\"Gangstasino\" \/>\n<meta property=\"article:modified_time\" content=\"2025-11-12T10:02:37+00:00\" \/>\n<meta name=\"twitter:card\" content=\"summary_large_image\" \/>\n<meta name=\"twitter:label1\" content=\"Est. reading time\" \/>\n\t<meta name=\"twitter:data1\" content=\"1 minuta\" \/>\n<script type=\"application\/ld+json\" class=\"yoast-schema-graph\">{\"@context\":\"https:\\\/\\\/schema.org\",\"@graph\":[{\"@type\":\"WebPage\",\"@id\":\"https:\\\/\\\/gangstasino.org\\\/pl\\\/logowanie-i-rejestracja\\\/\",\"url\":\"https:\\\/\\\/gangstasino.org\\\/pl\\\/logowanie-i-rejestracja\\\/\",\"name\":\"Gangstasino Login | Rejestracja i zarz\u0105dzanie kontem\",\"isPartOf\":{\"@id\":\"https:\\\/\\\/gangstasino.org\\\/pl\\\/#website\"},\"datePublished\":\"2025-11-12T07:03:23+00:00\",\"dateModified\":\"2025-11-12T10:02:37+00:00\",\"description\":\"U\u017cyj swojego Gangsta Sino login, aby bezpiecznie uzyska\u0107 dost\u0119p do swojego konta, zarz\u0105dza\u0107 depozytami i przegl\u0105da\u0107 histori\u0119 gier. Nowi u\u017cytkownicy mog\u0105 zarejestrowa\u0107 konto w kilka chwil. Zaloguj si\u0119 lub do\u0142\u0105cz ju\u017c teraz!\",\"breadcrumb\":{\"@id\":\"https:\\\/\\\/gangstasino.org\\\/pl\\\/logowanie-i-rejestracja\\\/#breadcrumb\"},\"inLanguage\":\"pl-PL\",\"potentialAction\":[{\"@type\":\"ReadAction\",\"target\":[\"https:\\\/\\\/gangstasino.org\\\/pl\\\/logowanie-i-rejestracja\\\/\"]}]},{\"@type\":\"BreadcrumbList\",\"@id\":\"https:\\\/\\\/gangstasino.org\\\/pl\\\/logowanie-i-rejestracja\\\/#breadcrumb\",\"itemListElement\":[{\"@type\":\"ListItem\",\"position\":1,\"name\":\"Gangstasino\",\"item\":\"https:\\\/\\\/gangstasino.org\\\/pl\\\/\"},{\"@type\":\"ListItem\",\"position\":2,\"name\":\"Logowanie i rejestracja\"}]},{\"@type\":\"WebSite\",\"@id\":\"https:\\\/\\\/gangstasino.org\\\/pl\\\/#website\",\"url\":\"https:\\\/\\\/gangstasino.org\\\/pl\\\/\",\"name\":\"Gangstasino\",\"description\":\"\",\"publisher\":{\"@id\":\"https:\\\/\\\/gangstasino.org\\\/pl\\\/#organization\"},\"potentialAction\":[{\"@type\":\"SearchAction\",\"target\":{\"@type\":\"EntryPoint\",\"urlTemplate\":\"https:\\\/\\\/gangstasino.org\\\/pl\\\/?s={search_term_string}\"},\"query-input\":{\"@type\":\"PropertyValueSpecification\",\"valueRequired\":true,\"valueName\":\"search_term_string\"}}],\"inLanguage\":\"pl-PL\"},{\"@type\":\"Organization\",\"@id\":\"https:\\\/\\\/gangstasino.org\\\/pl\\\/#organization\",\"name\":\"Gangstasino\",\"url\":\"https:\\\/\\\/gangstasino.org\\\/pl\\\/\",\"logo\":{\"@type\":\"ImageObject\",\"inLanguage\":\"pl-PL\",\"@id\":\"https:\\\/\\\/gangstasino.org\\\/pl\\\/#\\\/schema\\\/logo\\\/image\\\/\",\"url\":\"https:\\\/\\\/gangstasino.org\\\/wp-content\\\/uploads\\\/2025\\\/08\\\/80u1FaquEZeR6OUTeJCc.png\",\"contentUrl\":\"https:\\\/\\\/gangstasino.org\\\/wp-content\\\/uploads\\\/2025\\\/08\\\/80u1FaquEZeR6OUTeJCc.png\",\"width\":152,\"height\":35,\"caption\":\"Gangstasino\"},\"image\":{\"@id\":\"https:\\\/\\\/gangstasino.org\\\/pl\\\/#\\\/schema\\\/logo\\\/image\\\/\"}}]}<\/script>\n<!-- \/ Yoast SEO plugin. -->","yoast_head_json":{"title":"Gangstasino Login | Rejestracja i zarz\u0105dzanie kontem","description":"U\u017cyj swojego Gangsta Sino login, aby bezpiecznie uzyska\u0107 dost\u0119p do swojego konta, zarz\u0105dza\u0107 depozytami i przegl\u0105da\u0107 histori\u0119 gier. Nowi u\u017cytkownicy mog\u0105 zarejestrowa\u0107 konto w kilka chwil. Zaloguj si\u0119 lub do\u0142\u0105cz ju\u017c teraz!","robots":{"index":"index","follow":"follow","max-snippet":"max-snippet:-1","max-image-preview":"max-image-preview:large","max-video-preview":"max-video-preview:-1"},"canonical":"https:\/\/gangstasino.org\/pl\/logowanie-i-rejestracja\/","og_locale":"pl_PL","og_type":"article","og_title":"Gangstasino Login | Rejestracja i zarz\u0105dzanie kontem","og_description":"U\u017cyj swojego Gangsta Sino login, aby bezpiecznie uzyska\u0107 dost\u0119p do swojego konta, zarz\u0105dza\u0107 depozytami i przegl\u0105da\u0107 histori\u0119 gier. Nowi u\u017cytkownicy mog\u0105 zarejestrowa\u0107 konto w kilka chwil. Zaloguj si\u0119 lub do\u0142\u0105cz ju\u017c teraz!","og_url":"https:\/\/gangstasino.org\/pl\/logowanie-i-rejestracja\/","og_site_name":"Gangstasino","article_modified_time":"2025-11-12T10:02:37+00:00","twitter_card":"summary_large_image","twitter_misc":{"Est. reading time":"1 minuta"},"schema":{"@context":"https:\/\/schema.org","@graph":[{"@type":"WebPage","@id":"https:\/\/gangstasino.org\/pl\/logowanie-i-rejestracja\/","url":"https:\/\/gangstasino.org\/pl\/logowanie-i-rejestracja\/","name":"Gangstasino Login | Rejestracja i zarz\u0105dzanie kontem","isPartOf":{"@id":"https:\/\/gangstasino.org\/pl\/#website"},"datePublished":"2025-11-12T07:03:23+00:00","dateModified":"2025-11-12T10:02:37+00:00","description":"U\u017cyj swojego Gangsta Sino login, aby bezpiecznie uzyska\u0107 dost\u0119p do swojego konta, zarz\u0105dza\u0107 depozytami i przegl\u0105da\u0107 histori\u0119 gier. Nowi u\u017cytkownicy mog\u0105 zarejestrowa\u0107 konto w kilka chwil. Zaloguj si\u0119 lub do\u0142\u0105cz ju\u017c teraz!","breadcrumb":{"@id":"https:\/\/gangstasino.org\/pl\/logowanie-i-rejestracja\/#breadcrumb"},"inLanguage":"pl-PL","potentialAction":[{"@type":"ReadAction","target":["https:\/\/gangstasino.org\/pl\/logowanie-i-rejestracja\/"]}]},{"@type":"BreadcrumbList","@id":"https:\/\/gangstasino.org\/pl\/logowanie-i-rejestracja\/#breadcrumb","itemListElement":[{"@type":"ListItem","position":1,"name":"Gangstasino","item":"https:\/\/gangstasino.org\/pl\/"},{"@type":"ListItem","position":2,"name":"Logowanie i rejestracja"}]},{"@type":"WebSite","@id":"https:\/\/gangstasino.org\/pl\/#website","url":"https:\/\/gangstasino.org\/pl\/","name":"Gangstasino","description":"","publisher":{"@id":"https:\/\/gangstasino.org\/pl\/#organization"},"potentialAction":[{"@type":"SearchAction","target":{"@type":"EntryPoint","urlTemplate":"https:\/\/gangstasino.org\/pl\/?s={search_term_string}"},"query-input":{"@type":"PropertyValueSpecification","valueRequired":true,"valueName":"search_term_string"}}],"inLanguage":"pl-PL"},{"@type":"Organization","@id":"https:\/\/gangstasino.org\/pl\/#organization","name":"Gangstasino","url":"https:\/\/gangstasino.org\/pl\/","logo":{"@type":"ImageObject","inLanguage":"pl-PL","@id":"https:\/\/gangstasino.org\/pl\/#\/schema\/logo\/image\/","url":"https:\/\/gangstasino.org\/wp-content\/uploads\/2025\/08\/80u1FaquEZeR6OUTeJCc.png","contentUrl":"https:\/\/gangstasino.org\/wp-content\/uploads\/2025\/08\/80u1FaquEZeR6OUTeJCc.png","width":152,"height":35,"caption":"Gangstasino"},"image":{"@id":"https:\/\/gangstasino.org\/pl\/#\/schema\/logo\/image\/"}}]}},"_links":{"self":[{"href":"https:\/\/gangstasino.org\/pl\/wp-json\/wp\/v2\/pages\/1796","targetHints":{"allow":["GET"]}}],"collection":[{"href":"https:\/\/gangstasino.org\/pl\/wp-json\/wp\/v2\/pages"}],"about":[{"href":"https:\/\/gangstasino.org\/pl\/wp-json\/wp\/v2\/types\/page"}],"author":[{"embeddable":true,"href":"https:\/\/gangstasino.org\/pl\/wp-json\/wp\/v2\/users\/1"}],"replies":[{"embeddable":true,"href":"https:\/\/gangstasino.org\/pl\/wp-json\/wp\/v2\/comments?post=1796"}],"version-history":[{"count":2,"href":"https:\/\/gangstasino.org\/pl\/wp-json\/wp\/v2\/pages\/1796\/revisions"}],"predecessor-version":[{"id":2132,"href":"https:\/\/gangstasino.org\/pl\/wp-json\/wp\/v2\/pages\/1796\/revisions\/2132"}],"wp:attachment":[{"href":"https:\/\/gangstasino.org\/pl\/wp-json\/wp\/v2\/media?parent=1796"}],"curies":[{"name":"wp","href":"https:\/\/api.w.org\/{rel}","templated":true}]}}