{"id":1757,"date":"2025-11-12T06:53:06","date_gmt":"2025-11-12T06:53:06","guid":{"rendered":"https:\/\/gangstasino.org\/app\/"},"modified":"2025-11-12T10:26:29","modified_gmt":"2025-11-12T10:26:29","slug":"aplicacao","status":"publish","type":"page","link":"https:\/\/gangstasino.org\/pt-pt\/aplicacao\/","title":{"rendered":"Aplica\u00e7\u00e3o"},"content":{"rendered":"<h1>Aplica\u00e7\u00e3o Gangstasino para iOS, Android e PC<\/h1>\n<p>Com a Gangstasino app, pode transferir toda a sua experi\u00eancia de jogo para o seu dispositivo m\u00f3vel. A aplica\u00e7\u00e3o oferece todas as mesmas funcionalidades que a vers\u00e3o do navegador. Torn\u00e1mos a interface da aplica\u00e7\u00e3o adapt\u00e1vel a qualquer dispositivo. Se quiser aceder rapidamente ao Gangstasino Casino onde quer que esteja, ent\u00e3o precisa de instalar a aplica\u00e7\u00e3o.<\/p>\n<p><div class=\"banner-wrap\" aria-label=\"Banner\"><img src=\"https:\/\/gangstasino.org\/wp-content\/uploads\/2025\/11\/Gangstasino-Banner-Desktop.webp\" class=\"w-100 d-none d-lg-block img-pc main-banner-img\" alt=\"Gangstasino bonus desktop\" fetchpriority=\"high\" decoding=\"async\"><img src=\"https:\/\/gangstasino.org\/wp-content\/uploads\/2025\/11\/Gangstasino-bonus-mobile.webp\" class=\"w-100 d-none d-md-block d-lg-none main-banner-img\" alt=\"Gangstasino bonus mobile\" fetchpriority=\"high\" decoding=\"async\"><img src=\"https:\/\/gangstasino.org\/wp-content\/uploads\/2025\/11\/Gangstasino-bonus-mobile.webp\" class=\"w-100 d-md-none\" alt=\"Gangstasino bonus mobile\" fetchpriority=\"high\" decoding=\"async\"><div class=\"banner-description\">\n<div class=\"banner-title\">B\u00f3nus De Boas-Vindas<\/div>\n<p class=\"banner-header-title\">\u20ac1500<\/p>\n<div class=\"banner-header-AdditionalText\">+ 250 Rodadas Gr\u00e1tis<\/div>\n<button data-item=\"homepage_banner_link\" class=\"goto m-button m-gradient-border m-button--primary m-button--large banner-button btn-orange\">\n            <div class=\"m-button-content\">\n                <span>Inscreva-Se Agora<\/span>\n                <span><\/span>\n            <\/div>\n        <\/button>\n<\/div>\n<div class=\"WelcomePack\">\n<p><img loading=\"lazy\" decoding=\"async\" class=\"alignnone size-full wp-image-1622\" src=\"https:\/\/gangstasino.org\/wp-content\/uploads\/2025\/11\/welcome-crown.svg\" alt=\"crown\" width=\"25\" height=\"26\" \/><\/p>\n<div class=\"WelcomePack-Info\">Cashback semanal at\u00e9 25%<\/div>\n<p><img loading=\"lazy\" decoding=\"async\" class=\"alignnone size-full wp-image-1622\" src=\"https:\/\/gangstasino.org\/wp-content\/uploads\/2025\/11\/welcome-crown.svg\" alt=\"crown\" width=\"25\" height=\"26\" \/><\/p>\n<\/div>\n<\/div><div class=\"scrollable-content-wrap my-5\"><div class=\"scrollable-content-inner\"><h2>Aplica\u00e7\u00e3o Gangstasino para Android<\/h2>\n<p>A experi\u00eancia completa do casino m\u00f3vel est\u00e1 dispon\u00edvel na aplica\u00e7\u00e3o Gangstasino para Android. A nossa aplica\u00e7\u00e3o n\u00e3o requer que v\u00e1 \u00e0 Play Store. Suportamos uma aplica\u00e7\u00e3o web progressiva (PWA) que est\u00e1 dispon\u00edvel para download diretamente no seu navegador. Para manter o acesso instant\u00e2neo a todos os jogos da nossa plataforma, os nossos programadores criaram este tipo de download. A vers\u00e3o Android oferece todos os recursos do casino, configura\u00e7\u00f5es de conta, suporte ao chat ao vivo e a cole\u00e7\u00e3o completa de jogos.<\/p>\n<h3>Descarregue o ficheiro PWA<\/h3>\n<p>Instalar o nosso PWA \u00e9 f\u00e1cil; ele est\u00e1 dispon\u00edvel diretamente no seu navegador no site Gangstasino. E n\u00e3o precisa instalar o APK Gangstasino. Siga estas instru\u00e7\u00f5es simples:<\/p>\n<ol>\n<li>Navegue at\u00e9 \u00e0 parte inferior da p\u00e1gina inicial do Gangsta Sino.<\/li>\n<li>Selecione o bot\u00e3o \u00abCasino App\u00bb.<\/li>\n<li>Uma janela pop-up aparecer\u00e1; clique em \u00abInstalar\u00bb para continuar.<\/li>\n<\/ol>\n<p><img loading=\"lazy\" decoding=\"async\" class=\"alignnone wp-image-1700 size-full\" src=\"https:\/\/gangstasino.org\/wp-content\/uploads\/2025\/11\/Ganstasino-App-Android.webp\" alt=\"Ganstasino App Android\" width=\"1248\" height=\"536\" srcset=\"https:\/\/gangstasino.org\/wp-content\/uploads\/2025\/11\/Ganstasino-App-Android.webp 1248w, https:\/\/gangstasino.org\/wp-content\/uploads\/2025\/11\/Ganstasino-App-Android-300x129.webp 300w, https:\/\/gangstasino.org\/wp-content\/uploads\/2025\/11\/Ganstasino-App-Android-1024x440.webp 1024w, https:\/\/gangstasino.org\/wp-content\/uploads\/2025\/11\/Ganstasino-App-Android-768x330.webp 768w\" sizes=\"auto, (max-width: 1248px) 100vw, 1248px\" \/><\/p>\n<\/div><\/div><div style=\"clear: both\"><\/div><div class=\"d-flex justify-content-center\"><button data-item=\"decouvrez_link\" data-group=\"website_links\" class=\"goto fw-bold rounded-pill btn btn-orange\" aria-label=\"Descarregar Gangstasino\" >Descarregar Gangstasino<\/button><\/div><div class=\"scrollable-content-wrap my-5\"><div class=\"scrollable-content-inner\"><h2>Aplica\u00e7\u00e3o m\u00f3vel para iOS<\/h2>\n<p>A aplica\u00e7\u00e3o Gangstasino est\u00e1 otimizada para iPhone e iPad. Qualquer dispositivo baseado em iOS pode utilizar a aplica\u00e7\u00e3o. Todas as funcionalidades do casino dispon\u00edveis no navegador estar\u00e3o dispon\u00edveis para si na aplica\u00e7\u00e3o especial. N\u00e3o \u00e9 necess\u00e1ria nenhuma App Store; a aplica\u00e7\u00e3o pode ser descarregada diretamente no navegador.<\/p>\n<h3>Configurar a aplica\u00e7\u00e3o iOS<\/h3>\n<p>Para instalar a aplica\u00e7\u00e3o para iOS:<\/p>\n<ol>\n<li>Abra o site Gangstasino no Safari.<\/li>\n<li>Toque no bot\u00e3o \u00abPartilhar\u00bb (quadrado com uma seta para cima).<\/li>\n<li>Selecione \u00abAdicionar ao ecr\u00e3 inicial\u00bb no menu.<\/li>\n<li>Confirme clicando em \u00abAdicionar\u00bb.<\/li>\n<\/ol>\n<p>Um atalho aparecer\u00e1 no ecr\u00e3 inicial, proporcionando acesso r\u00e1pido ao casino. Na aplica\u00e7\u00e3o, pode depositar e levantar fundos, gerir contas, usar b\u00f3nus, contactar a nossa equipa de apoio e ver as tabelas de classifica\u00e7\u00e3o dos torneios.<\/p>\n<p><img loading=\"lazy\" decoding=\"async\" class=\"alignnone wp-image-1705 size-full\" src=\"https:\/\/gangstasino.org\/wp-content\/uploads\/2025\/11\/Ganstasino-App-iOS.webp\" alt=\"Ganstasino App iOS\" width=\"1248\" height=\"536\" srcset=\"https:\/\/gangstasino.org\/wp-content\/uploads\/2025\/11\/Ganstasino-App-iOS.webp 1248w, https:\/\/gangstasino.org\/wp-content\/uploads\/2025\/11\/Ganstasino-App-iOS-300x129.webp 300w, https:\/\/gangstasino.org\/wp-content\/uploads\/2025\/11\/Ganstasino-App-iOS-1024x440.webp 1024w, https:\/\/gangstasino.org\/wp-content\/uploads\/2025\/11\/Ganstasino-App-iOS-768x330.webp 768w\" sizes=\"auto, (max-width: 1248px) 100vw, 1248px\" \/><\/p>\n<\/div><\/div><div style=\"clear: both\"><\/div><div class=\"d-flex justify-content-center\"><button data-item=\"decouvrez_link\" data-group=\"website_links\" class=\"goto fw-bold rounded-pill btn btn-orange\" aria-label=\"Descarregue a aplica\u00e7\u00e3o Gangstasino\" >Descarregue a aplica\u00e7\u00e3o Gangstasino<\/button><\/div><div class=\"scrollable-content-wrap my-5\"><div class=\"scrollable-content-inner\"><h2>Jogue Gangsta Sino no Mac ou Windows<\/h2>\n<p>A aplica\u00e7\u00e3o para computador Gangstasino Casino oferece aos jogadores acesso \u00e0 cole\u00e7\u00e3o completa de jogos dispon\u00edveis no navegador. Por exemplo, aqui pode jogar slots online, jogos de mesa e jogos com crupi\u00eas ao vivo de forma r\u00e1pida e f\u00e1cil a partir do seu computador. Para jogar os jogos do Gangstasino Casino, basta abrir qualquer navegador, digitar Gangstasino na barra de pesquisa e acessar o nosso site oficial.<\/p>\n<p>Tamb\u00e9m pode criar um atalho no seu ambiente de trabalho que lhe permite abrir rapidamente o casino a partir do seu ecr\u00e3 inicial. Este atalho \u00e9 um programa independente, mas permite-lhe aceder rapidamente a todas as fun\u00e7\u00f5es do casino, tais como gerir a sua conta, obter b\u00f3nus e obter ajuda. A edi\u00e7\u00e3o para computador tem os mesmos visuais de alta qualidade e funcionalidade completa que as vers\u00f5es m\u00f3vel e para navegador.<\/p>\n<p><img loading=\"lazy\" decoding=\"async\" src=\"https:\/\/gangstasino.org\/wp-content\/uploads\/2025\/11\/Ganstasino-App-Windows.webp\" alt=\"Ganstasino App Windows\" width=\"1248\" height=\"536\" \/><\/p>\n<\/div><\/div><div style=\"clear: both\"><\/div><div class=\"d-flex justify-content-center\"><button data-item=\"decouvrez_link\" data-group=\"website_links\" class=\"goto fw-bold rounded-pill btn btn-orange\" aria-label=\"Descarregar Gangstasino\" >Descarregar Gangstasino<\/button><\/div><div class=\"scrollable-content-wrap my-5\"><div class=\"scrollable-content-inner\"><h2>Benef\u00edcios e recursos do aplicativo Gangstasino<\/h2>\n<p>A aplica\u00e7\u00e3o Gangstasino apresenta uma interface m\u00f3vel f\u00e1cil de usar e gr\u00e1ficos de alta qualidade. Ela replica a funcionalidade da vers\u00e3o para computador, mas oferece flexibilidade adicional gra\u00e7as \u00e0 sua interface otimizada para dispositivos m\u00f3veis. Os utilizadores podem jogar slots online, jogos com crupi\u00ea ao vivo e gerir promo\u00e7\u00f5es.<\/p>\n<table>\n<tbody>\n<tr>\n<td>Caracter\u00edstica<\/td>\n<td>Aplica\u00e7\u00e3o Gangstasino<\/td>\n<td>Gangstasino Desktop<\/td>\n<\/tr>\n<tr>\n<td>Acessibilidade<\/td>\n<td>Funciona diretamente atrav\u00e9s do navegador (PWA), sem necessidade de downloads<\/td>\n<td>Acessado atrav\u00e9s do navegador ou atalho na \u00e1rea de trabalho<\/td>\n<\/tr>\n<tr>\n<td>Interface<\/td>\n<td>Adapt\u00e1vel e f\u00e1cil de usar em todas as telas<\/td>\n<td>Layout maior, ideal para jogos em ecr\u00e3s panor\u00e2micos<\/td>\n<\/tr>\n<tr>\n<td>Desempenho<\/td>\n<td>Otimizado para velocidade e estabilidade em redes m\u00f3veis<\/td>\n<td>Desempenho est\u00e1vel em liga\u00e7\u00f5es com fios e Wi-Fi<\/td>\n<\/tr>\n<tr>\n<td>Biblioteca de jogos<\/td>\n<td>Acesso total a todas as slots, mesas e jogos de casino ao vivo<\/td>\n<td>Cat\u00e1logo completo de jogos, incluindo gr\u00e1ficos HD<\/td>\n<\/tr>\n<tr>\n<td>Pagamentos<\/td>\n<td>Suporta todos os m\u00e9todos de dep\u00f3sito e levantamento<\/td>\n<td>Suporta todos os m\u00e9todos de pagamento<\/td>\n<\/tr>\n<tr>\n<td>Conveni\u00eancia<\/td>\n<td>Jogo instant\u00e2neo em qualquer lugar, a qualquer hora<\/td>\n<td>Confort\u00e1vel para longas sess\u00f5es em casa<\/td>\n<\/tr>\n<tr>\n<td>Notifica\u00e7\u00f5es<\/td>\n<td>Alertas na aplica\u00e7\u00e3o para b\u00f3nus e torneios<\/td>\n<td>Notifica\u00e7\u00f5es apenas por e-mail ou navegador<\/td>\n<\/tr>\n<\/tbody>\n<\/table>\n<p>Tal como a vers\u00e3o para PC, a aplica\u00e7\u00e3o Gangstasino est\u00e1 protegida de forma segura por encripta\u00e7\u00e3o de dados. Preocupamo-nos com um ambiente seguro e, por isso, implementamos procedimentos de seguran\u00e7a, tais como um processo de verifica\u00e7\u00e3o obrigat\u00f3rio.<\/p>\n<h2>Perguntas frequentes<\/h2>\n<h3>A aplica\u00e7\u00e3o Gangsta Sino est\u00e1 dispon\u00edvel para iOS e Android?<\/h3>\n<p>Sim, a aplica\u00e7\u00e3o Gangstasino est\u00e1 dispon\u00edvel para iOS, Android e PC. Os nossos jogadores podem instalar a aplica\u00e7\u00e3o diretamente a partir do seu navegador, sem terem de ir \u00e0 App Store ou \u00e0 Play Store. A aplica\u00e7\u00e3o d\u00e1-lhe acesso instant\u00e2neo a todas as funcionalidades do casino.<\/p>\n<h3>Preciso de atualizar a aplica\u00e7\u00e3o manualmente?<\/h3>\n<p>N\u00e3o s\u00e3o necess\u00e1rias atualiza\u00e7\u00f5es manuais. A aplica\u00e7\u00e3o Gangstasino \u00e9 uma plataforma web que \u00e9 atualizada automaticamente para a vers\u00e3o mais recente sempre que \u00e9 iniciada. A vers\u00e3o atualizada da aplica\u00e7\u00e3o d\u00e1-lhe acesso aos jogos, funcionalidades e atualiza\u00e7\u00f5es de seguran\u00e7a mais recentes, sem ter de reinstalar ou descarregar manualmente nada.<\/p>\n<h3>A biblioteca completa de jogos est\u00e1 dispon\u00edvel no telem\u00f3vel?<\/h3>\n<p>Sim. Toda a biblioteca de jogos do Gangstasino, incluindo slots, jogos de mesa e jogos com crupi\u00ea ao vivo, est\u00e1 dispon\u00edvel no seu dispositivo m\u00f3vel. A interface m\u00f3vel \u00e9 totalmente otimizada para ecr\u00e3s de dispositivos m\u00f3veis. A otimiza\u00e7\u00e3o dos jogos para dispositivos suporta jogabilidade e gr\u00e1ficos de alta qualidade. A aplica\u00e7\u00e3o fornece acesso instant\u00e2neo a todo o conte\u00fado do casino.<\/p>\n<h3>A aplica\u00e7\u00e3o oferece a mesma seguran\u00e7a que o site para computador?<\/h3>\n<p>Claro. A aplica\u00e7\u00e3o Gangstasino usa a mesma criptografia SSL e protocolos de seguran\u00e7a avan\u00e7ados que a vers\u00e3o desktop do site. Os dados dos jogadores, transa\u00e7\u00f5es e dados pessoais est\u00e3o totalmente protegidos. O nosso casino oferece um ambiente de jogo seguro e protegido em todos os dispositivos.<\/p>\n<\/div><\/div><\/p>\n","protected":false},"excerpt":{"rendered":"<p>Aplica\u00e7\u00e3o Gangstasino para iOS, Android e PC Com a Gangstasino app, pode transferir toda a sua experi\u00eancia de jogo para o seu dispositivo m\u00f3vel. A aplica\u00e7\u00e3o oferece todas as mesmas funcionalidades que a vers\u00e3o do navegador. Torn\u00e1mos a interface da aplica\u00e7\u00e3o adapt\u00e1vel a qualquer dispositivo. Se quiser aceder rapidamente ao Gangstasino Casino onde quer que [&hellip;]<\/p>\n","protected":false},"author":1,"featured_media":0,"parent":0,"menu_order":0,"comment_status":"closed","ping_status":"closed","template":"template-builder.php","meta":{"_acf_changed":false,"inline_featured_image":false,"footnotes":""},"class_list":["post-1757","page","type-page","status-publish","hentry"],"acf":[],"yoast_head":"<!-- This site is optimized with the Yoast SEO plugin v27.3 - https:\/\/yoast.com\/product\/yoast-seo-wordpress\/ -->\n<title>Gangstasino Cassino M\u00f3vel | Aplicativo para Android e iOS<\/title>\n<meta name=\"description\" content=\"Baixe o app Gangsta Sino para jogar instantaneamente em qualquer dispositivo m\u00f3vel | Acesse todos os jogos com total seguran\u00e7a e suporte 24 horas por dia, 7 dias por semana | Baixe agora e jogue em qualquer lugar!\" \/>\n<meta name=\"robots\" content=\"index, follow, max-snippet:-1, max-image-preview:large, max-video-preview:-1\" \/>\n<link rel=\"canonical\" href=\"https:\/\/gangstasino.org\/pt-pt\/aplicacao\/\" \/>\n<meta property=\"og:locale\" content=\"pt_PT\" \/>\n<meta property=\"og:type\" content=\"article\" \/>\n<meta property=\"og:title\" content=\"Gangstasino Cassino M\u00f3vel | Aplicativo para Android e iOS\" \/>\n<meta property=\"og:description\" content=\"Baixe o app Gangsta Sino para jogar instantaneamente em qualquer dispositivo m\u00f3vel | Acesse todos os jogos com total seguran\u00e7a e suporte 24 horas por dia, 7 dias por semana | Baixe agora e jogue em qualquer lugar!\" \/>\n<meta property=\"og:url\" content=\"https:\/\/gangstasino.org\/pt-pt\/aplicacao\/\" \/>\n<meta property=\"og:site_name\" content=\"Gangstasino\" \/>\n<meta property=\"article:modified_time\" content=\"2025-11-12T10:26:29+00:00\" \/>\n<meta name=\"twitter:card\" content=\"summary_large_image\" \/>\n<meta name=\"twitter:label1\" content=\"Est. reading time\" \/>\n\t<meta name=\"twitter:data1\" content=\"1 minuto\" \/>\n<script type=\"application\/ld+json\" class=\"yoast-schema-graph\">{\"@context\":\"https:\\\/\\\/schema.org\",\"@graph\":[{\"@type\":\"WebPage\",\"@id\":\"https:\\\/\\\/gangstasino.org\\\/pt-pt\\\/aplicacao\\\/\",\"url\":\"https:\\\/\\\/gangstasino.org\\\/pt-pt\\\/aplicacao\\\/\",\"name\":\"Gangstasino Cassino M\u00f3vel | Aplicativo para Android e iOS\",\"isPartOf\":{\"@id\":\"https:\\\/\\\/gangstasino.org\\\/pt-pt\\\/#website\"},\"datePublished\":\"2025-11-12T06:53:06+00:00\",\"dateModified\":\"2025-11-12T10:26:29+00:00\",\"description\":\"Baixe o app Gangsta Sino para jogar instantaneamente em qualquer dispositivo m\u00f3vel | Acesse todos os jogos com total seguran\u00e7a e suporte 24 horas por dia, 7 dias por semana | Baixe agora e jogue em qualquer lugar!\",\"breadcrumb\":{\"@id\":\"https:\\\/\\\/gangstasino.org\\\/pt-pt\\\/aplicacao\\\/#breadcrumb\"},\"inLanguage\":\"pt-PT\",\"potentialAction\":[{\"@type\":\"ReadAction\",\"target\":[\"https:\\\/\\\/gangstasino.org\\\/pt-pt\\\/aplicacao\\\/\"]}]},{\"@type\":\"BreadcrumbList\",\"@id\":\"https:\\\/\\\/gangstasino.org\\\/pt-pt\\\/aplicacao\\\/#breadcrumb\",\"itemListElement\":[{\"@type\":\"ListItem\",\"position\":1,\"name\":\"Gangstasino\",\"item\":\"https:\\\/\\\/gangstasino.org\\\/pt-pt\\\/\"},{\"@type\":\"ListItem\",\"position\":2,\"name\":\"Aplica\u00e7\u00e3o\"}]},{\"@type\":\"WebSite\",\"@id\":\"https:\\\/\\\/gangstasino.org\\\/pt-pt\\\/#website\",\"url\":\"https:\\\/\\\/gangstasino.org\\\/pt-pt\\\/\",\"name\":\"Gangstasino\",\"description\":\"\",\"publisher\":{\"@id\":\"https:\\\/\\\/gangstasino.org\\\/pt-pt\\\/#organization\"},\"potentialAction\":[{\"@type\":\"SearchAction\",\"target\":{\"@type\":\"EntryPoint\",\"urlTemplate\":\"https:\\\/\\\/gangstasino.org\\\/pt-pt\\\/?s={search_term_string}\"},\"query-input\":{\"@type\":\"PropertyValueSpecification\",\"valueRequired\":true,\"valueName\":\"search_term_string\"}}],\"inLanguage\":\"pt-PT\"},{\"@type\":\"Organization\",\"@id\":\"https:\\\/\\\/gangstasino.org\\\/pt-pt\\\/#organization\",\"name\":\"Gangstasino\",\"url\":\"https:\\\/\\\/gangstasino.org\\\/pt-pt\\\/\",\"logo\":{\"@type\":\"ImageObject\",\"inLanguage\":\"pt-PT\",\"@id\":\"https:\\\/\\\/gangstasino.org\\\/pt-pt\\\/#\\\/schema\\\/logo\\\/image\\\/\",\"url\":\"https:\\\/\\\/gangstasino.org\\\/wp-content\\\/uploads\\\/2025\\\/08\\\/80u1FaquEZeR6OUTeJCc.png\",\"contentUrl\":\"https:\\\/\\\/gangstasino.org\\\/wp-content\\\/uploads\\\/2025\\\/08\\\/80u1FaquEZeR6OUTeJCc.png\",\"width\":152,\"height\":35,\"caption\":\"Gangstasino\"},\"image\":{\"@id\":\"https:\\\/\\\/gangstasino.org\\\/pt-pt\\\/#\\\/schema\\\/logo\\\/image\\\/\"}}]}<\/script>\n<!-- \/ Yoast SEO plugin. -->","yoast_head_json":{"title":"Gangstasino Cassino M\u00f3vel | Aplicativo para Android e iOS","description":"Baixe o app Gangsta Sino para jogar instantaneamente em qualquer dispositivo m\u00f3vel | Acesse todos os jogos com total seguran\u00e7a e suporte 24 horas por dia, 7 dias por semana | Baixe agora e jogue em qualquer lugar!","robots":{"index":"index","follow":"follow","max-snippet":"max-snippet:-1","max-image-preview":"max-image-preview:large","max-video-preview":"max-video-preview:-1"},"canonical":"https:\/\/gangstasino.org\/pt-pt\/aplicacao\/","og_locale":"pt_PT","og_type":"article","og_title":"Gangstasino Cassino M\u00f3vel | Aplicativo para Android e iOS","og_description":"Baixe o app Gangsta Sino para jogar instantaneamente em qualquer dispositivo m\u00f3vel | Acesse todos os jogos com total seguran\u00e7a e suporte 24 horas por dia, 7 dias por semana | Baixe agora e jogue em qualquer lugar!","og_url":"https:\/\/gangstasino.org\/pt-pt\/aplicacao\/","og_site_name":"Gangstasino","article_modified_time":"2025-11-12T10:26:29+00:00","twitter_card":"summary_large_image","twitter_misc":{"Est. reading time":"1 minuto"},"schema":{"@context":"https:\/\/schema.org","@graph":[{"@type":"WebPage","@id":"https:\/\/gangstasino.org\/pt-pt\/aplicacao\/","url":"https:\/\/gangstasino.org\/pt-pt\/aplicacao\/","name":"Gangstasino Cassino M\u00f3vel | Aplicativo para Android e iOS","isPartOf":{"@id":"https:\/\/gangstasino.org\/pt-pt\/#website"},"datePublished":"2025-11-12T06:53:06+00:00","dateModified":"2025-11-12T10:26:29+00:00","description":"Baixe o app Gangsta Sino para jogar instantaneamente em qualquer dispositivo m\u00f3vel | Acesse todos os jogos com total seguran\u00e7a e suporte 24 horas por dia, 7 dias por semana | Baixe agora e jogue em qualquer lugar!","breadcrumb":{"@id":"https:\/\/gangstasino.org\/pt-pt\/aplicacao\/#breadcrumb"},"inLanguage":"pt-PT","potentialAction":[{"@type":"ReadAction","target":["https:\/\/gangstasino.org\/pt-pt\/aplicacao\/"]}]},{"@type":"BreadcrumbList","@id":"https:\/\/gangstasino.org\/pt-pt\/aplicacao\/#breadcrumb","itemListElement":[{"@type":"ListItem","position":1,"name":"Gangstasino","item":"https:\/\/gangstasino.org\/pt-pt\/"},{"@type":"ListItem","position":2,"name":"Aplica\u00e7\u00e3o"}]},{"@type":"WebSite","@id":"https:\/\/gangstasino.org\/pt-pt\/#website","url":"https:\/\/gangstasino.org\/pt-pt\/","name":"Gangstasino","description":"","publisher":{"@id":"https:\/\/gangstasino.org\/pt-pt\/#organization"},"potentialAction":[{"@type":"SearchAction","target":{"@type":"EntryPoint","urlTemplate":"https:\/\/gangstasino.org\/pt-pt\/?s={search_term_string}"},"query-input":{"@type":"PropertyValueSpecification","valueRequired":true,"valueName":"search_term_string"}}],"inLanguage":"pt-PT"},{"@type":"Organization","@id":"https:\/\/gangstasino.org\/pt-pt\/#organization","name":"Gangstasino","url":"https:\/\/gangstasino.org\/pt-pt\/","logo":{"@type":"ImageObject","inLanguage":"pt-PT","@id":"https:\/\/gangstasino.org\/pt-pt\/#\/schema\/logo\/image\/","url":"https:\/\/gangstasino.org\/wp-content\/uploads\/2025\/08\/80u1FaquEZeR6OUTeJCc.png","contentUrl":"https:\/\/gangstasino.org\/wp-content\/uploads\/2025\/08\/80u1FaquEZeR6OUTeJCc.png","width":152,"height":35,"caption":"Gangstasino"},"image":{"@id":"https:\/\/gangstasino.org\/pt-pt\/#\/schema\/logo\/image\/"}}]}},"_links":{"self":[{"href":"https:\/\/gangstasino.org\/pt-pt\/wp-json\/wp\/v2\/pages\/1757","targetHints":{"allow":["GET"]}}],"collection":[{"href":"https:\/\/gangstasino.org\/pt-pt\/wp-json\/wp\/v2\/pages"}],"about":[{"href":"https:\/\/gangstasino.org\/pt-pt\/wp-json\/wp\/v2\/types\/page"}],"author":[{"embeddable":true,"href":"https:\/\/gangstasino.org\/pt-pt\/wp-json\/wp\/v2\/users\/1"}],"replies":[{"embeddable":true,"href":"https:\/\/gangstasino.org\/pt-pt\/wp-json\/wp\/v2\/comments?post=1757"}],"version-history":[{"count":2,"href":"https:\/\/gangstasino.org\/pt-pt\/wp-json\/wp\/v2\/pages\/1757\/revisions"}],"predecessor-version":[{"id":2160,"href":"https:\/\/gangstasino.org\/pt-pt\/wp-json\/wp\/v2\/pages\/1757\/revisions\/2160"}],"wp:attachment":[{"href":"https:\/\/gangstasino.org\/pt-pt\/wp-json\/wp\/v2\/media?parent=1757"}],"curies":[{"name":"wp","href":"https:\/\/api.w.org\/{rel}","templated":true}]}}