{"id":1797,"date":"2025-11-12T07:03:23","date_gmt":"2025-11-12T07:03:23","guid":{"rendered":"https:\/\/gangstasino.org\/login-and-registration\/"},"modified":"2025-11-12T10:28:01","modified_gmt":"2025-11-12T10:28:01","slug":"inicio-de-sessao-e-registo","status":"publish","type":"page","link":"https:\/\/gangstasino.org\/pt-pt\/inicio-de-sessao-e-registo\/","title":{"rendered":"In\u00edcio de sess\u00e3o e registo"},"content":{"rendered":"<h1>In\u00edcio de sess\u00e3o e registo de conta no Gangstasino<\/h1>\n<p>Antes de utilizar as funcionalidades do nosso casino, todos os utilizadores devem criar uma conta. Para o ajudar a saber tudo sobre este processo, cri\u00e1mos o separador de Gangstasino login. Apenas os utilizadores registados podem aceder aos seus perfis, fazer dep\u00f3sitos e come\u00e7ar a jogar. Os novos jogadores que ainda n\u00e3o se registaram podem criar uma conta em apenas alguns passos simples.<\/p>\n<p><div class=\"banner-wrap\" aria-label=\"Banner\"><img src=\"https:\/\/gangstasino.org\/wp-content\/uploads\/2025\/11\/Gangstasino-Banner-Desktop.webp\" class=\"w-100 d-none d-lg-block img-pc main-banner-img\" alt=\"Gangstasino bonus desktop\" fetchpriority=\"high\" decoding=\"async\"><img src=\"https:\/\/gangstasino.org\/wp-content\/uploads\/2025\/11\/Gangstasino-bonus-mobile.webp\" class=\"w-100 d-none d-md-block d-lg-none main-banner-img\" alt=\"Gangstasino bonus mobile\" fetchpriority=\"high\" decoding=\"async\"><img src=\"https:\/\/gangstasino.org\/wp-content\/uploads\/2025\/11\/Gangstasino-bonus-mobile.webp\" class=\"w-100 d-md-none\" alt=\"Gangstasino bonus mobile\" fetchpriority=\"high\" decoding=\"async\"><div class=\"banner-description\">\n<div class=\"banner-title\">B\u00f3nus De Boas-Vindas<\/div>\n<p class=\"banner-header-title\">\u20ac1500<\/p>\n<div class=\"banner-header-AdditionalText\">+ 250 Rodadas Gr\u00e1tis<\/div>\n<button data-item=\"homepage_banner_link\" class=\"goto m-button m-gradient-border m-button--primary m-button--large banner-button btn-orange\">\n            <div class=\"m-button-content\">\n                <span>Inscreva-Se Agora<\/span>\n                <span><\/span>\n            <\/div>\n        <\/button>\n<\/div>\n<div class=\"WelcomePack\">\n<p><img loading=\"lazy\" decoding=\"async\" class=\"alignnone size-full wp-image-1622\" src=\"https:\/\/gangstasino.org\/wp-content\/uploads\/2025\/11\/welcome-crown.svg\" alt=\"crown\" width=\"25\" height=\"26\" \/><\/p>\n<div class=\"WelcomePack-Info\">Cashback semanal at\u00e9 25%<\/div>\n<p><img loading=\"lazy\" decoding=\"async\" class=\"alignnone size-full wp-image-1622\" src=\"https:\/\/gangstasino.org\/wp-content\/uploads\/2025\/11\/welcome-crown.svg\" alt=\"crown\" width=\"25\" height=\"26\" \/><\/p>\n<\/div>\n<\/div><div class=\"scrollable-content-wrap my-5 \"><div class=\"scrollable-content-inner\"><h2>Fa\u00e7a parte do Gangstasino<\/h2>\n<p>Ap\u00f3s registar uma conta, ter\u00e1 acesso total \u00e0 biblioteca de jogos do Gangstasino. Ter\u00e1 acesso a todas as slots, jogos de mesa, jogos de cartas, jogos com crupi\u00ea ao vivo, jogos instant\u00e2neos e jogos crash. Apenas os utilizadores registados podem participar em torneios, receber b\u00f3nus e gerir dep\u00f3sitos e levantamentos. Ferramentas de jogo respons\u00e1vel tamb\u00e9m est\u00e3o dispon\u00edveis para utilizadores registados. Todos os recursos do casino est\u00e3o dispon\u00edveis para utilizadores registados a partir de qualquer dispositivo.<\/p>\n<table>\n<tbody>\n<tr>\n<td>Benef\u00edcio<\/td>\n<td>Detalhes<\/td>\n<\/tr>\n<tr>\n<td>Acesso total aos jogos<\/td>\n<td>Os utilizadores registados podem jogar em todas as slots, jogos de mesa, jogos com crupi\u00ea ao vivo, jogos instant\u00e2neos e jogos crash.<\/td>\n<\/tr>\n<tr>\n<td>Participa\u00e7\u00e3o em promo\u00e7\u00f5es<\/td>\n<td>Apenas jogadores registados podem reivindicar b\u00f3nus, participar em torneios e aceder a recompensas VIP.<\/td>\n<\/tr>\n<tr>\n<td>Gest\u00e3o da conta<\/td>\n<td>Os utilizadores podem gerir dep\u00f3sitos, levantamentos, b\u00f3nus ativos e c\u00f3digos promocionais diretamente a partir da sua conta.<\/td>\n<\/tr>\n<tr>\n<td>Ferramentas de jogo respons\u00e1vel<\/td>\n<td>Aceda a temporizadores de sess\u00e3o, op\u00e7\u00f5es de autoexclus\u00e3o e outras configura\u00e7\u00f5es de jogo respons\u00e1vel.<\/td>\n<\/tr>\n<tr>\n<td>Recursos VIP<\/td>\n<td>Gerencie a sua ades\u00e3o VIP e obtenha benef\u00edcios exclusivos para grandes apostadores.<\/td>\n<\/tr>\n<tr>\n<td>Verifica\u00e7\u00e3o segura<\/td>\n<td>A verifica\u00e7\u00e3o KYC garante levantamentos sem atrasos. Garante a sua seguran\u00e7a.<\/td>\n<\/tr>\n<tr>\n<td>Suporte multilingue<\/td>\n<td>Contacte a nossa equipa de suporte multilingue a qualquer momento atrav\u00e9s do chat ao vivo ou e-mail.<\/td>\n<\/tr>\n<\/tbody>\n<\/table>\n<h3>Como configurar a sua conta<\/h3>\n<ol>\n<li>Toque no bot\u00e3o \u00abInscrever-se\u00bb no canto superior direito da p\u00e1gina principal.<\/li>\n<li>Preencha as suas informa\u00e7\u00f5es pessoais, como o seu endere\u00e7o de e-mail e uma palavra-passe segura. Se tiver um c\u00f3digo promocional, insira-o nesta etapa.<\/li>\n<li>Assinale a caixa indicando que tem mais de 18 anos. Aceite a Pol\u00edtica de Privacidade e os Termos e Condi\u00e7\u00f5es.<\/li>\n<li>Toque em \u00abInscrever-se\u00bb para concluir o seu registo.<\/li>\n<li>Siga o link no e-mail para confirmar a sua conta.<\/li>\n<\/ol>\n<p>A sua conta est\u00e1 agora verificada e ativa. Pode jogar qualquer jogo no nosso casino, fazer apostas, receber b\u00f3nus, participar em torneios e muito mais.<\/p>\n<h2>Procedimento de verifica\u00e7\u00e3o para jogadores do Gangsta Sino<\/h2>\n<p>No Gangsta Sino, todos os utilizadores passam por um processo de verifica\u00e7\u00e3o para garantir a seguran\u00e7a da conta e o jogo justo. Os jogadores precisam de enviar documentos oficiais, como passaporte, cart\u00e3o de identidade, carta de condu\u00e7\u00e3o ou uma conta de servi\u00e7os p\u00fablicos recente. A nossa equipa verificar\u00e1 os seus documentos em 48 horas. A sua conta ser\u00e1 totalmente validada ap\u00f3s a conclus\u00e3o do processo de verifica\u00e7\u00e3o. Assim que o processo de verifica\u00e7\u00e3o estiver conclu\u00eddo, a sua conta ser\u00e1 totalmente verificada. N\u00e3o poder\u00e1 levantar fundos at\u00e9 ter sido verificado. \u00c9 assim que funciona a nossa pol\u00edtica Conhe\u00e7a o seu Cliente (KYC). O objetivo \u00e9 proteger os utilizadores contra fraudes. Pode encontrar instru\u00e7\u00f5es passo a passo sobre como enviar documentos e seguir as normas KYC na parte inferior da nossa p\u00e1gina.<\/p>\n<h2>Gerencie a sua conta<\/h2>\n<p>Para iniciar o processo de login no Gangstasino, clique no bot\u00e3o de login no canto superior direito do site. Introduza o seu endere\u00e7o de e-mail e palavra-passe registados para iniciar sess\u00e3o. Quando estiver conectado, poder\u00e1 jogar qualquer jogo e alterar todas as configura\u00e7\u00f5es do seu perfil, como dep\u00f3sitos, levantamentos, b\u00f3nus ativos, promo\u00e7\u00f5es e configura\u00e7\u00f5es da conta.<\/p>\n<p>Tamb\u00e9m pode gerir a sua ades\u00e3o VIP, jogar em torneios e alterar as defini\u00e7\u00f5es de jogo respons\u00e1vel, como temporizadores de sess\u00e3o ou autoexclus\u00e3o, atrav\u00e9s do painel de controlo da conta. Os utilizadores tamb\u00e9m t\u00eam acesso \u00e0 sec\u00e7\u00e3o de hist\u00f3rico de jogos para acompanhar a sua atividade. Oferecemos suporte multilingue a todos os utilizadores. Pode contactar a nossa equipa de suporte atrav\u00e9s do chat ao vivo ou e-mail. Se tiver algum problema ao iniciar sess\u00e3o, a nossa equipa de suporte est\u00e1 pronta para ajud\u00e1-lo.<\/p>\n<h3>Instru\u00e7\u00f5es para redefinir a palavra-passe do Gangstasino<\/h3>\n<p>N\u00e3o se preocupe se esqueceu a sua palavra-passe. Recuperar a sua palavra-passe \u00e9 um procedimento simples. O que fazer se esqueceu a sua palavra-passe:<\/p>\n<ol>\n<li>Clique em \u00abIniciar sess\u00e3o\u00bb no canto superior direito da p\u00e1gina principal.<\/li>\n<li>Ver\u00e1 um bot\u00e3o \u00abEsqueceu-se da sua palavra-passe?\u00bb. Clique nele.<\/li>\n<li>Introduza o endere\u00e7o de e-mail que utilizou para se registar no Gangstasino.<\/li>\n<li>Receber\u00e1 um e-mail com um link para redefinir a sua palavra-passe.<\/li>\n<li>Defina uma nova palavra-passe e confirme-a.<\/li>\n<\/ol>\n<p>A sua conta ser\u00e1 restaurada. Se tiver algum problema nesta etapa, pode entrar em contacto com a nossa equipa de suporte por e-mail ou chat ao vivo no site.<\/p>\n<h2>Perguntas frequentes<\/h2>\n<h3>O que devo fazer se me esquecer da minha palavra-passe?<\/h3>\n<p>Se se esqueceu da sua palavra-passe, clique em \u00abIniciar sess\u00e3o\u00bb e, em seguida, em \u00abEsqueceu-se da sua palavra-passe?\u00bb na p\u00e1gina inicial do Gangstasino. Introduza o seu endere\u00e7o de e-mail e siga o link no e-mail. Agora pode criar uma nova palavra-passe. A sua conta ser\u00e1 restaurada e poder\u00e1 iniciar sess\u00e3o novamente.<\/p>\n<h3>Que informa\u00e7\u00f5es preciso de fornecer para registar uma conta?<\/h3>\n<p>Para registar uma conta no Gangstasino, forne\u00e7a o seu nome completo, um endere\u00e7o de e-mail v\u00e1lido e uma palavra-passe. Deve confirmar que tem mais de 18 anos e aceitar os nossos Termos de Utiliza\u00e7\u00e3o.<\/p>\n<h3>Por que estou com dificuldades para iniciar sess\u00e3o na minha conta?<\/h3>\n<p>Podem ocorrer problemas de login no Gangstasino se as suas credenciais forem introduzidas incorretamente ou se a sua conta n\u00e3o tiver sido verificada. Certifique-se de que o seu endere\u00e7o de e-mail e palavra-passe est\u00e3o corretos. Se estiverem, redefina a sua palavra-passe e verifique o seu e-mail para ver se h\u00e1 mensagens de ativa\u00e7\u00e3o ou confirma\u00e7\u00e3o de seguran\u00e7a do Gangsta Sino.<\/p>\n<\/div><\/div><\/p>\n","protected":false},"excerpt":{"rendered":"<p>In\u00edcio de sess\u00e3o e registo de conta no Gangstasino Antes de utilizar as funcionalidades do nosso casino, todos os utilizadores devem criar uma conta. Para o ajudar a saber tudo sobre este processo, cri\u00e1mos o separador de Gangstasino login. Apenas os utilizadores registados podem aceder aos seus perfis, fazer dep\u00f3sitos e come\u00e7ar a jogar. Os [&hellip;]<\/p>\n","protected":false},"author":1,"featured_media":0,"parent":0,"menu_order":0,"comment_status":"closed","ping_status":"closed","template":"template-builder.php","meta":{"_acf_changed":false,"inline_featured_image":false,"footnotes":""},"class_list":["post-1797","page","type-page","status-publish","hentry"],"acf":[],"yoast_head":"<!-- This site is optimized with the Yoast SEO plugin v27.3 - https:\/\/yoast.com\/product\/yoast-seo-wordpress\/ -->\n<title>Gangstasino Login | Cadastro e Gerenciamento de Conta<\/title>\n<meta name=\"description\" content=\"Use seu Gangsta Sino login para acessar sua conta com seguran\u00e7a, gerenciar dep\u00f3sitos e consultar seu hist\u00f3rico de jogo. Novos usu\u00e1rios podem criar uma conta em instantes. Entre ou cadastre-se agora!\" \/>\n<meta name=\"robots\" content=\"index, follow, max-snippet:-1, max-image-preview:large, max-video-preview:-1\" \/>\n<link rel=\"canonical\" href=\"https:\/\/gangstasino.org\/pt-pt\/inicio-de-sessao-e-registo\/\" \/>\n<meta property=\"og:locale\" content=\"pt_PT\" \/>\n<meta property=\"og:type\" content=\"article\" \/>\n<meta property=\"og:title\" content=\"Gangstasino Login | Cadastro e Gerenciamento de Conta\" \/>\n<meta property=\"og:description\" content=\"Use seu Gangsta Sino login para acessar sua conta com seguran\u00e7a, gerenciar dep\u00f3sitos e consultar seu hist\u00f3rico de jogo. Novos usu\u00e1rios podem criar uma conta em instantes. Entre ou cadastre-se agora!\" \/>\n<meta property=\"og:url\" content=\"https:\/\/gangstasino.org\/pt-pt\/inicio-de-sessao-e-registo\/\" \/>\n<meta property=\"og:site_name\" content=\"Gangstasino\" \/>\n<meta property=\"article:modified_time\" content=\"2025-11-12T10:28:01+00:00\" \/>\n<meta name=\"twitter:card\" content=\"summary_large_image\" \/>\n<meta name=\"twitter:label1\" content=\"Est. reading time\" \/>\n\t<meta name=\"twitter:data1\" content=\"1 minuto\" \/>\n<script type=\"application\/ld+json\" class=\"yoast-schema-graph\">{\"@context\":\"https:\\\/\\\/schema.org\",\"@graph\":[{\"@type\":\"WebPage\",\"@id\":\"https:\\\/\\\/gangstasino.org\\\/pt-pt\\\/inicio-de-sessao-e-registo\\\/\",\"url\":\"https:\\\/\\\/gangstasino.org\\\/pt-pt\\\/inicio-de-sessao-e-registo\\\/\",\"name\":\"Gangstasino Login | Cadastro e Gerenciamento de Conta\",\"isPartOf\":{\"@id\":\"https:\\\/\\\/gangstasino.org\\\/pt-pt\\\/#website\"},\"datePublished\":\"2025-11-12T07:03:23+00:00\",\"dateModified\":\"2025-11-12T10:28:01+00:00\",\"description\":\"Use seu Gangsta Sino login para acessar sua conta com seguran\u00e7a, gerenciar dep\u00f3sitos e consultar seu hist\u00f3rico de jogo. Novos usu\u00e1rios podem criar uma conta em instantes. Entre ou cadastre-se agora!\",\"breadcrumb\":{\"@id\":\"https:\\\/\\\/gangstasino.org\\\/pt-pt\\\/inicio-de-sessao-e-registo\\\/#breadcrumb\"},\"inLanguage\":\"pt-PT\",\"potentialAction\":[{\"@type\":\"ReadAction\",\"target\":[\"https:\\\/\\\/gangstasino.org\\\/pt-pt\\\/inicio-de-sessao-e-registo\\\/\"]}]},{\"@type\":\"BreadcrumbList\",\"@id\":\"https:\\\/\\\/gangstasino.org\\\/pt-pt\\\/inicio-de-sessao-e-registo\\\/#breadcrumb\",\"itemListElement\":[{\"@type\":\"ListItem\",\"position\":1,\"name\":\"Gangstasino\",\"item\":\"https:\\\/\\\/gangstasino.org\\\/pt-pt\\\/\"},{\"@type\":\"ListItem\",\"position\":2,\"name\":\"In\u00edcio de sess\u00e3o e registo\"}]},{\"@type\":\"WebSite\",\"@id\":\"https:\\\/\\\/gangstasino.org\\\/pt-pt\\\/#website\",\"url\":\"https:\\\/\\\/gangstasino.org\\\/pt-pt\\\/\",\"name\":\"Gangstasino\",\"description\":\"\",\"publisher\":{\"@id\":\"https:\\\/\\\/gangstasino.org\\\/pt-pt\\\/#organization\"},\"potentialAction\":[{\"@type\":\"SearchAction\",\"target\":{\"@type\":\"EntryPoint\",\"urlTemplate\":\"https:\\\/\\\/gangstasino.org\\\/pt-pt\\\/?s={search_term_string}\"},\"query-input\":{\"@type\":\"PropertyValueSpecification\",\"valueRequired\":true,\"valueName\":\"search_term_string\"}}],\"inLanguage\":\"pt-PT\"},{\"@type\":\"Organization\",\"@id\":\"https:\\\/\\\/gangstasino.org\\\/pt-pt\\\/#organization\",\"name\":\"Gangstasino\",\"url\":\"https:\\\/\\\/gangstasino.org\\\/pt-pt\\\/\",\"logo\":{\"@type\":\"ImageObject\",\"inLanguage\":\"pt-PT\",\"@id\":\"https:\\\/\\\/gangstasino.org\\\/pt-pt\\\/#\\\/schema\\\/logo\\\/image\\\/\",\"url\":\"https:\\\/\\\/gangstasino.org\\\/wp-content\\\/uploads\\\/2025\\\/08\\\/80u1FaquEZeR6OUTeJCc.png\",\"contentUrl\":\"https:\\\/\\\/gangstasino.org\\\/wp-content\\\/uploads\\\/2025\\\/08\\\/80u1FaquEZeR6OUTeJCc.png\",\"width\":152,\"height\":35,\"caption\":\"Gangstasino\"},\"image\":{\"@id\":\"https:\\\/\\\/gangstasino.org\\\/pt-pt\\\/#\\\/schema\\\/logo\\\/image\\\/\"}}]}<\/script>\n<!-- \/ Yoast SEO plugin. -->","yoast_head_json":{"title":"Gangstasino Login | Cadastro e Gerenciamento de Conta","description":"Use seu Gangsta Sino login para acessar sua conta com seguran\u00e7a, gerenciar dep\u00f3sitos e consultar seu hist\u00f3rico de jogo. Novos usu\u00e1rios podem criar uma conta em instantes. Entre ou cadastre-se agora!","robots":{"index":"index","follow":"follow","max-snippet":"max-snippet:-1","max-image-preview":"max-image-preview:large","max-video-preview":"max-video-preview:-1"},"canonical":"https:\/\/gangstasino.org\/pt-pt\/inicio-de-sessao-e-registo\/","og_locale":"pt_PT","og_type":"article","og_title":"Gangstasino Login | Cadastro e Gerenciamento de Conta","og_description":"Use seu Gangsta Sino login para acessar sua conta com seguran\u00e7a, gerenciar dep\u00f3sitos e consultar seu hist\u00f3rico de jogo. Novos usu\u00e1rios podem criar uma conta em instantes. Entre ou cadastre-se agora!","og_url":"https:\/\/gangstasino.org\/pt-pt\/inicio-de-sessao-e-registo\/","og_site_name":"Gangstasino","article_modified_time":"2025-11-12T10:28:01+00:00","twitter_card":"summary_large_image","twitter_misc":{"Est. reading time":"1 minuto"},"schema":{"@context":"https:\/\/schema.org","@graph":[{"@type":"WebPage","@id":"https:\/\/gangstasino.org\/pt-pt\/inicio-de-sessao-e-registo\/","url":"https:\/\/gangstasino.org\/pt-pt\/inicio-de-sessao-e-registo\/","name":"Gangstasino Login | Cadastro e Gerenciamento de Conta","isPartOf":{"@id":"https:\/\/gangstasino.org\/pt-pt\/#website"},"datePublished":"2025-11-12T07:03:23+00:00","dateModified":"2025-11-12T10:28:01+00:00","description":"Use seu Gangsta Sino login para acessar sua conta com seguran\u00e7a, gerenciar dep\u00f3sitos e consultar seu hist\u00f3rico de jogo. Novos usu\u00e1rios podem criar uma conta em instantes. Entre ou cadastre-se agora!","breadcrumb":{"@id":"https:\/\/gangstasino.org\/pt-pt\/inicio-de-sessao-e-registo\/#breadcrumb"},"inLanguage":"pt-PT","potentialAction":[{"@type":"ReadAction","target":["https:\/\/gangstasino.org\/pt-pt\/inicio-de-sessao-e-registo\/"]}]},{"@type":"BreadcrumbList","@id":"https:\/\/gangstasino.org\/pt-pt\/inicio-de-sessao-e-registo\/#breadcrumb","itemListElement":[{"@type":"ListItem","position":1,"name":"Gangstasino","item":"https:\/\/gangstasino.org\/pt-pt\/"},{"@type":"ListItem","position":2,"name":"In\u00edcio de sess\u00e3o e registo"}]},{"@type":"WebSite","@id":"https:\/\/gangstasino.org\/pt-pt\/#website","url":"https:\/\/gangstasino.org\/pt-pt\/","name":"Gangstasino","description":"","publisher":{"@id":"https:\/\/gangstasino.org\/pt-pt\/#organization"},"potentialAction":[{"@type":"SearchAction","target":{"@type":"EntryPoint","urlTemplate":"https:\/\/gangstasino.org\/pt-pt\/?s={search_term_string}"},"query-input":{"@type":"PropertyValueSpecification","valueRequired":true,"valueName":"search_term_string"}}],"inLanguage":"pt-PT"},{"@type":"Organization","@id":"https:\/\/gangstasino.org\/pt-pt\/#organization","name":"Gangstasino","url":"https:\/\/gangstasino.org\/pt-pt\/","logo":{"@type":"ImageObject","inLanguage":"pt-PT","@id":"https:\/\/gangstasino.org\/pt-pt\/#\/schema\/logo\/image\/","url":"https:\/\/gangstasino.org\/wp-content\/uploads\/2025\/08\/80u1FaquEZeR6OUTeJCc.png","contentUrl":"https:\/\/gangstasino.org\/wp-content\/uploads\/2025\/08\/80u1FaquEZeR6OUTeJCc.png","width":152,"height":35,"caption":"Gangstasino"},"image":{"@id":"https:\/\/gangstasino.org\/pt-pt\/#\/schema\/logo\/image\/"}}]}},"_links":{"self":[{"href":"https:\/\/gangstasino.org\/pt-pt\/wp-json\/wp\/v2\/pages\/1797","targetHints":{"allow":["GET"]}}],"collection":[{"href":"https:\/\/gangstasino.org\/pt-pt\/wp-json\/wp\/v2\/pages"}],"about":[{"href":"https:\/\/gangstasino.org\/pt-pt\/wp-json\/wp\/v2\/types\/page"}],"author":[{"embeddable":true,"href":"https:\/\/gangstasino.org\/pt-pt\/wp-json\/wp\/v2\/users\/1"}],"replies":[{"embeddable":true,"href":"https:\/\/gangstasino.org\/pt-pt\/wp-json\/wp\/v2\/comments?post=1797"}],"version-history":[{"count":2,"href":"https:\/\/gangstasino.org\/pt-pt\/wp-json\/wp\/v2\/pages\/1797\/revisions"}],"predecessor-version":[{"id":2162,"href":"https:\/\/gangstasino.org\/pt-pt\/wp-json\/wp\/v2\/pages\/1797\/revisions\/2162"}],"wp:attachment":[{"href":"https:\/\/gangstasino.org\/pt-pt\/wp-json\/wp\/v2\/media?parent=1797"}],"curies":[{"name":"wp","href":"https:\/\/api.w.org\/{rel}","templated":true}]}}